{"id":10449,"date":"2024-03-21T16:05:23","date_gmt":"2024-03-21T15:05:23","guid":{"rendered":"https:\/\/www.campingborepo.fr\/hebben\/visiter-villeveyrac\/"},"modified":"2024-06-27T10:30:51","modified_gmt":"2024-06-27T08:30:51","slug":"bezoek-villeveyrac","status":"publish","type":"page","link":"https:\/\/www.campingborepo.fr\/nl\/hebben\/bezoek-villeveyrac\/","title":{"rendered":"Bezoek Villeveyrac"},"content":{"rendered":"<div class=\"bloc-texte full\"><div class=\"texte left\"><p>Droomt u van een verfrissende vakantie in Zuid-Frankrijk? Ga naar het departement H\u00e9rault in Occitanie, waar u vele authentieke dorpjes en stadjes vindt, ideaal om even weg te zijn van de drukte van de grote steden. Een bezoek aan Villeveyrac mag tijdens uw verblijf niet ontbreken. Van de abdij van Sainte-Marie de Valmagne tot het Domaine de Roquemale, er is voor elk wat wils: liefhebbers van geschiedenis, liefhebbers van gastronomie en natuurliefhebbers. Als u door de stad slentert, kunt u ook geweldige ontdekkingen doen. Borepo, camping in Villeveyrac in de H\u00e9rault, biedt u een vakantie vol verwondering.<\/p>\n<\/div><\/div>\n\n<div class=\"text-image-new style1 image-right background-marron\"><div class=\"text-image-new-colonne\"><H2 class=\"text-image-new-titre\">Reis 900 jaar terug: bezoek de abdij van Valmagne<\/H2><div class=\"text-image-new-content\"><p>Maak een echte sprong terug in de tijd tijdens uw verblijf in Villeveyrac door de abdij van Sainte-Marie de Valmagne te ontdekken, een cisterci\u00ebnzer abdij opgericht in 1139 door Raymond Trencavel, burggraaf van de gemeente B\u00e9ziers. Een bezoek aan deze site die religie en oenologie combineert, biedt u een unieke ervaring in de H\u00e9rault!<\/p>\n<p>Naast het ontdekken van de uitzonderlijke architectuur, begeleid door een gids of vrij, biedt uw toegangsticket u nog andere voordelen:<\/p>\n<ul>\n<li>Wijnproeverij van het landgoed Valmagne<\/li>\n<li>Toegang tot de serre van de druivensoort<\/li>\n<li>Verkenning van het wijnmuseum, La Porterie<\/li>\n<li>Ontdekking van de middeleeuwse tuin en zijn plantages<\/li>\n<li>Toegang tot de tijdelijke tentoonstellingen van de abdij<\/li>\n<\/ul>\n<p>Openingstijden abdij (informatie vanaf maart 2024):<\/p>\n<ul>\n<li>April &#8211; september: dinsdag t\/m zondag van 10.00 tot 19.00 uur<\/li>\n<li>Oktober &#8211; april: dinsdag tot en met vrijdag van 14.00 tot 18.00 uur; van 10.00 tot 18.00 uur zaterdag en zondag<\/li>\n<\/ul>\n<\/div><\/div><div class=\"text-image-new-colonne\"><img decoding=\"async\" src=\"https:\/\/www.campingborepo.fr\/wp-content\/uploads\/2024\/03\/abbaye-valmagne-villeveyrac.jpg\" alt=\"Abdij van Valmagne\" class=\"text-image-new-thumb\" \/><\/div><\/div>\n\n<div class=\"text-image-new style1 image-left\"><div class=\"text-image-new-colonne\"><H2 class=\"text-image-new-titre\">Verwen uw smaakpapillen: tussenstop bij de Ferme des Saveurs<\/H2><div class=\"text-image-new-content\"><p>Een bezoek aan Villeveyrac laat u genieten van historische maar ook gastronomische ontdekkingen. Kom naar La Ferme des Saveurs en trakteer uzelf op biologische producten die ter plaatse worden bereid: kazen en vleeswaren. De Boerderij heeft ook gratis en leuke activiteiten voor u in petto. Je kunt zien hoe de geiten worden gemolken, de kuddes zien vertrekken en de plaats bezoeken. Het personeel staat tot uw beschikking om al uw vragen te beantwoorden. Ga naar de Loupian Road voor deze gastronomische en vriendelijke ervaring!<\/p>\n<\/div><\/div><div class=\"text-image-new-colonne\"><img decoding=\"async\" src=\"https:\/\/www.campingborepo.fr\/wp-content\/uploads\/2024\/03\/ferme-des-saveurs.jpg\" alt=\"Smaakboerderij\" class=\"text-image-new-thumb\" \/><\/div><\/div>\n\n<div class=\"text-image-new style1 image-right background-marron\"><div class=\"text-image-new-colonne\"><H2 class=\"text-image-new-titre\">Proef uitzonderlijke wijnen: ontdekking van Domaine de Roquemale<\/H2><div class=\"text-image-new-content\"><p>Hoe kun je tijdens je bezoek aan Villeveyrac het terroir ontdekken, anders dan door jezelf te trakteren op het vlees en de kazen van Ferme des Saveurs? Door de authentieke wijnen te proeven die worden aangeboden door Domaine de Roquemale, opgericht in 2001 door Val\u00e9rie en Dominique Ibanez. Deze twee lokale enthousiastelingen verwelkomen u (informatie vanaf maart 2024) tussen september en juni op afspraak en van dinsdag tot zaterdag in juli en augustus, van 10.00 tot 12.00 uur. U vindt er allerlei soorten AOC- en IGP-wijnen: witte wijnen, rode wijnen&#8230;<\/p>\n<\/div><\/div><div class=\"text-image-new-colonne\"><img decoding=\"async\" src=\"https:\/\/www.campingborepo.fr\/wp-content\/uploads\/2024\/03\/degustation-vin-chateau-villeveyrac.jpg\" alt=\"Domaine de Roquemale-wijn\" class=\"text-image-new-thumb\" \/><\/div><\/div>\n\n<div class=\"text-image-new style1 image-left\"><div class=\"text-image-new-colonne\"><H2 class=\"text-image-new-titre\">Bewonder de buurt van Villeveyrac: wandeling in de H\u00e9rault<\/H2><div class=\"text-image-new-content\"><p>Bent u klaar met uw bezoek aan Villeveyrac, de abdij van Valmagne, Ferme des Saveurs en Domaine de Roquemale? Het is tijd om de stad te verlaten om de H\u00e9rault te bezoeken en te genieten van de andere niet te missen bestemmingen. Wandel door S\u00e8te en de bovenstad, geniet van een bijzondere wandeling aan het Etang de Thau, vermaak je op de stranden van Frontignan of Cap d&#8217;Agde en wandel door Saint-Guilhem-le-D\u00e9sert, een ongelooflijk middeleeuws stadje.<\/p>\n<p>Als u Villeveyrac bezoekt, kunt u genieten van een tijdloze dag, gesust door een uitzonderlijk historisch en gastronomisch erfgoed, maar dat is nog niet alles! Een verblijf in dit dorp in de H\u00e9rault is een open deur voor het hele toerisme in de Languedoc Roussillon! Of u nu van plan bent er een week of langer te blijven, u zult zich niet vervelen. Elke dag profiteert u van een ander bezoek: Saint-Guilhem-le-D\u00e9sert, Montpellier, Balaruc-les-Bains, P\u00e9zenas, Frontignan, Bouzigues\u2026<\/p>\n<\/div><\/div><div class=\"text-image-new-colonne\"><img decoding=\"async\" src=\"https:\/\/www.campingborepo.fr\/wp-content\/uploads\/2024\/03\/tourisme-herault.jpg\" alt=\"herault toerisme\" class=\"text-image-new-thumb\" \/><\/div><\/div>","protected":false},"excerpt":{"rendered":"","protected":false},"author":5,"featured_media":10451,"parent":10337,"menu_order":0,"comment_status":"closed","ping_status":"closed","template":"","meta":{"_acf_changed":false,"footnotes":""},"class_list":["post-10449","page","type-page","status-publish","has-post-thumbnail","hentry"],"acf":[],"yoast_head":"<!-- This site is optimized with the Yoast SEO plugin v27.3 - https:\/\/yoast.com\/product\/yoast-seo-wordpress\/ -->\n<title>Villeveyrac: bezoek de stad Villeveyrac in de H\u00e9rault: advies en bezoeken<\/title>\n<meta name=\"description\" content=\"Ontdek Villeveyrac, een charmant dorpje in Occitanie, gelegen in de H\u00e9rault. Tussen de cisterci\u00ebnzerabdij van Valmagne, proeverijen bij de Ferme des Saveurs en de wijnen van Domaine de Roquemale belooft Villeveyrac een verrijkend uitje.\" \/>\n<meta name=\"robots\" content=\"index, follow, max-snippet:-1, max-image-preview:large, max-video-preview:-1\" \/>\n<link rel=\"canonical\" href=\"https:\/\/www.campingborepo.fr\/nl\/hebben\/bezoek-villeveyrac\/\" \/>\n<meta property=\"og:locale\" content=\"nl_NL\" \/>\n<meta property=\"og:type\" content=\"article\" \/>\n<meta property=\"og:title\" content=\"Villeveyrac: bezoek de stad Villeveyrac in de H\u00e9rault: advies en bezoeken\" \/>\n<meta property=\"og:description\" content=\"Ontdek Villeveyrac, een charmant dorpje in Occitanie, gelegen in de H\u00e9rault. Tussen de cisterci\u00ebnzerabdij van Valmagne, proeverijen bij de Ferme des Saveurs en de wijnen van Domaine de Roquemale belooft Villeveyrac een verrijkend uitje.\" \/>\n<meta property=\"og:url\" content=\"https:\/\/www.campingborepo.fr\/nl\/hebben\/bezoek-villeveyrac\/\" \/>\n<meta property=\"og:site_name\" content=\"Camping Borepo\" \/>\n<meta property=\"article:modified_time\" content=\"2024-06-27T08:30:51+00:00\" \/>\n<meta property=\"og:image\" content=\"https:\/\/www.campingborepo.fr\/wp-content\/uploads\/2024\/03\/visiter-villeveyrac.jpg\" \/>\n\t<meta property=\"og:image:width\" content=\"1500\" \/>\n\t<meta property=\"og:image:height\" content=\"760\" \/>\n\t<meta property=\"og:image:type\" content=\"image\/jpeg\" \/>\n<meta name=\"twitter:card\" content=\"summary_large_image\" \/>\n<meta name=\"twitter:label1\" content=\"Geschatte leestijd\" \/>\n\t<meta name=\"twitter:data1\" content=\"1 minuut\" \/>\n<script type=\"application\/ld+json\" class=\"yoast-schema-graph\">{\"@context\":\"https:\\\/\\\/schema.org\",\"@graph\":[{\"@type\":\"WebPage\",\"@id\":\"https:\\\/\\\/www.campingborepo.fr\\\/nl\\\/hebben\\\/bezoek-villeveyrac\\\/\",\"url\":\"https:\\\/\\\/www.campingborepo.fr\\\/nl\\\/hebben\\\/bezoek-villeveyrac\\\/\",\"name\":\"Villeveyrac: bezoek de stad Villeveyrac in de H\u00e9rault: advies en bezoeken\",\"isPartOf\":{\"@id\":\"https:\\\/\\\/www.campingborepo.fr\\\/nl\\\/#website\"},\"primaryImageOfPage\":{\"@id\":\"https:\\\/\\\/www.campingborepo.fr\\\/nl\\\/hebben\\\/bezoek-villeveyrac\\\/#primaryimage\"},\"image\":{\"@id\":\"https:\\\/\\\/www.campingborepo.fr\\\/nl\\\/hebben\\\/bezoek-villeveyrac\\\/#primaryimage\"},\"thumbnailUrl\":\"https:\\\/\\\/www.campingborepo.fr\\\/wp-content\\\/uploads\\\/2024\\\/03\\\/visiter-villeveyrac.jpg\",\"datePublished\":\"2024-03-21T15:05:23+00:00\",\"dateModified\":\"2024-06-27T08:30:51+00:00\",\"description\":\"Ontdek Villeveyrac, een charmant dorpje in Occitanie, gelegen in de H\u00e9rault. Tussen de cisterci\u00ebnzerabdij van Valmagne, proeverijen bij de Ferme des Saveurs en de wijnen van Domaine de Roquemale belooft Villeveyrac een verrijkend uitje.\",\"breadcrumb\":{\"@id\":\"https:\\\/\\\/www.campingborepo.fr\\\/nl\\\/hebben\\\/bezoek-villeveyrac\\\/#breadcrumb\"},\"inLanguage\":\"nl-NL\",\"potentialAction\":[{\"@type\":\"ReadAction\",\"target\":[\"https:\\\/\\\/www.campingborepo.fr\\\/nl\\\/hebben\\\/bezoek-villeveyrac\\\/\"]}]},{\"@type\":\"ImageObject\",\"inLanguage\":\"nl-NL\",\"@id\":\"https:\\\/\\\/www.campingborepo.fr\\\/nl\\\/hebben\\\/bezoek-villeveyrac\\\/#primaryimage\",\"url\":\"https:\\\/\\\/www.campingborepo.fr\\\/wp-content\\\/uploads\\\/2024\\\/03\\\/visiter-villeveyrac.jpg\",\"contentUrl\":\"https:\\\/\\\/www.campingborepo.fr\\\/wp-content\\\/uploads\\\/2024\\\/03\\\/visiter-villeveyrac.jpg\",\"width\":1500,\"height\":760},{\"@type\":\"BreadcrumbList\",\"@id\":\"https:\\\/\\\/www.campingborepo.fr\\\/nl\\\/hebben\\\/bezoek-villeveyrac\\\/#breadcrumb\",\"itemListElement\":[{\"@type\":\"ListItem\",\"position\":1,\"name\":\"Camping 3 \u00e9toiles H\u00e9rault\",\"item\":\"https:\\\/\\\/www.campingborepo.fr\\\/nl\\\/\"},{\"@type\":\"ListItem\",\"position\":2,\"name\":\"Wat is er te zien en te doen in de H\u00e9rault?\",\"item\":\"https:\\\/\\\/www.campingborepo.fr\\\/nl\\\/hebben\\\/\"},{\"@type\":\"ListItem\",\"position\":3,\"name\":\"Ontdek de stad Villeveyrac\"}]},{\"@type\":\"WebSite\",\"@id\":\"https:\\\/\\\/www.campingborepo.fr\\\/nl\\\/#website\",\"url\":\"https:\\\/\\\/www.campingborepo.fr\\\/nl\\\/\",\"name\":\"Camping Borepo\",\"description\":\"\",\"publisher\":{\"@id\":\"https:\\\/\\\/www.campingborepo.fr\\\/nl\\\/#organization\"},\"potentialAction\":[{\"@type\":\"SearchAction\",\"target\":{\"@type\":\"EntryPoint\",\"urlTemplate\":\"https:\\\/\\\/www.campingborepo.fr\\\/nl\\\/?s={search_term_string}\"},\"query-input\":{\"@type\":\"PropertyValueSpecification\",\"valueRequired\":true,\"valueName\":\"search_term_string\"}}],\"inLanguage\":\"nl-NL\"},{\"@type\":\"Organization\",\"@id\":\"https:\\\/\\\/www.campingborepo.fr\\\/nl\\\/#organization\",\"name\":\"Camping Borepo\",\"url\":\"https:\\\/\\\/www.campingborepo.fr\\\/nl\\\/\",\"logo\":{\"@type\":\"ImageObject\",\"inLanguage\":\"nl-NL\",\"@id\":\"https:\\\/\\\/www.campingborepo.fr\\\/nl\\\/#\\\/schema\\\/logo\\\/image\\\/\",\"url\":\"https:\\\/\\\/www.campingborepo.fr\\\/wp-content\\\/uploads\\\/2024\\\/01\\\/logo-nature-residences-loisirs.png\",\"contentUrl\":\"https:\\\/\\\/www.campingborepo.fr\\\/wp-content\\\/uploads\\\/2024\\\/01\\\/logo-nature-residences-loisirs.png\",\"width\":300,\"height\":134,\"caption\":\"Camping Borepo\"},\"image\":{\"@id\":\"https:\\\/\\\/www.campingborepo.fr\\\/nl\\\/#\\\/schema\\\/logo\\\/image\\\/\"}}]}<\/script>\n<!-- \/ Yoast SEO plugin. -->","yoast_head_json":{"title":"Villeveyrac: bezoek de stad Villeveyrac in de H\u00e9rault: advies en bezoeken","description":"Ontdek Villeveyrac, een charmant dorpje in Occitanie, gelegen in de H\u00e9rault. Tussen de cisterci\u00ebnzerabdij van Valmagne, proeverijen bij de Ferme des Saveurs en de wijnen van Domaine de Roquemale belooft Villeveyrac een verrijkend uitje.","robots":{"index":"index","follow":"follow","max-snippet":"max-snippet:-1","max-image-preview":"max-image-preview:large","max-video-preview":"max-video-preview:-1"},"canonical":"https:\/\/www.campingborepo.fr\/nl\/hebben\/bezoek-villeveyrac\/","og_locale":"nl_NL","og_type":"article","og_title":"Villeveyrac: bezoek de stad Villeveyrac in de H\u00e9rault: advies en bezoeken","og_description":"Ontdek Villeveyrac, een charmant dorpje in Occitanie, gelegen in de H\u00e9rault. Tussen de cisterci\u00ebnzerabdij van Valmagne, proeverijen bij de Ferme des Saveurs en de wijnen van Domaine de Roquemale belooft Villeveyrac een verrijkend uitje.","og_url":"https:\/\/www.campingborepo.fr\/nl\/hebben\/bezoek-villeveyrac\/","og_site_name":"Camping Borepo","article_modified_time":"2024-06-27T08:30:51+00:00","og_image":[{"width":1500,"height":760,"url":"https:\/\/www.campingborepo.fr\/wp-content\/uploads\/2024\/03\/visiter-villeveyrac.jpg","type":"image\/jpeg"}],"twitter_card":"summary_large_image","twitter_misc":{"Geschatte leestijd":"1 minuut"},"schema":{"@context":"https:\/\/schema.org","@graph":[{"@type":"WebPage","@id":"https:\/\/www.campingborepo.fr\/nl\/hebben\/bezoek-villeveyrac\/","url":"https:\/\/www.campingborepo.fr\/nl\/hebben\/bezoek-villeveyrac\/","name":"Villeveyrac: bezoek de stad Villeveyrac in de H\u00e9rault: advies en bezoeken","isPartOf":{"@id":"https:\/\/www.campingborepo.fr\/nl\/#website"},"primaryImageOfPage":{"@id":"https:\/\/www.campingborepo.fr\/nl\/hebben\/bezoek-villeveyrac\/#primaryimage"},"image":{"@id":"https:\/\/www.campingborepo.fr\/nl\/hebben\/bezoek-villeveyrac\/#primaryimage"},"thumbnailUrl":"https:\/\/www.campingborepo.fr\/wp-content\/uploads\/2024\/03\/visiter-villeveyrac.jpg","datePublished":"2024-03-21T15:05:23+00:00","dateModified":"2024-06-27T08:30:51+00:00","description":"Ontdek Villeveyrac, een charmant dorpje in Occitanie, gelegen in de H\u00e9rault. Tussen de cisterci\u00ebnzerabdij van Valmagne, proeverijen bij de Ferme des Saveurs en de wijnen van Domaine de Roquemale belooft Villeveyrac een verrijkend uitje.","breadcrumb":{"@id":"https:\/\/www.campingborepo.fr\/nl\/hebben\/bezoek-villeveyrac\/#breadcrumb"},"inLanguage":"nl-NL","potentialAction":[{"@type":"ReadAction","target":["https:\/\/www.campingborepo.fr\/nl\/hebben\/bezoek-villeveyrac\/"]}]},{"@type":"ImageObject","inLanguage":"nl-NL","@id":"https:\/\/www.campingborepo.fr\/nl\/hebben\/bezoek-villeveyrac\/#primaryimage","url":"https:\/\/www.campingborepo.fr\/wp-content\/uploads\/2024\/03\/visiter-villeveyrac.jpg","contentUrl":"https:\/\/www.campingborepo.fr\/wp-content\/uploads\/2024\/03\/visiter-villeveyrac.jpg","width":1500,"height":760},{"@type":"BreadcrumbList","@id":"https:\/\/www.campingborepo.fr\/nl\/hebben\/bezoek-villeveyrac\/#breadcrumb","itemListElement":[{"@type":"ListItem","position":1,"name":"Camping 3 \u00e9toiles H\u00e9rault","item":"https:\/\/www.campingborepo.fr\/nl\/"},{"@type":"ListItem","position":2,"name":"Wat is er te zien en te doen in de H\u00e9rault?","item":"https:\/\/www.campingborepo.fr\/nl\/hebben\/"},{"@type":"ListItem","position":3,"name":"Ontdek de stad Villeveyrac"}]},{"@type":"WebSite","@id":"https:\/\/www.campingborepo.fr\/nl\/#website","url":"https:\/\/www.campingborepo.fr\/nl\/","name":"Camping Borepo","description":"","publisher":{"@id":"https:\/\/www.campingborepo.fr\/nl\/#organization"},"potentialAction":[{"@type":"SearchAction","target":{"@type":"EntryPoint","urlTemplate":"https:\/\/www.campingborepo.fr\/nl\/?s={search_term_string}"},"query-input":{"@type":"PropertyValueSpecification","valueRequired":true,"valueName":"search_term_string"}}],"inLanguage":"nl-NL"},{"@type":"Organization","@id":"https:\/\/www.campingborepo.fr\/nl\/#organization","name":"Camping Borepo","url":"https:\/\/www.campingborepo.fr\/nl\/","logo":{"@type":"ImageObject","inLanguage":"nl-NL","@id":"https:\/\/www.campingborepo.fr\/nl\/#\/schema\/logo\/image\/","url":"https:\/\/www.campingborepo.fr\/wp-content\/uploads\/2024\/01\/logo-nature-residences-loisirs.png","contentUrl":"https:\/\/www.campingborepo.fr\/wp-content\/uploads\/2024\/01\/logo-nature-residences-loisirs.png","width":300,"height":134,"caption":"Camping Borepo"},"image":{"@id":"https:\/\/www.campingborepo.fr\/nl\/#\/schema\/logo\/image\/"}}]}},"_links":{"self":[{"href":"https:\/\/www.campingborepo.fr\/nl\/wp-json\/wp\/v2\/pages\/10449","targetHints":{"allow":["GET"]}}],"collection":[{"href":"https:\/\/www.campingborepo.fr\/nl\/wp-json\/wp\/v2\/pages"}],"about":[{"href":"https:\/\/www.campingborepo.fr\/nl\/wp-json\/wp\/v2\/types\/page"}],"author":[{"embeddable":true,"href":"https:\/\/www.campingborepo.fr\/nl\/wp-json\/wp\/v2\/users\/5"}],"replies":[{"embeddable":true,"href":"https:\/\/www.campingborepo.fr\/nl\/wp-json\/wp\/v2\/comments?post=10449"}],"version-history":[{"count":2,"href":"https:\/\/www.campingborepo.fr\/nl\/wp-json\/wp\/v2\/pages\/10449\/revisions"}],"predecessor-version":[{"id":10478,"href":"https:\/\/www.campingborepo.fr\/nl\/wp-json\/wp\/v2\/pages\/10449\/revisions\/10478"}],"up":[{"embeddable":true,"href":"https:\/\/www.campingborepo.fr\/nl\/wp-json\/wp\/v2\/pages\/10337"}],"wp:featuredmedia":[{"embeddable":true,"href":"https:\/\/www.campingborepo.fr\/nl\/wp-json\/wp\/v2\/media\/10451"}],"wp:attachment":[{"href":"https:\/\/www.campingborepo.fr\/nl\/wp-json\/wp\/v2\/media?parent=10449"}],"curies":[{"name":"wp","href":"https:\/\/api.w.org\/{rel}","templated":true}]}}