{"id":10361,"date":"2024-03-21T16:22:25","date_gmt":"2024-03-21T15:22:25","guid":{"rendered":"https:\/\/www.campingborepo.fr\/hebben\/etang-de-thau\/"},"modified":"2024-06-27T09:59:49","modified_gmt":"2024-06-27T07:59:49","slug":"vijver-de-thau","status":"publish","type":"page","link":"https:\/\/www.campingborepo.fr\/nl\/hebben\/vijver-de-thau\/","title":{"rendered":"\u00c9tang de Thau: ontdekking van een uitzonderlijke lagune in de H\u00e9rault"},"content":{"rendered":"<div class=\"bloc-texte full\"><div class=\"texte left\"><p>Wil je even ontsnappen aan de dagelijkse beslommeringen? Occitanie biedt u rust en een aangenaam klimaat tijdens uw verblijf in de H\u00e9rault. Je ontdekt er vele wonderen zoals levendige stadjes (S\u00e8te, Marseillan, Balaruc-Le-Vieux, M\u00e8ze, Bouzigues, Frontignan&#8230;) en zonnige stranden. Mis geen tussenstop bij het Etang de Thau, de grootste lagune in de regio. 7.500 hectare, met een diepte van 4,5 tot 10 meter, wordt aan u onthuld tijdens uw wandelingen op de vijver, te voet of te paard. Bereid je voor om versteld te staan \u200b\u200ben te genieten! Ja, het Etang de Thau nodigt u uit om zijn emblematische oesters te proeven. Onze camping in Villeveyrac in de H\u00e9rault biedt u een overzicht van deze lagune!<\/p>\n<\/div><\/div>\n\n<div class=\"text-image-new style1 image-left\"><div class=\"text-image-new-colonne\"><H2 class=\"text-image-new-titre\">Van catamaranvissen: veel plezier met familie of vrienden op het Etang de Thau<\/H2><div class=\"text-image-new-content\"><p>Bied de hele kleine stam een \u200b\u200bemotioneel uitje in de H\u00e9rault. Daarom ? Ga naar het Etang de Thau voor een uitstapje naar een vijver die lachen en delen belooft. Verschillende watersportcentra verwelkomen u langs de lagune en bieden allerlei soorten activiteiten aan. Van een catamarantocht tot een middagje kajakken, u vindt zeker wat u zoekt, voor jong en oud! Vissers worden niet buiten beschouwing gelaten, aangezien het mogelijk is om te vissen in het hart van dit uitzonderlijke bassin. Het is aan u om de ideale jachthaven te kiezen om uw pier te lanceren: de haven van Bouzigues, M\u00e8ze of Marseillan.<\/p>\n<\/div><\/div><div class=\"text-image-new-colonne\"><img decoding=\"async\" src=\"https:\/\/www.campingborepo.fr\/wp-content\/uploads\/2024\/03\/activites-famille-etang-de-thau.jpg\" alt=\"Activiteiten in de vijver van Thau\" class=\"text-image-new-thumb\" \/><\/div><\/div>\n\n<div class=\"text-image-new style1 image-right background-marron\"><div class=\"text-image-new-colonne\"><H2 class=\"text-image-new-titre\">Waag een duik in het hart van een unieke lagune in de H\u00e9rault<\/H2><div class=\"text-image-new-content\"><p>Als er geen tekort is aan wateractiviteiten in het Thau-bekken, kunt u ook genieten van de ontspanning die deze lagune en zijn stranden u bieden. Onder de meest emblematische stukken fijn zand mogen we de stranden van La Tr\u00e9mie, La Pyramide, Thalassa en La Plagette niet vergeten. Elke kamer biedt perfecte faciliteiten voor uw comfort en plezier: toiletten, bars, restaurants en parken. Profiteer optimaal van dit gezinsuitje met de kinderen, die zich zeker zullen vermaken op het zand of in het doorschijnende water van de lagune. Misschien kunnen ze zelfs kleine zeepaardjes zien tijdens het zwemmen!<\/p>\n<\/div><\/div><div class=\"text-image-new-colonne\"><img decoding=\"async\" src=\"https:\/\/www.campingborepo.fr\/wp-content\/uploads\/2024\/03\/plongeon-etang-de-thau.jpg\" alt=\"duiken komt uit Thau\" class=\"text-image-new-thumb\" \/><\/div><\/div>\n\n<div class=\"text-image-new style1 image-left\"><div class=\"text-image-new-colonne\"><H2 class=\"text-image-new-titre\">Wandel langs het Etang de Thau<\/H2><div class=\"text-image-new-content\"><p>Houdt u van wandelen en rustgevende landschappen ontdekken? U zult genieten van een wandeling langs het Etang de Thau. Organiseer deze wandeling zoals jij dat wilt: te voet, te paard of op de fiets. Tussen de wandel- en fietspaden kan elke vakantieganger zijn wensen vervullen. En bovenal kunt u tijdens dit verblijf in de H\u00e9rault deze landschappen in uw eigen tempo bewonderen. Spreekt dit programma je aan? Ga naar een manege of fietsverhuur om plezier te hebben! Draag anders goede schoenen, pak een snack en ga op avontuur op de wandelpaden.<\/p>\n<\/div><\/div><div class=\"text-image-new-colonne\"><img decoding=\"async\" src=\"https:\/\/www.campingborepo.fr\/wp-content\/uploads\/2024\/03\/balade-etang-de-thau.jpg\" alt=\"Thau-vijverwandeling\" class=\"text-image-new-thumb\" \/><\/div><\/div>\n\n<div class=\"text-image-new style1 image-right background-marron\"><div class=\"text-image-new-colonne\"><H2 class=\"text-image-new-titre\">Proef de beroemde Bouzigues-oesters in het Etang de Thau<\/H2><div class=\"text-image-new-content\"><p>Neem na deze paar momenten van zwemmen of wandelen de tijd om uw kleine hongergevoel te stillen. En daarvoor hoef je niet ver weg, het Etang de Thau heeft wederom alles wat je nodig hebt. Je kunt er bijzondere oesters proeven. Deze worden met name aangeboden door Maison Tarbouriech, die een Solar Tide heeft opgezet. Dit getij heeft tot doel de Atlantische getijden na te bootsen. Het geeft de oesters een zacht en aangenaam vruchtvlees in de mond. U kunt deze proeverij compleet maken met een goed glas glas uit de wijndomeinen van de H\u00e9rault.<\/p>\n<\/div><\/div><div class=\"text-image-new-colonne\"><img decoding=\"async\" src=\"https:\/\/www.campingborepo.fr\/wp-content\/uploads\/2024\/03\/huitres-etang-de-thau.jpg\" alt=\"Oesters uit de Thau-vijver\" class=\"text-image-new-thumb\" \/><\/div><\/div>\n\n<div class=\"text-image-new style1 image-left\"><div class=\"text-image-new-colonne\"><H2 class=\"text-image-new-titre\">Bewonder de lagune vanaf Mont Saint-Clair<\/H2><div class=\"text-image-new-content\"><p>Bent u een romanticus in hart en nieren en droomt u van een panoramisch uitzicht op het Etang de Thau? Ga naar Mont Saint-Clair, waarvan de top een hoogte van 183 meter bereikt en het uitzonderlijke landschap van de H\u00e9rault onthult. Tijdens deze unieke wandeling staan \u200b\u200bprachtige foto&#8217;s van het Thau-bekken tot uw beschikking. Bovendien heb je niet alleen een adembenemend uitzicht op het Etang de Thau. U krijgt ook de gelegenheid om de Middellandse Zee en het struikgewas te bewonderen.<\/p>\n<\/div><\/div><div class=\"text-image-new-colonne\"><img decoding=\"async\" src=\"https:\/\/www.campingborepo.fr\/wp-content\/uploads\/2024\/03\/mont-saint-clair-etang-de-thau.jpg\" alt=\"Mont Saint Clair Etang de Thau\" class=\"text-image-new-thumb\" \/><\/div><\/div>\n\n<div class=\"text-image-new style1 image-right background-marron\"><div class=\"text-image-new-colonne\"><H2 class=\"text-image-new-titre\">Ontdek de steden in de buurt van het Thau-bekken<\/H2><div class=\"text-image-new-content\"><p>Of u nu heeft genoten van een wandeling, een paardrij- of fietstocht, een duik of een wateractiviteit op het Etang de Thau, vergeet niet uw uitje compleet te maken met de ontdekking van een nabijgelegen stadje. Als u graag door de winkels slentert, ijs eet en ontspant, zult u verleid worden door Balaruc-le-Vieux, Marseillan, S\u00e8te, Bouzigues of zelfs Frontignan. Elke bestemming omringt het Thau-bekken. Genoeg om een \u200b\u200bdag vol bezoek en emoties te organiseren!<\/p>\n<\/div><\/div><div class=\"text-image-new-colonne\"><img decoding=\"async\" src=\"https:\/\/www.campingborepo.fr\/wp-content\/uploads\/2024\/04\/tourisme-etang-de-thau.jpg\" alt=\"toerisme rond de Thau-vijver\" class=\"text-image-new-thumb\" \/><\/div><\/div>\n\n<div class=\"text-image-new style1 image-left\"><div class=\"text-image-new-colonne\"><H2 class=\"text-image-new-titre\">Waar kunt u verblijven om te genieten van de Thau-lagune?<\/H2><div class=\"text-image-new-content\"><p>Wat is de beste accommodatie-oplossing om ten volle te genieten van een bezoek aan de H\u00e9rault? Zeker kamperen! U profiteert niet alleen van een comfortabele huuraccommodatie, maar bovendien bieden deze etablissementen u activiteiten en entertainment om u tijdens uw vakantie bezig te houden! Kers op de taart: u krijgt de mogelijkheid om dicht bij de mooiste bestemmingen in de H\u00e9rault te verblijven, zoals het Etang de Thau en de omliggende steden. Dit is wat camping Borepo, deze camping vlakbij het Etang de Thau, u biedt! Ontdek nu onze accommodaties (inclusief onze stacaravanverhuur in de H\u00e9rault) en diensten!<\/p>\n<\/div><\/div><div class=\"text-image-new-colonne\"><img decoding=\"async\" src=\"https:\/\/www.campingborepo.fr\/wp-content\/uploads\/2024\/04\/location-camping-etang-de-thau.jpg\" alt=\"campingaccommodatie in de Thau-vijver\" class=\"text-image-new-thumb\" \/><\/div><\/div>","protected":false},"excerpt":{"rendered":"","protected":false},"author":5,"featured_media":10362,"parent":10337,"menu_order":0,"comment_status":"closed","ping_status":"closed","template":"","meta":{"_acf_changed":false,"footnotes":""},"class_list":["post-10361","page","type-page","status-publish","has-post-thumbnail","hentry"],"acf":[],"yoast_head":"<!-- This site is optimized with the Yoast SEO plugin v27.3 - https:\/\/yoast.com\/product\/yoast-seo-wordpress\/ -->\n<title>\u00c9tang de Thau in H\u00e9rault: activiteiten, wandelingen, ontspanning, oesters\u2026<\/title>\n<meta name=\"description\" content=\"Verken het \u00c9tang de Thau, de grootste lagune van de H\u00e9rault, en ontdek het via verschillende activiteiten: wandelingen, oesterproeverijen, stranden en meer... Ontdek het \u00c9tang de Thau en bereid uw verblijf voor met ons advies.\" \/>\n<meta name=\"robots\" content=\"index, follow, max-snippet:-1, max-image-preview:large, max-video-preview:-1\" \/>\n<link rel=\"canonical\" href=\"https:\/\/www.campingborepo.fr\/nl\/hebben\/vijver-de-thau\/\" \/>\n<meta property=\"og:locale\" content=\"nl_NL\" \/>\n<meta property=\"og:type\" content=\"article\" \/>\n<meta property=\"og:title\" content=\"\u00c9tang de Thau in H\u00e9rault: activiteiten, wandelingen, ontspanning, oesters\u2026\" \/>\n<meta property=\"og:description\" content=\"Verken het \u00c9tang de Thau, de grootste lagune van de H\u00e9rault, en ontdek het via verschillende activiteiten: wandelingen, oesterproeverijen, stranden en meer... Ontdek het \u00c9tang de Thau en bereid uw verblijf voor met ons advies.\" \/>\n<meta property=\"og:url\" content=\"https:\/\/www.campingborepo.fr\/nl\/hebben\/vijver-de-thau\/\" \/>\n<meta property=\"og:site_name\" content=\"Camping Borepo\" \/>\n<meta property=\"article:modified_time\" content=\"2024-06-27T07:59:49+00:00\" \/>\n<meta property=\"og:image\" content=\"https:\/\/www.campingborepo.fr\/wp-content\/uploads\/2024\/03\/etang-de-thau.jpg\" \/>\n\t<meta property=\"og:image:width\" content=\"1500\" \/>\n\t<meta property=\"og:image:height\" content=\"760\" \/>\n\t<meta property=\"og:image:type\" content=\"image\/jpeg\" \/>\n<meta name=\"twitter:card\" content=\"summary_large_image\" \/>\n<meta name=\"twitter:label1\" content=\"Geschatte leestijd\" \/>\n\t<meta name=\"twitter:data1\" content=\"1 minuut\" \/>\n<script type=\"application\/ld+json\" class=\"yoast-schema-graph\">{\"@context\":\"https:\\\/\\\/schema.org\",\"@graph\":[{\"@type\":\"WebPage\",\"@id\":\"https:\\\/\\\/www.campingborepo.fr\\\/nl\\\/hebben\\\/vijver-de-thau\\\/\",\"url\":\"https:\\\/\\\/www.campingborepo.fr\\\/nl\\\/hebben\\\/vijver-de-thau\\\/\",\"name\":\"\u00c9tang de Thau in H\u00e9rault: activiteiten, wandelingen, ontspanning, oesters\u2026\",\"isPartOf\":{\"@id\":\"https:\\\/\\\/www.campingborepo.fr\\\/nl\\\/#website\"},\"primaryImageOfPage\":{\"@id\":\"https:\\\/\\\/www.campingborepo.fr\\\/nl\\\/hebben\\\/vijver-de-thau\\\/#primaryimage\"},\"image\":{\"@id\":\"https:\\\/\\\/www.campingborepo.fr\\\/nl\\\/hebben\\\/vijver-de-thau\\\/#primaryimage\"},\"thumbnailUrl\":\"https:\\\/\\\/www.campingborepo.fr\\\/wp-content\\\/uploads\\\/2024\\\/03\\\/etang-de-thau.jpg\",\"datePublished\":\"2024-03-21T15:22:25+00:00\",\"dateModified\":\"2024-06-27T07:59:49+00:00\",\"description\":\"Verken het \u00c9tang de Thau, de grootste lagune van de H\u00e9rault, en ontdek het via verschillende activiteiten: wandelingen, oesterproeverijen, stranden en meer... Ontdek het \u00c9tang de Thau en bereid uw verblijf voor met ons advies.\",\"breadcrumb\":{\"@id\":\"https:\\\/\\\/www.campingborepo.fr\\\/nl\\\/hebben\\\/vijver-de-thau\\\/#breadcrumb\"},\"inLanguage\":\"nl-NL\",\"potentialAction\":[{\"@type\":\"ReadAction\",\"target\":[\"https:\\\/\\\/www.campingborepo.fr\\\/nl\\\/hebben\\\/vijver-de-thau\\\/\"]}]},{\"@type\":\"ImageObject\",\"inLanguage\":\"nl-NL\",\"@id\":\"https:\\\/\\\/www.campingborepo.fr\\\/nl\\\/hebben\\\/vijver-de-thau\\\/#primaryimage\",\"url\":\"https:\\\/\\\/www.campingborepo.fr\\\/wp-content\\\/uploads\\\/2024\\\/03\\\/etang-de-thau.jpg\",\"contentUrl\":\"https:\\\/\\\/www.campingborepo.fr\\\/wp-content\\\/uploads\\\/2024\\\/03\\\/etang-de-thau.jpg\",\"width\":1500,\"height\":760},{\"@type\":\"BreadcrumbList\",\"@id\":\"https:\\\/\\\/www.campingborepo.fr\\\/nl\\\/hebben\\\/vijver-de-thau\\\/#breadcrumb\",\"itemListElement\":[{\"@type\":\"ListItem\",\"position\":1,\"name\":\"Camping 3 \u00e9toiles H\u00e9rault\",\"item\":\"https:\\\/\\\/www.campingborepo.fr\\\/nl\\\/\"},{\"@type\":\"ListItem\",\"position\":2,\"name\":\"Wat is er te zien en te doen in de H\u00e9rault?\",\"item\":\"https:\\\/\\\/www.campingborepo.fr\\\/nl\\\/hebben\\\/\"},{\"@type\":\"ListItem\",\"position\":3,\"name\":\"Ontdek de Thau-vijver\"}]},{\"@type\":\"WebSite\",\"@id\":\"https:\\\/\\\/www.campingborepo.fr\\\/nl\\\/#website\",\"url\":\"https:\\\/\\\/www.campingborepo.fr\\\/nl\\\/\",\"name\":\"Camping Borepo\",\"description\":\"\",\"publisher\":{\"@id\":\"https:\\\/\\\/www.campingborepo.fr\\\/nl\\\/#organization\"},\"potentialAction\":[{\"@type\":\"SearchAction\",\"target\":{\"@type\":\"EntryPoint\",\"urlTemplate\":\"https:\\\/\\\/www.campingborepo.fr\\\/nl\\\/?s={search_term_string}\"},\"query-input\":{\"@type\":\"PropertyValueSpecification\",\"valueRequired\":true,\"valueName\":\"search_term_string\"}}],\"inLanguage\":\"nl-NL\"},{\"@type\":\"Organization\",\"@id\":\"https:\\\/\\\/www.campingborepo.fr\\\/nl\\\/#organization\",\"name\":\"Camping Borepo\",\"url\":\"https:\\\/\\\/www.campingborepo.fr\\\/nl\\\/\",\"logo\":{\"@type\":\"ImageObject\",\"inLanguage\":\"nl-NL\",\"@id\":\"https:\\\/\\\/www.campingborepo.fr\\\/nl\\\/#\\\/schema\\\/logo\\\/image\\\/\",\"url\":\"https:\\\/\\\/www.campingborepo.fr\\\/wp-content\\\/uploads\\\/2024\\\/01\\\/logo-nature-residences-loisirs.png\",\"contentUrl\":\"https:\\\/\\\/www.campingborepo.fr\\\/wp-content\\\/uploads\\\/2024\\\/01\\\/logo-nature-residences-loisirs.png\",\"width\":300,\"height\":134,\"caption\":\"Camping Borepo\"},\"image\":{\"@id\":\"https:\\\/\\\/www.campingborepo.fr\\\/nl\\\/#\\\/schema\\\/logo\\\/image\\\/\"}}]}<\/script>\n<!-- \/ Yoast SEO plugin. -->","yoast_head_json":{"title":"\u00c9tang de Thau in H\u00e9rault: activiteiten, wandelingen, ontspanning, oesters\u2026","description":"Verken het \u00c9tang de Thau, de grootste lagune van de H\u00e9rault, en ontdek het via verschillende activiteiten: wandelingen, oesterproeverijen, stranden en meer... Ontdek het \u00c9tang de Thau en bereid uw verblijf voor met ons advies.","robots":{"index":"index","follow":"follow","max-snippet":"max-snippet:-1","max-image-preview":"max-image-preview:large","max-video-preview":"max-video-preview:-1"},"canonical":"https:\/\/www.campingborepo.fr\/nl\/hebben\/vijver-de-thau\/","og_locale":"nl_NL","og_type":"article","og_title":"\u00c9tang de Thau in H\u00e9rault: activiteiten, wandelingen, ontspanning, oesters\u2026","og_description":"Verken het \u00c9tang de Thau, de grootste lagune van de H\u00e9rault, en ontdek het via verschillende activiteiten: wandelingen, oesterproeverijen, stranden en meer... Ontdek het \u00c9tang de Thau en bereid uw verblijf voor met ons advies.","og_url":"https:\/\/www.campingborepo.fr\/nl\/hebben\/vijver-de-thau\/","og_site_name":"Camping Borepo","article_modified_time":"2024-06-27T07:59:49+00:00","og_image":[{"width":1500,"height":760,"url":"https:\/\/www.campingborepo.fr\/wp-content\/uploads\/2024\/03\/etang-de-thau.jpg","type":"image\/jpeg"}],"twitter_card":"summary_large_image","twitter_misc":{"Geschatte leestijd":"1 minuut"},"schema":{"@context":"https:\/\/schema.org","@graph":[{"@type":"WebPage","@id":"https:\/\/www.campingborepo.fr\/nl\/hebben\/vijver-de-thau\/","url":"https:\/\/www.campingborepo.fr\/nl\/hebben\/vijver-de-thau\/","name":"\u00c9tang de Thau in H\u00e9rault: activiteiten, wandelingen, ontspanning, oesters\u2026","isPartOf":{"@id":"https:\/\/www.campingborepo.fr\/nl\/#website"},"primaryImageOfPage":{"@id":"https:\/\/www.campingborepo.fr\/nl\/hebben\/vijver-de-thau\/#primaryimage"},"image":{"@id":"https:\/\/www.campingborepo.fr\/nl\/hebben\/vijver-de-thau\/#primaryimage"},"thumbnailUrl":"https:\/\/www.campingborepo.fr\/wp-content\/uploads\/2024\/03\/etang-de-thau.jpg","datePublished":"2024-03-21T15:22:25+00:00","dateModified":"2024-06-27T07:59:49+00:00","description":"Verken het \u00c9tang de Thau, de grootste lagune van de H\u00e9rault, en ontdek het via verschillende activiteiten: wandelingen, oesterproeverijen, stranden en meer... Ontdek het \u00c9tang de Thau en bereid uw verblijf voor met ons advies.","breadcrumb":{"@id":"https:\/\/www.campingborepo.fr\/nl\/hebben\/vijver-de-thau\/#breadcrumb"},"inLanguage":"nl-NL","potentialAction":[{"@type":"ReadAction","target":["https:\/\/www.campingborepo.fr\/nl\/hebben\/vijver-de-thau\/"]}]},{"@type":"ImageObject","inLanguage":"nl-NL","@id":"https:\/\/www.campingborepo.fr\/nl\/hebben\/vijver-de-thau\/#primaryimage","url":"https:\/\/www.campingborepo.fr\/wp-content\/uploads\/2024\/03\/etang-de-thau.jpg","contentUrl":"https:\/\/www.campingborepo.fr\/wp-content\/uploads\/2024\/03\/etang-de-thau.jpg","width":1500,"height":760},{"@type":"BreadcrumbList","@id":"https:\/\/www.campingborepo.fr\/nl\/hebben\/vijver-de-thau\/#breadcrumb","itemListElement":[{"@type":"ListItem","position":1,"name":"Camping 3 \u00e9toiles H\u00e9rault","item":"https:\/\/www.campingborepo.fr\/nl\/"},{"@type":"ListItem","position":2,"name":"Wat is er te zien en te doen in de H\u00e9rault?","item":"https:\/\/www.campingborepo.fr\/nl\/hebben\/"},{"@type":"ListItem","position":3,"name":"Ontdek de Thau-vijver"}]},{"@type":"WebSite","@id":"https:\/\/www.campingborepo.fr\/nl\/#website","url":"https:\/\/www.campingborepo.fr\/nl\/","name":"Camping Borepo","description":"","publisher":{"@id":"https:\/\/www.campingborepo.fr\/nl\/#organization"},"potentialAction":[{"@type":"SearchAction","target":{"@type":"EntryPoint","urlTemplate":"https:\/\/www.campingborepo.fr\/nl\/?s={search_term_string}"},"query-input":{"@type":"PropertyValueSpecification","valueRequired":true,"valueName":"search_term_string"}}],"inLanguage":"nl-NL"},{"@type":"Organization","@id":"https:\/\/www.campingborepo.fr\/nl\/#organization","name":"Camping Borepo","url":"https:\/\/www.campingborepo.fr\/nl\/","logo":{"@type":"ImageObject","inLanguage":"nl-NL","@id":"https:\/\/www.campingborepo.fr\/nl\/#\/schema\/logo\/image\/","url":"https:\/\/www.campingborepo.fr\/wp-content\/uploads\/2024\/01\/logo-nature-residences-loisirs.png","contentUrl":"https:\/\/www.campingborepo.fr\/wp-content\/uploads\/2024\/01\/logo-nature-residences-loisirs.png","width":300,"height":134,"caption":"Camping Borepo"},"image":{"@id":"https:\/\/www.campingborepo.fr\/nl\/#\/schema\/logo\/image\/"}}]}},"_links":{"self":[{"href":"https:\/\/www.campingborepo.fr\/nl\/wp-json\/wp\/v2\/pages\/10361","targetHints":{"allow":["GET"]}}],"collection":[{"href":"https:\/\/www.campingborepo.fr\/nl\/wp-json\/wp\/v2\/pages"}],"about":[{"href":"https:\/\/www.campingborepo.fr\/nl\/wp-json\/wp\/v2\/types\/page"}],"author":[{"embeddable":true,"href":"https:\/\/www.campingborepo.fr\/nl\/wp-json\/wp\/v2\/users\/5"}],"replies":[{"embeddable":true,"href":"https:\/\/www.campingborepo.fr\/nl\/wp-json\/wp\/v2\/comments?post=10361"}],"version-history":[{"count":2,"href":"https:\/\/www.campingborepo.fr\/nl\/wp-json\/wp\/v2\/pages\/10361\/revisions"}],"predecessor-version":[{"id":10401,"href":"https:\/\/www.campingborepo.fr\/nl\/wp-json\/wp\/v2\/pages\/10361\/revisions\/10401"}],"up":[{"embeddable":true,"href":"https:\/\/www.campingborepo.fr\/nl\/wp-json\/wp\/v2\/pages\/10337"}],"wp:featuredmedia":[{"embeddable":true,"href":"https:\/\/www.campingborepo.fr\/nl\/wp-json\/wp\/v2\/media\/10362"}],"wp:attachment":[{"href":"https:\/\/www.campingborepo.fr\/nl\/wp-json\/wp\/v2\/media?parent=10361"}],"curies":[{"name":"wp","href":"https:\/\/api.w.org\/{rel}","templated":true}]}}