{"id":9765,"date":"2021-08-24T10:33:49","date_gmt":"2021-08-24T08:33:49","guid":{"rendered":"https:\/\/www.campingborepo.fr\/mentions-legales\/"},"modified":"2024-06-26T10:27:28","modified_gmt":"2024-06-26T08:27:28","slug":"notas-legales","status":"publish","type":"page","link":"https:\/\/www.campingborepo.fr\/es\/notas-legales\/","title":{"rendered":"Notas legales"},"content":{"rendered":"<div class=\"bloc-texte full\"><div class=\"texte left\"><p>SASU SOCAMP (Camping Borepo) con un capital de 10.000\u20ac<br \/>\nDOM DE SAINT RAYMOND 34560 VILLEVEYRAC<br \/>\nCorreo electr\u00f3nico: borepo@natureetresidenceloisirs.com<br \/>\nTel\u00e9fono: +33 (0)4 67 78 07 27<\/p>\n<ul>\n<li>Denominaci\u00f3n social: SASU SOCAMP<\/li>\n<li>N\u00famero de sirena: 828054635<\/li>\n<li>N\u00famero de sirena: 82805463500010<\/li>\n<li>N\u00famero de IVA intracomunitario: FR28828054635<\/li>\n<li>Registro: RCS Montpellier<\/li>\n<li>C\u00f3digo NAF\/APE: 5530Z (campamentos y parques para caravanas o veh\u00edculos de ocio)<\/li>\n<li>Forma jur\u00eddica: SASU Sociedad por acciones simplificada con un solo accionista<\/li>\n<\/ul>\n<h2>Alojamiento y dominios:<\/h2>\n<p>OVH SAS con un capital de 10.069.020 \u20ac<br \/>\nSede central: 2 rue Kellermann &#8211; 59100 Roubaix &#8211; Francia<\/p>\n<h2>CNIL<\/h2>\n<p>Declaraci\u00f3n NS48 presentada el 10 de julio de 2017.<\/p>\n<p>N\u00famero CNIL: 2082643 v 0 (del 11 de julio de 2017)<\/p>\n<h2>Derechos de autor<\/h2>\n<p>Todo el contenido de este sitio depende de los derechos de autor y de la propiedad intelectual seg\u00fan la legislaci\u00f3n francesa. Cualquier reproducci\u00f3n (incluidas fotograf\u00edas, iconos y documentos descargables) est\u00e1 prohibida sin el acuerdo previo de NATURE ET RESIDENCE LOISIRS. Queda prohibida la reproducci\u00f3n en soporte electr\u00f3nico de todo o parte del sitio en papel o formato electr\u00f3nico. NATURE ET RESIDENCE LOISIRS declina toda responsabilidad relativa al contenido presente en el sitio web. NATURE ET RESIDENCE LOISIRS tampoco se responsabiliza de los enlaces externos que apunten a este sitio.<\/p>\n<h2>Datos personales e informaci\u00f3n nominativa<\/h2>\n<p>Tiene derecho a acceder, modificar, rectificar y suprimir los datos que le conciernen seg\u00fan el art\u00edculo 34 de la Ley \u201cInformatique et Libert\u00e9s\u201d n\u00b0 78-17 del 6 de enero de 1978, modificada el 6 de agosto de 2004. Para ejercer este derecho de acceder, puede hacerlo mediante simple solicitud por escrito al editor del sitio.<\/p>\n<h2>Legislaci\u00f3n<\/h2>\n<p>Seg\u00fan la ley del 11 de marzo de 1957 (art. 41) y el c\u00f3digo de propiedad intelectual del 1 de julio de 1992, est\u00e1 prohibida la reproducci\u00f3n total o parcial de cualquier parte del sitio sin la autorizaci\u00f3n previa del editor del sitio. Los logotipos, im\u00e1genes, fotograf\u00edas, v\u00eddeos, cartas gr\u00e1ficas y textos son propiedad de sus respectivos due\u00f1os. Este sitio puede, sin su conocimiento, haber sido vinculado a otros sitios a trav\u00e9s de enlaces hipermedia. El editor del sitio declina toda responsabilidad por la informaci\u00f3n presentada en estos otros sitios. El internauta reconoce que el uso de este sitio se rige por la legislaci\u00f3n francesa.<\/p>\n<\/div><\/div>","protected":false},"excerpt":{"rendered":"","protected":false},"author":1,"featured_media":0,"parent":0,"menu_order":0,"comment_status":"closed","ping_status":"closed","template":"","meta":{"_acf_changed":false,"footnotes":""},"class_list":["post-9765","page","type-page","status-publish","hentry"],"acf":[],"yoast_head":"<!-- This site is optimized with the Yoast SEO plugin v27.3 - https:\/\/yoast.com\/product\/yoast-seo-wordpress\/ -->\n<title>Notas legales - Camping Borepo<\/title>\n<meta name=\"robots\" content=\"noindex, nofollow\" \/>\n<meta property=\"og:locale\" content=\"es_ES\" \/>\n<meta property=\"og:type\" content=\"article\" \/>\n<meta property=\"og:title\" content=\"Notas legales - Camping Borepo\" \/>\n<meta property=\"og:url\" content=\"https:\/\/www.campingborepo.fr\/es\/notas-legales\/\" \/>\n<meta property=\"og:site_name\" content=\"Camping Borepo\" \/>\n<meta property=\"article:modified_time\" content=\"2024-06-26T08:27:28+00:00\" \/>\n<meta name=\"twitter:card\" content=\"summary_large_image\" \/>\n<script type=\"application\/ld+json\" class=\"yoast-schema-graph\">{\"@context\":\"https:\\\/\\\/schema.org\",\"@graph\":[{\"@type\":\"WebPage\",\"@id\":\"https:\\\/\\\/www.campingborepo.fr\\\/es\\\/notas-legales\\\/\",\"url\":\"https:\\\/\\\/www.campingborepo.fr\\\/es\\\/notas-legales\\\/\",\"name\":\"Notas legales - Camping Borepo\",\"isPartOf\":{\"@id\":\"https:\\\/\\\/www.campingborepo.fr\\\/es\\\/#website\"},\"datePublished\":\"2021-08-24T08:33:49+00:00\",\"dateModified\":\"2024-06-26T08:27:28+00:00\",\"breadcrumb\":{\"@id\":\"https:\\\/\\\/www.campingborepo.fr\\\/es\\\/notas-legales\\\/#breadcrumb\"},\"inLanguage\":\"es\",\"potentialAction\":[{\"@type\":\"ReadAction\",\"target\":[\"https:\\\/\\\/www.campingborepo.fr\\\/es\\\/notas-legales\\\/\"]}]},{\"@type\":\"BreadcrumbList\",\"@id\":\"https:\\\/\\\/www.campingborepo.fr\\\/es\\\/notas-legales\\\/#breadcrumb\",\"itemListElement\":[{\"@type\":\"ListItem\",\"position\":1,\"name\":\"Camping 3 \u00e9toiles H\u00e9rault\",\"item\":\"https:\\\/\\\/www.campingborepo.fr\\\/es\\\/\"},{\"@type\":\"ListItem\",\"position\":2,\"name\":\"Notas legales\"}]},{\"@type\":\"WebSite\",\"@id\":\"https:\\\/\\\/www.campingborepo.fr\\\/es\\\/#website\",\"url\":\"https:\\\/\\\/www.campingborepo.fr\\\/es\\\/\",\"name\":\"Camping Borepo\",\"description\":\"\",\"publisher\":{\"@id\":\"https:\\\/\\\/www.campingborepo.fr\\\/es\\\/#organization\"},\"potentialAction\":[{\"@type\":\"SearchAction\",\"target\":{\"@type\":\"EntryPoint\",\"urlTemplate\":\"https:\\\/\\\/www.campingborepo.fr\\\/es\\\/?s={search_term_string}\"},\"query-input\":{\"@type\":\"PropertyValueSpecification\",\"valueRequired\":true,\"valueName\":\"search_term_string\"}}],\"inLanguage\":\"es\"},{\"@type\":\"Organization\",\"@id\":\"https:\\\/\\\/www.campingborepo.fr\\\/es\\\/#organization\",\"name\":\"Camping Borepo\",\"url\":\"https:\\\/\\\/www.campingborepo.fr\\\/es\\\/\",\"logo\":{\"@type\":\"ImageObject\",\"inLanguage\":\"es\",\"@id\":\"https:\\\/\\\/www.campingborepo.fr\\\/es\\\/#\\\/schema\\\/logo\\\/image\\\/\",\"url\":\"https:\\\/\\\/www.campingborepo.fr\\\/wp-content\\\/uploads\\\/2024\\\/01\\\/logo-nature-residences-loisirs.png\",\"contentUrl\":\"https:\\\/\\\/www.campingborepo.fr\\\/wp-content\\\/uploads\\\/2024\\\/01\\\/logo-nature-residences-loisirs.png\",\"width\":300,\"height\":134,\"caption\":\"Camping Borepo\"},\"image\":{\"@id\":\"https:\\\/\\\/www.campingborepo.fr\\\/es\\\/#\\\/schema\\\/logo\\\/image\\\/\"}}]}<\/script>\n<!-- \/ Yoast SEO plugin. -->","yoast_head_json":{"title":"Notas legales - Camping Borepo","robots":{"index":"noindex","follow":"nofollow"},"og_locale":"es_ES","og_type":"article","og_title":"Notas legales - Camping Borepo","og_url":"https:\/\/www.campingborepo.fr\/es\/notas-legales\/","og_site_name":"Camping Borepo","article_modified_time":"2024-06-26T08:27:28+00:00","twitter_card":"summary_large_image","schema":{"@context":"https:\/\/schema.org","@graph":[{"@type":"WebPage","@id":"https:\/\/www.campingborepo.fr\/es\/notas-legales\/","url":"https:\/\/www.campingborepo.fr\/es\/notas-legales\/","name":"Notas legales - Camping Borepo","isPartOf":{"@id":"https:\/\/www.campingborepo.fr\/es\/#website"},"datePublished":"2021-08-24T08:33:49+00:00","dateModified":"2024-06-26T08:27:28+00:00","breadcrumb":{"@id":"https:\/\/www.campingborepo.fr\/es\/notas-legales\/#breadcrumb"},"inLanguage":"es","potentialAction":[{"@type":"ReadAction","target":["https:\/\/www.campingborepo.fr\/es\/notas-legales\/"]}]},{"@type":"BreadcrumbList","@id":"https:\/\/www.campingborepo.fr\/es\/notas-legales\/#breadcrumb","itemListElement":[{"@type":"ListItem","position":1,"name":"Camping 3 \u00e9toiles H\u00e9rault","item":"https:\/\/www.campingborepo.fr\/es\/"},{"@type":"ListItem","position":2,"name":"Notas legales"}]},{"@type":"WebSite","@id":"https:\/\/www.campingborepo.fr\/es\/#website","url":"https:\/\/www.campingborepo.fr\/es\/","name":"Camping Borepo","description":"","publisher":{"@id":"https:\/\/www.campingborepo.fr\/es\/#organization"},"potentialAction":[{"@type":"SearchAction","target":{"@type":"EntryPoint","urlTemplate":"https:\/\/www.campingborepo.fr\/es\/?s={search_term_string}"},"query-input":{"@type":"PropertyValueSpecification","valueRequired":true,"valueName":"search_term_string"}}],"inLanguage":"es"},{"@type":"Organization","@id":"https:\/\/www.campingborepo.fr\/es\/#organization","name":"Camping Borepo","url":"https:\/\/www.campingborepo.fr\/es\/","logo":{"@type":"ImageObject","inLanguage":"es","@id":"https:\/\/www.campingborepo.fr\/es\/#\/schema\/logo\/image\/","url":"https:\/\/www.campingborepo.fr\/wp-content\/uploads\/2024\/01\/logo-nature-residences-loisirs.png","contentUrl":"https:\/\/www.campingborepo.fr\/wp-content\/uploads\/2024\/01\/logo-nature-residences-loisirs.png","width":300,"height":134,"caption":"Camping Borepo"},"image":{"@id":"https:\/\/www.campingborepo.fr\/es\/#\/schema\/logo\/image\/"}}]}},"_links":{"self":[{"href":"https:\/\/www.campingborepo.fr\/es\/wp-json\/wp\/v2\/pages\/9765","targetHints":{"allow":["GET"]}}],"collection":[{"href":"https:\/\/www.campingborepo.fr\/es\/wp-json\/wp\/v2\/pages"}],"about":[{"href":"https:\/\/www.campingborepo.fr\/es\/wp-json\/wp\/v2\/types\/page"}],"author":[{"embeddable":true,"href":"https:\/\/www.campingborepo.fr\/es\/wp-json\/wp\/v2\/users\/1"}],"replies":[{"embeddable":true,"href":"https:\/\/www.campingborepo.fr\/es\/wp-json\/wp\/v2\/comments?post=9765"}],"version-history":[{"count":2,"href":"https:\/\/www.campingborepo.fr\/es\/wp-json\/wp\/v2\/pages\/9765\/revisions"}],"predecessor-version":[{"id":9774,"href":"https:\/\/www.campingborepo.fr\/es\/wp-json\/wp\/v2\/pages\/9765\/revisions\/9774"}],"wp:attachment":[{"href":"https:\/\/www.campingborepo.fr\/es\/wp-json\/wp\/v2\/media?parent=9765"}],"curies":[{"name":"wp","href":"https:\/\/api.w.org\/{rel}","templated":true}]}}