{"id":10458,"date":"2024-03-21T16:05:23","date_gmt":"2024-03-21T15:05:23","guid":{"rendered":"https:\/\/www.campingborepo.fr\/a-ver\/visiter-villeveyrac\/"},"modified":"2024-06-27T10:25:42","modified_gmt":"2024-06-27T08:25:42","slug":"visita-villeveyrac","status":"publish","type":"page","link":"https:\/\/www.campingborepo.fr\/es\/a-ver\/visita-villeveyrac\/","title":{"rendered":"Visita Villeveyrac"},"content":{"rendered":"<div class=\"bloc-texte full\"><div class=\"texte left\"><p>\u00bfSue\u00f1as con pasar unas refrescantes vacaciones en el sur de Francia? Dir\u00edgete al departamento de H\u00e9rault, en Occitania, que te ofrece muchos pueblos y ciudades aut\u00e9nticos, perfectos para escapar del bullicio de las grandes ciudades. No deje de visitar Villeveyrac durante su estancia. Desde la abad\u00eda de Sainte-Marie de Valmagne hasta el dominio de Roquemale, habr\u00e1 algo para todos los gustos: amantes de la historia, amantes de la gastronom\u00eda y amantes de la naturaleza. Pasear por la localidad tambi\u00e9n te permitir\u00e1 hacer grandes descubrimientos. Borepo, el camping de Villeveyrac en H\u00e9rault, le ofrece esta escapada llena de maravillas.<\/p>\n<\/div><\/div>\n\n<div class=\"text-image-new style1 image-right background-marron\"><div class=\"text-image-new-colonne\"><H2 class=\"text-image-new-titre\">Viaje 900 a\u00f1os atr\u00e1s: visite la Abad\u00eda de Valmagne<\/H2><div class=\"text-image-new-content\"><p>D\u00e9 un verdadero salto en el tiempo durante su estancia en Villeveyrac descubriendo la abad\u00eda de Sainte-Marie de Valmagne, una abad\u00eda cisterciense creada en 1139 por Raymond Trencavel, vizconde de la comuna de B\u00e9ziers. \u00a1Visitar este sitio que combina religi\u00f3n y enolog\u00eda le ofrece una experiencia \u00fanica en H\u00e9rault!<\/p>\n<p>De hecho, adem\u00e1s de descubrir su excepcional arquitectura acompa\u00f1ado de un gu\u00eda o de forma gratuita, tu entrada te ofrece otras ventajas:<\/p>\n<ul>\n<li>Cata de vinos de la finca Valmagne<\/li>\n<li>Acceso al conservatorio de variedades de uva.<\/li>\n<li>Exploraci\u00f3n del museo del vino, La Porterie.<\/li>\n<li>Descubrimiento del jard\u00edn medieval y sus plantaciones.<\/li>\n<li>Acceso a las exposiciones temporales de la Abad\u00eda.<\/li>\n<\/ul>\n<p>Horario de apertura de la Abad\u00eda (informaci\u00f3n de marzo de 2024):<\/p>\n<ul>\n<li>Abril &#8211; Septiembre: 10 a 19 horas de martes a domingo.<\/li>\n<li>Octubre &#8211; abril: de 14 a 18 horas de martes a viernes; de 10 a 18 horas s\u00e1bado y domingo<\/li>\n<\/ul>\n<\/div><\/div><div class=\"text-image-new-colonne\"><img decoding=\"async\" src=\"https:\/\/www.campingborepo.fr\/wp-content\/uploads\/2024\/03\/abbaye-valmagne-villeveyrac.jpg\" alt=\"Abad\u00eda de Valmagne\" class=\"text-image-new-thumb\" \/><\/div><\/div>\n\n<div class=\"text-image-new style1 image-left\"><div class=\"text-image-new-colonne\"><H2 class=\"text-image-new-titre\">Deleite su paladar: parada en la Ferme des Saveurs<\/H2><div class=\"text-image-new-content\"><p>Visitar Villeveyrac permite disfrutar de descubrimientos hist\u00f3ricos pero tambi\u00e9n gastron\u00f3micos. Ven a La Ferme des Saveurs para disfrutar de productos ecol\u00f3gicos preparados in situ: quesos y embutidos. The Farm tambi\u00e9n tiene reservadas actividades divertidas y gratuitas para ti. Podr\u00e1s observar el orde\u00f1o de las cabras, observar la salida de los reba\u00f1os y visitar el lugar. El personal queda a su disposici\u00f3n para responder a todas sus preguntas. \u00a1Dir\u00edgete a la carretera Loupian para vivir esta experiencia gourmet y amigable!<\/p>\n<\/div><\/div><div class=\"text-image-new-colonne\"><img decoding=\"async\" src=\"https:\/\/www.campingborepo.fr\/wp-content\/uploads\/2024\/03\/ferme-des-saveurs.jpg\" alt=\"Granja de sabores\" class=\"text-image-new-thumb\" \/><\/div><\/div>\n\n<div class=\"text-image-new style1 image-right background-marron\"><div class=\"text-image-new-colonne\"><H2 class=\"text-image-new-titre\">Pruebe vinos excepcionales: descubrimiento del Domaine de Roquemale<\/H2><div class=\"text-image-new-content\"><p>\u00bfC\u00f3mo descubrir el terru\u00f1o durante su visita a Villeveyrac, aparte de deleitarse con las carnes y los quesos de la Ferme des Saveurs? Probando los aut\u00e9nticos vinos que ofrece el Domaine de Roquemale, fundado en 2001 por Val\u00e9rie y Dominique Ibanez. Estos dos aficionados locales le acogen (informaci\u00f3n de marzo de 2024) entre septiembre y junio con cita previa y de martes a s\u00e1bado en julio y agosto, de 10 a 12 y de 16 a 19 horas. Encontrar\u00e1s vinos AOC e IGP de todo tipo: vinos blancos, vinos tintos\u2026<\/p>\n<\/div><\/div><div class=\"text-image-new-colonne\"><img decoding=\"async\" src=\"https:\/\/www.campingborepo.fr\/wp-content\/uploads\/2024\/03\/degustation-vin-chateau-villeveyrac.jpg\" alt=\"Vino Domaine de Roquemale\" class=\"text-image-new-thumb\" \/><\/div><\/div>\n\n<div class=\"text-image-new style1 image-left\"><div class=\"text-image-new-colonne\"><H2 class=\"text-image-new-titre\">Marav\u00edllate cerca de Villeveyrac: paseo por H\u00e9rault<\/H2><div class=\"text-image-new-content\"><p>\u00bfHas terminado de visitar Villeveyrac, la Abad\u00eda de Valmagne, la Ferme des Saveurs y el Domaine de Roquemale? Es hora de salir de la ciudad para visitar H\u00e9rault y disfrutar de sus otros destinos imperdibles. Pasear por S\u00e8te y su ciudad alta, disfrutar de un paseo especial por el Etang de Thau, divertirse en las playas de Frontignan o Cap d&#8217;Agde y pasear por Saint-Guilhem-le-D\u00e9sert, una incre\u00edble ciudad medieval.<\/p>\n<p>Visitar Villeveyrac permite disfrutar de un d\u00eda sin tiempo, arrullado por un patrimonio hist\u00f3rico y gastron\u00f3mico excepcional, \u00a1pero eso no es todo! \u00a1Alojarse en este pueblo de H\u00e9rault es una puerta abierta a todo el turismo de Languedoc Rosell\u00f3n! Ya sea que planees quedarte all\u00ed por una semana o m\u00e1s, no te aburrir\u00e1s. Cada d\u00eda podr\u00e1 disfrutar de una visita diferente: Saint-Guilhem-le-D\u00e9sert, Montpellier, Balaruc-les-Bains, P\u00e9zenas, Frontignan, Bouzigues\u2026<\/p>\n<\/div><\/div><div class=\"text-image-new-colonne\"><img decoding=\"async\" src=\"https:\/\/www.campingborepo.fr\/wp-content\/uploads\/2024\/03\/tourisme-herault.jpg\" alt=\"turismo en herault\" class=\"text-image-new-thumb\" \/><\/div><\/div>","protected":false},"excerpt":{"rendered":"","protected":false},"author":5,"featured_media":10460,"parent":10346,"menu_order":0,"comment_status":"closed","ping_status":"closed","template":"","meta":{"_acf_changed":false,"footnotes":""},"class_list":["post-10458","page","type-page","status-publish","has-post-thumbnail","hentry"],"acf":[],"yoast_head":"<!-- This site is optimized with the Yoast SEO plugin v27.3 - https:\/\/yoast.com\/product\/yoast-seo-wordpress\/ -->\n<title>Villeveyrac: visitar la ciudad de Villeveyrac en H\u00e9rault: consejos y visitas<\/title>\n<meta name=\"description\" content=\"Descubra Villeveyrac, un encantador pueblo de Occitania situado en H\u00e9rault. Entre la abad\u00eda cisterciense de Valmagne, las degustaciones en la Ferme des Saveurs y los vinos del Domaine de Roquemale, Villeveyrac promete una escapada enriquecedora.\" \/>\n<meta name=\"robots\" content=\"index, follow, max-snippet:-1, max-image-preview:large, max-video-preview:-1\" \/>\n<link rel=\"canonical\" href=\"https:\/\/www.campingborepo.fr\/es\/a-ver\/visita-villeveyrac\/\" \/>\n<meta property=\"og:locale\" content=\"es_ES\" \/>\n<meta property=\"og:type\" content=\"article\" \/>\n<meta property=\"og:title\" content=\"Villeveyrac: visitar la ciudad de Villeveyrac en H\u00e9rault: consejos y visitas\" \/>\n<meta property=\"og:description\" content=\"Descubra Villeveyrac, un encantador pueblo de Occitania situado en H\u00e9rault. Entre la abad\u00eda cisterciense de Valmagne, las degustaciones en la Ferme des Saveurs y los vinos del Domaine de Roquemale, Villeveyrac promete una escapada enriquecedora.\" \/>\n<meta property=\"og:url\" content=\"https:\/\/www.campingborepo.fr\/es\/a-ver\/visita-villeveyrac\/\" \/>\n<meta property=\"og:site_name\" content=\"Camping Borepo\" \/>\n<meta property=\"article:modified_time\" content=\"2024-06-27T08:25:42+00:00\" \/>\n<meta property=\"og:image\" content=\"https:\/\/www.campingborepo.fr\/wp-content\/uploads\/2024\/03\/visiter-villeveyrac.jpg\" \/>\n\t<meta property=\"og:image:width\" content=\"1500\" \/>\n\t<meta property=\"og:image:height\" content=\"760\" \/>\n\t<meta property=\"og:image:type\" content=\"image\/jpeg\" \/>\n<meta name=\"twitter:card\" content=\"summary_large_image\" \/>\n<meta name=\"twitter:label1\" content=\"Tiempo de lectura\" \/>\n\t<meta name=\"twitter:data1\" content=\"1 minuto\" \/>\n<script type=\"application\/ld+json\" class=\"yoast-schema-graph\">{\"@context\":\"https:\\\/\\\/schema.org\",\"@graph\":[{\"@type\":\"WebPage\",\"@id\":\"https:\\\/\\\/www.campingborepo.fr\\\/es\\\/a-ver\\\/visita-villeveyrac\\\/\",\"url\":\"https:\\\/\\\/www.campingborepo.fr\\\/es\\\/a-ver\\\/visita-villeveyrac\\\/\",\"name\":\"Villeveyrac: visitar la ciudad de Villeveyrac en H\u00e9rault: consejos y visitas\",\"isPartOf\":{\"@id\":\"https:\\\/\\\/www.campingborepo.fr\\\/es\\\/#website\"},\"primaryImageOfPage\":{\"@id\":\"https:\\\/\\\/www.campingborepo.fr\\\/es\\\/a-ver\\\/visita-villeveyrac\\\/#primaryimage\"},\"image\":{\"@id\":\"https:\\\/\\\/www.campingborepo.fr\\\/es\\\/a-ver\\\/visita-villeveyrac\\\/#primaryimage\"},\"thumbnailUrl\":\"https:\\\/\\\/www.campingborepo.fr\\\/wp-content\\\/uploads\\\/2024\\\/03\\\/visiter-villeveyrac.jpg\",\"datePublished\":\"2024-03-21T15:05:23+00:00\",\"dateModified\":\"2024-06-27T08:25:42+00:00\",\"description\":\"Descubra Villeveyrac, un encantador pueblo de Occitania situado en H\u00e9rault. Entre la abad\u00eda cisterciense de Valmagne, las degustaciones en la Ferme des Saveurs y los vinos del Domaine de Roquemale, Villeveyrac promete una escapada enriquecedora.\",\"breadcrumb\":{\"@id\":\"https:\\\/\\\/www.campingborepo.fr\\\/es\\\/a-ver\\\/visita-villeveyrac\\\/#breadcrumb\"},\"inLanguage\":\"es\",\"potentialAction\":[{\"@type\":\"ReadAction\",\"target\":[\"https:\\\/\\\/www.campingborepo.fr\\\/es\\\/a-ver\\\/visita-villeveyrac\\\/\"]}]},{\"@type\":\"ImageObject\",\"inLanguage\":\"es\",\"@id\":\"https:\\\/\\\/www.campingborepo.fr\\\/es\\\/a-ver\\\/visita-villeveyrac\\\/#primaryimage\",\"url\":\"https:\\\/\\\/www.campingborepo.fr\\\/wp-content\\\/uploads\\\/2024\\\/03\\\/visiter-villeveyrac.jpg\",\"contentUrl\":\"https:\\\/\\\/www.campingborepo.fr\\\/wp-content\\\/uploads\\\/2024\\\/03\\\/visiter-villeveyrac.jpg\",\"width\":1500,\"height\":760},{\"@type\":\"BreadcrumbList\",\"@id\":\"https:\\\/\\\/www.campingborepo.fr\\\/es\\\/a-ver\\\/visita-villeveyrac\\\/#breadcrumb\",\"itemListElement\":[{\"@type\":\"ListItem\",\"position\":1,\"name\":\"Camping 3 \u00e9toiles H\u00e9rault\",\"item\":\"https:\\\/\\\/www.campingborepo.fr\\\/es\\\/\"},{\"@type\":\"ListItem\",\"position\":2,\"name\":\"\u00bfQu\u00e9 ver y hacer en H\u00e9rault?\",\"item\":\"https:\\\/\\\/www.campingborepo.fr\\\/es\\\/a-ver\\\/\"},{\"@type\":\"ListItem\",\"position\":3,\"name\":\"Descubre la ciudad de Villeveyrac\"}]},{\"@type\":\"WebSite\",\"@id\":\"https:\\\/\\\/www.campingborepo.fr\\\/es\\\/#website\",\"url\":\"https:\\\/\\\/www.campingborepo.fr\\\/es\\\/\",\"name\":\"Camping Borepo\",\"description\":\"\",\"publisher\":{\"@id\":\"https:\\\/\\\/www.campingborepo.fr\\\/es\\\/#organization\"},\"potentialAction\":[{\"@type\":\"SearchAction\",\"target\":{\"@type\":\"EntryPoint\",\"urlTemplate\":\"https:\\\/\\\/www.campingborepo.fr\\\/es\\\/?s={search_term_string}\"},\"query-input\":{\"@type\":\"PropertyValueSpecification\",\"valueRequired\":true,\"valueName\":\"search_term_string\"}}],\"inLanguage\":\"es\"},{\"@type\":\"Organization\",\"@id\":\"https:\\\/\\\/www.campingborepo.fr\\\/es\\\/#organization\",\"name\":\"Camping Borepo\",\"url\":\"https:\\\/\\\/www.campingborepo.fr\\\/es\\\/\",\"logo\":{\"@type\":\"ImageObject\",\"inLanguage\":\"es\",\"@id\":\"https:\\\/\\\/www.campingborepo.fr\\\/es\\\/#\\\/schema\\\/logo\\\/image\\\/\",\"url\":\"https:\\\/\\\/www.campingborepo.fr\\\/wp-content\\\/uploads\\\/2024\\\/01\\\/logo-nature-residences-loisirs.png\",\"contentUrl\":\"https:\\\/\\\/www.campingborepo.fr\\\/wp-content\\\/uploads\\\/2024\\\/01\\\/logo-nature-residences-loisirs.png\",\"width\":300,\"height\":134,\"caption\":\"Camping Borepo\"},\"image\":{\"@id\":\"https:\\\/\\\/www.campingborepo.fr\\\/es\\\/#\\\/schema\\\/logo\\\/image\\\/\"}}]}<\/script>\n<!-- \/ Yoast SEO plugin. -->","yoast_head_json":{"title":"Villeveyrac: visitar la ciudad de Villeveyrac en H\u00e9rault: consejos y visitas","description":"Descubra Villeveyrac, un encantador pueblo de Occitania situado en H\u00e9rault. Entre la abad\u00eda cisterciense de Valmagne, las degustaciones en la Ferme des Saveurs y los vinos del Domaine de Roquemale, Villeveyrac promete una escapada enriquecedora.","robots":{"index":"index","follow":"follow","max-snippet":"max-snippet:-1","max-image-preview":"max-image-preview:large","max-video-preview":"max-video-preview:-1"},"canonical":"https:\/\/www.campingborepo.fr\/es\/a-ver\/visita-villeveyrac\/","og_locale":"es_ES","og_type":"article","og_title":"Villeveyrac: visitar la ciudad de Villeveyrac en H\u00e9rault: consejos y visitas","og_description":"Descubra Villeveyrac, un encantador pueblo de Occitania situado en H\u00e9rault. Entre la abad\u00eda cisterciense de Valmagne, las degustaciones en la Ferme des Saveurs y los vinos del Domaine de Roquemale, Villeveyrac promete una escapada enriquecedora.","og_url":"https:\/\/www.campingborepo.fr\/es\/a-ver\/visita-villeveyrac\/","og_site_name":"Camping Borepo","article_modified_time":"2024-06-27T08:25:42+00:00","og_image":[{"width":1500,"height":760,"url":"https:\/\/www.campingborepo.fr\/wp-content\/uploads\/2024\/03\/visiter-villeveyrac.jpg","type":"image\/jpeg"}],"twitter_card":"summary_large_image","twitter_misc":{"Tiempo de lectura":"1 minuto"},"schema":{"@context":"https:\/\/schema.org","@graph":[{"@type":"WebPage","@id":"https:\/\/www.campingborepo.fr\/es\/a-ver\/visita-villeveyrac\/","url":"https:\/\/www.campingborepo.fr\/es\/a-ver\/visita-villeveyrac\/","name":"Villeveyrac: visitar la ciudad de Villeveyrac en H\u00e9rault: consejos y visitas","isPartOf":{"@id":"https:\/\/www.campingborepo.fr\/es\/#website"},"primaryImageOfPage":{"@id":"https:\/\/www.campingborepo.fr\/es\/a-ver\/visita-villeveyrac\/#primaryimage"},"image":{"@id":"https:\/\/www.campingborepo.fr\/es\/a-ver\/visita-villeveyrac\/#primaryimage"},"thumbnailUrl":"https:\/\/www.campingborepo.fr\/wp-content\/uploads\/2024\/03\/visiter-villeveyrac.jpg","datePublished":"2024-03-21T15:05:23+00:00","dateModified":"2024-06-27T08:25:42+00:00","description":"Descubra Villeveyrac, un encantador pueblo de Occitania situado en H\u00e9rault. Entre la abad\u00eda cisterciense de Valmagne, las degustaciones en la Ferme des Saveurs y los vinos del Domaine de Roquemale, Villeveyrac promete una escapada enriquecedora.","breadcrumb":{"@id":"https:\/\/www.campingborepo.fr\/es\/a-ver\/visita-villeveyrac\/#breadcrumb"},"inLanguage":"es","potentialAction":[{"@type":"ReadAction","target":["https:\/\/www.campingborepo.fr\/es\/a-ver\/visita-villeveyrac\/"]}]},{"@type":"ImageObject","inLanguage":"es","@id":"https:\/\/www.campingborepo.fr\/es\/a-ver\/visita-villeveyrac\/#primaryimage","url":"https:\/\/www.campingborepo.fr\/wp-content\/uploads\/2024\/03\/visiter-villeveyrac.jpg","contentUrl":"https:\/\/www.campingborepo.fr\/wp-content\/uploads\/2024\/03\/visiter-villeveyrac.jpg","width":1500,"height":760},{"@type":"BreadcrumbList","@id":"https:\/\/www.campingborepo.fr\/es\/a-ver\/visita-villeveyrac\/#breadcrumb","itemListElement":[{"@type":"ListItem","position":1,"name":"Camping 3 \u00e9toiles H\u00e9rault","item":"https:\/\/www.campingborepo.fr\/es\/"},{"@type":"ListItem","position":2,"name":"\u00bfQu\u00e9 ver y hacer en H\u00e9rault?","item":"https:\/\/www.campingborepo.fr\/es\/a-ver\/"},{"@type":"ListItem","position":3,"name":"Descubre la ciudad de Villeveyrac"}]},{"@type":"WebSite","@id":"https:\/\/www.campingborepo.fr\/es\/#website","url":"https:\/\/www.campingborepo.fr\/es\/","name":"Camping Borepo","description":"","publisher":{"@id":"https:\/\/www.campingborepo.fr\/es\/#organization"},"potentialAction":[{"@type":"SearchAction","target":{"@type":"EntryPoint","urlTemplate":"https:\/\/www.campingborepo.fr\/es\/?s={search_term_string}"},"query-input":{"@type":"PropertyValueSpecification","valueRequired":true,"valueName":"search_term_string"}}],"inLanguage":"es"},{"@type":"Organization","@id":"https:\/\/www.campingborepo.fr\/es\/#organization","name":"Camping Borepo","url":"https:\/\/www.campingborepo.fr\/es\/","logo":{"@type":"ImageObject","inLanguage":"es","@id":"https:\/\/www.campingborepo.fr\/es\/#\/schema\/logo\/image\/","url":"https:\/\/www.campingborepo.fr\/wp-content\/uploads\/2024\/01\/logo-nature-residences-loisirs.png","contentUrl":"https:\/\/www.campingborepo.fr\/wp-content\/uploads\/2024\/01\/logo-nature-residences-loisirs.png","width":300,"height":134,"caption":"Camping Borepo"},"image":{"@id":"https:\/\/www.campingborepo.fr\/es\/#\/schema\/logo\/image\/"}}]}},"_links":{"self":[{"href":"https:\/\/www.campingborepo.fr\/es\/wp-json\/wp\/v2\/pages\/10458","targetHints":{"allow":["GET"]}}],"collection":[{"href":"https:\/\/www.campingborepo.fr\/es\/wp-json\/wp\/v2\/pages"}],"about":[{"href":"https:\/\/www.campingborepo.fr\/es\/wp-json\/wp\/v2\/types\/page"}],"author":[{"embeddable":true,"href":"https:\/\/www.campingborepo.fr\/es\/wp-json\/wp\/v2\/users\/5"}],"replies":[{"embeddable":true,"href":"https:\/\/www.campingborepo.fr\/es\/wp-json\/wp\/v2\/comments?post=10458"}],"version-history":[{"count":2,"href":"https:\/\/www.campingborepo.fr\/es\/wp-json\/wp\/v2\/pages\/10458\/revisions"}],"predecessor-version":[{"id":10466,"href":"https:\/\/www.campingborepo.fr\/es\/wp-json\/wp\/v2\/pages\/10458\/revisions\/10466"}],"up":[{"embeddable":true,"href":"https:\/\/www.campingborepo.fr\/es\/wp-json\/wp\/v2\/pages\/10346"}],"wp:featuredmedia":[{"embeddable":true,"href":"https:\/\/www.campingborepo.fr\/es\/wp-json\/wp\/v2\/media\/10460"}],"wp:attachment":[{"href":"https:\/\/www.campingborepo.fr\/es\/wp-json\/wp\/v2\/media?parent=10458"}],"curies":[{"name":"wp","href":"https:\/\/api.w.org\/{rel}","templated":true}]}}