{"id":10367,"date":"2024-03-21T16:22:25","date_gmt":"2024-03-21T15:22:25","guid":{"rendered":"https:\/\/www.campingborepo.fr\/a-ver\/etang-de-thau\/"},"modified":"2024-06-27T09:49:19","modified_gmt":"2024-06-27T07:49:19","slug":"estanque-de-thau","status":"publish","type":"page","link":"https:\/\/www.campingborepo.fr\/es\/a-ver\/estanque-de-thau\/","title":{"rendered":"\u00c9tang de Thau: descubrimiento de una laguna excepcional en H\u00e9rault"},"content":{"rendered":"<div class=\"bloc-texte full\"><div class=\"texte left\"><p>\u00bfQuieres escapar de los problemas diarios? Occitania le ofrece tranquilidad y un clima agradable durante su estancia en H\u00e9rault. All\u00ed descubrir\u00e1 muchas maravillas, como ciudades animadas (S\u00e8te, Marseillan, Balaruc-Le-Vieux, M\u00e8ze, Bouzigues, Frontignan&#8230;) y playas soleadas. No te pierdas una parada en el Etang de Thau, la laguna m\u00e1s grande de la regi\u00f3n. 7.500 hect\u00e1reas, con profundidades de 4,5 a 10 m, se revelan durante sus paseos por el estanque, a pie o a caballo. \u00a1Prep\u00e1rate para sorprenderte y disfrutar! S\u00ed, el Etang de Thau te invita a degustar sus emblem\u00e1ticas ostras. \u00a1Nuestro camping en Villeveyrac en H\u00e9rault le ofrece una visi\u00f3n general de esta laguna!<\/p>\n<\/div><\/div>\n\n<div class=\"text-image-new style1 image-left\"><div class=\"text-image-new-colonne\"><H2 class=\"text-image-new-titre\">Desde la pesca en catamar\u00e1n: divi\u00e9rtete en familia o con amigos en el Etang de Thau<\/H2><div class=\"text-image-new-content\"><p>Ofrezca a toda la peque\u00f1a tribu una salida emotiva en H\u00e9rault. Por eso ? Dir\u00edgete al Etang de Thau para hacer un viaje a un estanque que promete risas y compartir. Varios centros de deportes acu\u00e1ticos le dan la bienvenida a lo largo de la laguna y ofrecen actividades de todo tipo. Desde un paseo en catamar\u00e1n hasta una tarde de kayak, \u00a1seguro que encontrar\u00e1s lo que buscas para satisfacer a grandes y peque\u00f1os! Los aficionados a la pesca no se quedan al margen, ya que es posible pescar en el coraz\u00f3n de esta cuenca excepcional. Depende de usted elegir el puerto deportivo ideal para inaugurar su muelle: el puerto de Bouzigues, el de M\u00e8ze o el de Marseillan.<\/p>\n<\/div><\/div><div class=\"text-image-new-colonne\"><img decoding=\"async\" src=\"https:\/\/www.campingborepo.fr\/wp-content\/uploads\/2024\/03\/activites-famille-etang-de-thau.jpg\" alt=\"Actividades en el estanque de Thau\" class=\"text-image-new-thumb\" \/><\/div><\/div>\n\n<div class=\"text-image-new style1 image-right background-marron\"><div class=\"text-image-new-colonne\"><H2 class=\"text-image-new-titre\">Sum\u00e9rgete en el coraz\u00f3n de una laguna \u00fanica en H\u00e9rault<\/H2><div class=\"text-image-new-content\"><p>Si no faltan las actividades acu\u00e1ticas en la cuenca de Thau, tambi\u00e9n podr\u00e1s disfrutar del relax que te ofrece esta laguna y sus playas. Entre las playas de arena fina m\u00e1s emblem\u00e1ticas, es imposible no mencionar la playa de La Tr\u00e9mie, la playa de La Pyramide, la playa de Thalassa y La Plagette. Cada uno ofrece instalaciones perfectas para su comodidad y disfrute: ba\u00f1os, bares, restaurantes y parques. Aprovecha esta salida familiar con los ni\u00f1os que seguro se lo pasar\u00e1n en grande en la arena o en el agua trasl\u00facida de la laguna. \u00a1Es posible que incluso puedan ver peque\u00f1os caballitos de mar mientras nadan!<\/p>\n<\/div><\/div><div class=\"text-image-new-colonne\"><img decoding=\"async\" src=\"https:\/\/www.campingborepo.fr\/wp-content\/uploads\/2024\/03\/plongeon-etang-de-thau.jpg\" alt=\"bucear siendo de thau\" class=\"text-image-new-thumb\" \/><\/div><\/div>\n\n<div class=\"text-image-new style1 image-left\"><div class=\"text-image-new-colonne\"><H2 class=\"text-image-new-titre\">Paseo por el estanque de Thau<\/H2><div class=\"text-image-new-content\"><p>\u00bfTe gusta pasear para descubrir paisajes relajantes? Te encantar\u00e1 caminar por el Etang de Thau. Organice este paseo como desee: a pie, a caballo o en bicicleta. Entre rutas de senderismo y carriles bici, cada veraneante podr\u00e1 satisfacer sus deseos. Y, sobre todo, podr\u00e1 admirar estos paisajes a su propio ritmo durante esta estancia en H\u00e9rault. \u00bfTe tienta este programa? \u00a1Dir\u00edgete a un centro ecuestre o a un servicio de alquiler de bicicletas para divertirte! De lo contrario, use buenos zapatos, prepare un refrigerio y emprenda una aventura por las rutas de senderismo.<\/p>\n<\/div><\/div><div class=\"text-image-new-colonne\"><img decoding=\"async\" src=\"https:\/\/www.campingborepo.fr\/wp-content\/uploads\/2024\/03\/balade-etang-de-thau.jpg\" alt=\"Paseo por el estanque de Thau\" class=\"text-image-new-thumb\" \/><\/div><\/div>\n\n<div class=\"text-image-new style1 image-right background-marron\"><div class=\"text-image-new-colonne\"><H2 class=\"text-image-new-titre\">Pruebe las famosas ostras Bouzigues en el Etang de Thau<\/H2><div class=\"text-image-new-content\"><p>Despu\u00e9s de estos breves momentos de nadar o caminar, t\u00f3mate un tiempo para saciar tus peque\u00f1as punzadas de hambre. Y para ello no hace falta ir muy lejos, el Etang de Thau vuelve a tener todo lo que necesitas. All\u00ed podr\u00e1s degustar unas ostras especiales. Estos los ofrece en particular la Maison Tarbouriech, que ha creado una Solar Tide. Esta marea pretende recrear las mareas del Atl\u00e1ntico. Aporta a las ostras una pulpa suave y agradable en boca. Puedes completar esta degustaci\u00f3n con una buena copa de vino de las bodegas de H\u00e9rault.<\/p>\n<\/div><\/div><div class=\"text-image-new-colonne\"><img decoding=\"async\" src=\"https:\/\/www.campingborepo.fr\/wp-content\/uploads\/2024\/03\/huitres-etang-de-thau.jpg\" alt=\"Ostras del estanque de Thau\" class=\"text-image-new-thumb\" \/><\/div><\/div>\n\n<div class=\"text-image-new style1 image-left\"><div class=\"text-image-new-colonne\"><H2 class=\"text-image-new-titre\">Admira la laguna desde Mont Saint-Clair<\/H2><div class=\"text-image-new-content\"><p>\u00bfEs usted un rom\u00e1ntico de coraz\u00f3n y sue\u00f1a con una vista panor\u00e1mica del estanque de Thau? Dir\u00edgete al Mont Saint-Clair, cuya cima alcanza una altura de 183 metros y revela el paisaje excepcional de H\u00e9rault. Durante este paseo \u00fanico tendr\u00e1 a su disposici\u00f3n magn\u00edficas fotograf\u00edas de la cuenca de Thau. Adem\u00e1s, no s\u00f3lo tendr\u00e1 una vista impresionante del Etang de Thau. Tambi\u00e9n tendr\u00e1s la oportunidad de admirar el Mediterr\u00e1neo y los matorrales.<\/p>\n<\/div><\/div><div class=\"text-image-new-colonne\"><img decoding=\"async\" src=\"https:\/\/www.campingborepo.fr\/wp-content\/uploads\/2024\/03\/mont-saint-clair-etang-de-thau.jpg\" alt=\"Monte Saint Clair Estanque de Thau\" class=\"text-image-new-thumb\" \/><\/div><\/div>\n\n<div class=\"text-image-new style1 image-right background-marron\"><div class=\"text-image-new-colonne\"><H2 class=\"text-image-new-titre\">Descubre los pueblos cercanos a la cuenca de Thau<\/H2><div class=\"text-image-new-content\"><p>Ya sea que haya disfrutado de una caminata, un paseo a caballo o en bicicleta, un ba\u00f1o o una actividad acu\u00e1tica en el Etang de Thau, no olvide completar su excursi\u00f3n con el descubrimiento de una ciudad cercana. Si le gusta pasear por las tiendas, comer helado y relajarse, le conquistar\u00e1n Balaruc-le-Vieux, Marseillan, S\u00e8te, Bouzigues o incluso Frontignan. Cada destino rodea la cuenca de Thau. \u00a1Suficiente para organizar un d\u00eda rico en visitas y emociones!<\/p>\n<\/div><\/div><div class=\"text-image-new-colonne\"><img decoding=\"async\" src=\"https:\/\/www.campingborepo.fr\/wp-content\/uploads\/2024\/04\/tourisme-etang-de-thau.jpg\" alt=\"turismo alrededor del estanque de Thau\" class=\"text-image-new-thumb\" \/><\/div><\/div>\n\n<div class=\"text-image-new style1 image-left\"><div class=\"text-image-new-colonne\"><H2 class=\"text-image-new-titre\">\u00bfD\u00f3nde alojarse para disfrutar de la laguna de Thau?<\/H2><div class=\"text-image-new-content\"><p>\u00bfCu\u00e1l es la mejor soluci\u00f3n de alojamiento para disfrutar plenamente de una visita a H\u00e9rault? \u00a1Definitivamente acampar! \u00a1No s\u00f3lo te beneficiar\u00e1s de un c\u00f3modo alquiler, sino que adem\u00e1s, estos establecimientos te ofrecen actividades y entretenimiento para mantenerte ocupado durante tus vacaciones! La guinda del pastel: tendr\u00e1s la oportunidad de alojarte cerca de los destinos m\u00e1s bellos de H\u00e9rault, como el Etang de Thau y los pueblos de los alrededores. \u00a1Esto es lo que le ofrece el camping Borepo, este camping cerca del estanque de Thau! \u00a1Descubra ahora nuestros alojamientos (incluidos nuestros alquileres de mobil-homes en H\u00e9rault) y nuestros servicios!<\/p>\n<\/div><\/div><div class=\"text-image-new-colonne\"><img decoding=\"async\" src=\"https:\/\/www.campingborepo.fr\/wp-content\/uploads\/2024\/04\/location-camping-etang-de-thau.jpg\" alt=\"alojamiento en camping en el estanque de Thau\" class=\"text-image-new-thumb\" \/><\/div><\/div>","protected":false},"excerpt":{"rendered":"","protected":false},"author":5,"featured_media":10368,"parent":10346,"menu_order":0,"comment_status":"closed","ping_status":"closed","template":"","meta":{"_acf_changed":false,"footnotes":""},"class_list":["post-10367","page","type-page","status-publish","has-post-thumbnail","hentry"],"acf":[],"yoast_head":"<!-- This site is optimized with the Yoast SEO plugin v27.3 - https:\/\/yoast.com\/product\/yoast-seo-wordpress\/ -->\n<title>\u00c9tang de Thau en H\u00e9rault: actividades, paseos, relax, ostras\u2026<\/title>\n<meta name=\"description\" content=\"Explore el \u00c9tang de Thau, la laguna m\u00e1s grande de H\u00e9rault, y desc\u00fabralo a trav\u00e9s de varias actividades: paseos, degustaci\u00f3n de ostras, playas y m\u00e1s... Descubra el \u00c9tang de Thau y prepare su estancia con nuestros consejos.\" \/>\n<meta name=\"robots\" content=\"index, follow, max-snippet:-1, max-image-preview:large, max-video-preview:-1\" \/>\n<link rel=\"canonical\" href=\"https:\/\/www.campingborepo.fr\/es\/a-ver\/estanque-de-thau\/\" \/>\n<meta property=\"og:locale\" content=\"es_ES\" \/>\n<meta property=\"og:type\" content=\"article\" \/>\n<meta property=\"og:title\" content=\"\u00c9tang de Thau en H\u00e9rault: actividades, paseos, relax, ostras\u2026\" \/>\n<meta property=\"og:description\" content=\"Explore el \u00c9tang de Thau, la laguna m\u00e1s grande de H\u00e9rault, y desc\u00fabralo a trav\u00e9s de varias actividades: paseos, degustaci\u00f3n de ostras, playas y m\u00e1s... Descubra el \u00c9tang de Thau y prepare su estancia con nuestros consejos.\" \/>\n<meta property=\"og:url\" content=\"https:\/\/www.campingborepo.fr\/es\/a-ver\/estanque-de-thau\/\" \/>\n<meta property=\"og:site_name\" content=\"Camping Borepo\" \/>\n<meta property=\"article:modified_time\" content=\"2024-06-27T07:49:19+00:00\" \/>\n<meta property=\"og:image\" content=\"https:\/\/www.campingborepo.fr\/wp-content\/uploads\/2024\/03\/etang-de-thau.jpg\" \/>\n\t<meta property=\"og:image:width\" content=\"1500\" \/>\n\t<meta property=\"og:image:height\" content=\"760\" \/>\n\t<meta property=\"og:image:type\" content=\"image\/jpeg\" \/>\n<meta name=\"twitter:card\" content=\"summary_large_image\" \/>\n<meta name=\"twitter:label1\" content=\"Tiempo de lectura\" \/>\n\t<meta name=\"twitter:data1\" content=\"1 minuto\" \/>\n<script type=\"application\/ld+json\" class=\"yoast-schema-graph\">{\"@context\":\"https:\\\/\\\/schema.org\",\"@graph\":[{\"@type\":\"WebPage\",\"@id\":\"https:\\\/\\\/www.campingborepo.fr\\\/es\\\/a-ver\\\/estanque-de-thau\\\/\",\"url\":\"https:\\\/\\\/www.campingborepo.fr\\\/es\\\/a-ver\\\/estanque-de-thau\\\/\",\"name\":\"\u00c9tang de Thau en H\u00e9rault: actividades, paseos, relax, ostras\u2026\",\"isPartOf\":{\"@id\":\"https:\\\/\\\/www.campingborepo.fr\\\/es\\\/#website\"},\"primaryImageOfPage\":{\"@id\":\"https:\\\/\\\/www.campingborepo.fr\\\/es\\\/a-ver\\\/estanque-de-thau\\\/#primaryimage\"},\"image\":{\"@id\":\"https:\\\/\\\/www.campingborepo.fr\\\/es\\\/a-ver\\\/estanque-de-thau\\\/#primaryimage\"},\"thumbnailUrl\":\"https:\\\/\\\/www.campingborepo.fr\\\/wp-content\\\/uploads\\\/2024\\\/03\\\/etang-de-thau.jpg\",\"datePublished\":\"2024-03-21T15:22:25+00:00\",\"dateModified\":\"2024-06-27T07:49:19+00:00\",\"description\":\"Explore el \u00c9tang de Thau, la laguna m\u00e1s grande de H\u00e9rault, y desc\u00fabralo a trav\u00e9s de varias actividades: paseos, degustaci\u00f3n de ostras, playas y m\u00e1s... Descubra el \u00c9tang de Thau y prepare su estancia con nuestros consejos.\",\"breadcrumb\":{\"@id\":\"https:\\\/\\\/www.campingborepo.fr\\\/es\\\/a-ver\\\/estanque-de-thau\\\/#breadcrumb\"},\"inLanguage\":\"es\",\"potentialAction\":[{\"@type\":\"ReadAction\",\"target\":[\"https:\\\/\\\/www.campingborepo.fr\\\/es\\\/a-ver\\\/estanque-de-thau\\\/\"]}]},{\"@type\":\"ImageObject\",\"inLanguage\":\"es\",\"@id\":\"https:\\\/\\\/www.campingborepo.fr\\\/es\\\/a-ver\\\/estanque-de-thau\\\/#primaryimage\",\"url\":\"https:\\\/\\\/www.campingborepo.fr\\\/wp-content\\\/uploads\\\/2024\\\/03\\\/etang-de-thau.jpg\",\"contentUrl\":\"https:\\\/\\\/www.campingborepo.fr\\\/wp-content\\\/uploads\\\/2024\\\/03\\\/etang-de-thau.jpg\",\"width\":1500,\"height\":760},{\"@type\":\"BreadcrumbList\",\"@id\":\"https:\\\/\\\/www.campingborepo.fr\\\/es\\\/a-ver\\\/estanque-de-thau\\\/#breadcrumb\",\"itemListElement\":[{\"@type\":\"ListItem\",\"position\":1,\"name\":\"Camping 3 \u00e9toiles H\u00e9rault\",\"item\":\"https:\\\/\\\/www.campingborepo.fr\\\/es\\\/\"},{\"@type\":\"ListItem\",\"position\":2,\"name\":\"\u00bfQu\u00e9 ver y hacer en H\u00e9rault?\",\"item\":\"https:\\\/\\\/www.campingborepo.fr\\\/es\\\/a-ver\\\/\"},{\"@type\":\"ListItem\",\"position\":3,\"name\":\"Descubre el estanque de Thau\"}]},{\"@type\":\"WebSite\",\"@id\":\"https:\\\/\\\/www.campingborepo.fr\\\/es\\\/#website\",\"url\":\"https:\\\/\\\/www.campingborepo.fr\\\/es\\\/\",\"name\":\"Camping Borepo\",\"description\":\"\",\"publisher\":{\"@id\":\"https:\\\/\\\/www.campingborepo.fr\\\/es\\\/#organization\"},\"potentialAction\":[{\"@type\":\"SearchAction\",\"target\":{\"@type\":\"EntryPoint\",\"urlTemplate\":\"https:\\\/\\\/www.campingborepo.fr\\\/es\\\/?s={search_term_string}\"},\"query-input\":{\"@type\":\"PropertyValueSpecification\",\"valueRequired\":true,\"valueName\":\"search_term_string\"}}],\"inLanguage\":\"es\"},{\"@type\":\"Organization\",\"@id\":\"https:\\\/\\\/www.campingborepo.fr\\\/es\\\/#organization\",\"name\":\"Camping Borepo\",\"url\":\"https:\\\/\\\/www.campingborepo.fr\\\/es\\\/\",\"logo\":{\"@type\":\"ImageObject\",\"inLanguage\":\"es\",\"@id\":\"https:\\\/\\\/www.campingborepo.fr\\\/es\\\/#\\\/schema\\\/logo\\\/image\\\/\",\"url\":\"https:\\\/\\\/www.campingborepo.fr\\\/wp-content\\\/uploads\\\/2024\\\/01\\\/logo-nature-residences-loisirs.png\",\"contentUrl\":\"https:\\\/\\\/www.campingborepo.fr\\\/wp-content\\\/uploads\\\/2024\\\/01\\\/logo-nature-residences-loisirs.png\",\"width\":300,\"height\":134,\"caption\":\"Camping Borepo\"},\"image\":{\"@id\":\"https:\\\/\\\/www.campingborepo.fr\\\/es\\\/#\\\/schema\\\/logo\\\/image\\\/\"}}]}<\/script>\n<!-- \/ Yoast SEO plugin. -->","yoast_head_json":{"title":"\u00c9tang de Thau en H\u00e9rault: actividades, paseos, relax, ostras\u2026","description":"Explore el \u00c9tang de Thau, la laguna m\u00e1s grande de H\u00e9rault, y desc\u00fabralo a trav\u00e9s de varias actividades: paseos, degustaci\u00f3n de ostras, playas y m\u00e1s... Descubra el \u00c9tang de Thau y prepare su estancia con nuestros consejos.","robots":{"index":"index","follow":"follow","max-snippet":"max-snippet:-1","max-image-preview":"max-image-preview:large","max-video-preview":"max-video-preview:-1"},"canonical":"https:\/\/www.campingborepo.fr\/es\/a-ver\/estanque-de-thau\/","og_locale":"es_ES","og_type":"article","og_title":"\u00c9tang de Thau en H\u00e9rault: actividades, paseos, relax, ostras\u2026","og_description":"Explore el \u00c9tang de Thau, la laguna m\u00e1s grande de H\u00e9rault, y desc\u00fabralo a trav\u00e9s de varias actividades: paseos, degustaci\u00f3n de ostras, playas y m\u00e1s... Descubra el \u00c9tang de Thau y prepare su estancia con nuestros consejos.","og_url":"https:\/\/www.campingborepo.fr\/es\/a-ver\/estanque-de-thau\/","og_site_name":"Camping Borepo","article_modified_time":"2024-06-27T07:49:19+00:00","og_image":[{"width":1500,"height":760,"url":"https:\/\/www.campingborepo.fr\/wp-content\/uploads\/2024\/03\/etang-de-thau.jpg","type":"image\/jpeg"}],"twitter_card":"summary_large_image","twitter_misc":{"Tiempo de lectura":"1 minuto"},"schema":{"@context":"https:\/\/schema.org","@graph":[{"@type":"WebPage","@id":"https:\/\/www.campingborepo.fr\/es\/a-ver\/estanque-de-thau\/","url":"https:\/\/www.campingborepo.fr\/es\/a-ver\/estanque-de-thau\/","name":"\u00c9tang de Thau en H\u00e9rault: actividades, paseos, relax, ostras\u2026","isPartOf":{"@id":"https:\/\/www.campingborepo.fr\/es\/#website"},"primaryImageOfPage":{"@id":"https:\/\/www.campingborepo.fr\/es\/a-ver\/estanque-de-thau\/#primaryimage"},"image":{"@id":"https:\/\/www.campingborepo.fr\/es\/a-ver\/estanque-de-thau\/#primaryimage"},"thumbnailUrl":"https:\/\/www.campingborepo.fr\/wp-content\/uploads\/2024\/03\/etang-de-thau.jpg","datePublished":"2024-03-21T15:22:25+00:00","dateModified":"2024-06-27T07:49:19+00:00","description":"Explore el \u00c9tang de Thau, la laguna m\u00e1s grande de H\u00e9rault, y desc\u00fabralo a trav\u00e9s de varias actividades: paseos, degustaci\u00f3n de ostras, playas y m\u00e1s... Descubra el \u00c9tang de Thau y prepare su estancia con nuestros consejos.","breadcrumb":{"@id":"https:\/\/www.campingborepo.fr\/es\/a-ver\/estanque-de-thau\/#breadcrumb"},"inLanguage":"es","potentialAction":[{"@type":"ReadAction","target":["https:\/\/www.campingborepo.fr\/es\/a-ver\/estanque-de-thau\/"]}]},{"@type":"ImageObject","inLanguage":"es","@id":"https:\/\/www.campingborepo.fr\/es\/a-ver\/estanque-de-thau\/#primaryimage","url":"https:\/\/www.campingborepo.fr\/wp-content\/uploads\/2024\/03\/etang-de-thau.jpg","contentUrl":"https:\/\/www.campingborepo.fr\/wp-content\/uploads\/2024\/03\/etang-de-thau.jpg","width":1500,"height":760},{"@type":"BreadcrumbList","@id":"https:\/\/www.campingborepo.fr\/es\/a-ver\/estanque-de-thau\/#breadcrumb","itemListElement":[{"@type":"ListItem","position":1,"name":"Camping 3 \u00e9toiles H\u00e9rault","item":"https:\/\/www.campingborepo.fr\/es\/"},{"@type":"ListItem","position":2,"name":"\u00bfQu\u00e9 ver y hacer en H\u00e9rault?","item":"https:\/\/www.campingborepo.fr\/es\/a-ver\/"},{"@type":"ListItem","position":3,"name":"Descubre el estanque de Thau"}]},{"@type":"WebSite","@id":"https:\/\/www.campingborepo.fr\/es\/#website","url":"https:\/\/www.campingborepo.fr\/es\/","name":"Camping Borepo","description":"","publisher":{"@id":"https:\/\/www.campingborepo.fr\/es\/#organization"},"potentialAction":[{"@type":"SearchAction","target":{"@type":"EntryPoint","urlTemplate":"https:\/\/www.campingborepo.fr\/es\/?s={search_term_string}"},"query-input":{"@type":"PropertyValueSpecification","valueRequired":true,"valueName":"search_term_string"}}],"inLanguage":"es"},{"@type":"Organization","@id":"https:\/\/www.campingborepo.fr\/es\/#organization","name":"Camping Borepo","url":"https:\/\/www.campingborepo.fr\/es\/","logo":{"@type":"ImageObject","inLanguage":"es","@id":"https:\/\/www.campingborepo.fr\/es\/#\/schema\/logo\/image\/","url":"https:\/\/www.campingborepo.fr\/wp-content\/uploads\/2024\/01\/logo-nature-residences-loisirs.png","contentUrl":"https:\/\/www.campingborepo.fr\/wp-content\/uploads\/2024\/01\/logo-nature-residences-loisirs.png","width":300,"height":134,"caption":"Camping Borepo"},"image":{"@id":"https:\/\/www.campingborepo.fr\/es\/#\/schema\/logo\/image\/"}}]}},"_links":{"self":[{"href":"https:\/\/www.campingborepo.fr\/es\/wp-json\/wp\/v2\/pages\/10367","targetHints":{"allow":["GET"]}}],"collection":[{"href":"https:\/\/www.campingborepo.fr\/es\/wp-json\/wp\/v2\/pages"}],"about":[{"href":"https:\/\/www.campingborepo.fr\/es\/wp-json\/wp\/v2\/types\/page"}],"author":[{"embeddable":true,"href":"https:\/\/www.campingborepo.fr\/es\/wp-json\/wp\/v2\/users\/5"}],"replies":[{"embeddable":true,"href":"https:\/\/www.campingborepo.fr\/es\/wp-json\/wp\/v2\/comments?post=10367"}],"version-history":[{"count":2,"href":"https:\/\/www.campingborepo.fr\/es\/wp-json\/wp\/v2\/pages\/10367\/revisions"}],"predecessor-version":[{"id":10379,"href":"https:\/\/www.campingborepo.fr\/es\/wp-json\/wp\/v2\/pages\/10367\/revisions\/10379"}],"up":[{"embeddable":true,"href":"https:\/\/www.campingborepo.fr\/es\/wp-json\/wp\/v2\/pages\/10346"}],"wp:featuredmedia":[{"embeddable":true,"href":"https:\/\/www.campingborepo.fr\/es\/wp-json\/wp\/v2\/media\/10368"}],"wp:attachment":[{"href":"https:\/\/www.campingborepo.fr\/es\/wp-json\/wp\/v2\/media?parent=10367"}],"curies":[{"name":"wp","href":"https:\/\/api.w.org\/{rel}","templated":true}]}}