{"id":10346,"date":"2021-08-24T10:33:49","date_gmt":"2021-08-24T08:33:49","guid":{"rendered":"https:\/\/www.campingborepo.fr\/a-voir\/"},"modified":"2024-06-27T09:40:34","modified_gmt":"2024-06-27T07:40:34","slug":"a-ver","status":"publish","type":"page","link":"https:\/\/www.campingborepo.fr\/es\/a-ver\/","title":{"rendered":"A ver"},"content":{"rendered":"<div class=\"bloc-texte full\"><div class=\"texte left\"><p>H\u00e9rault, situado en el sur de Francia, ofrece un mosaico de paisajes y experiencias que lo convierten en un destino tur\u00edstico imprescindible. Entre el mar Mediterr\u00e1neo y el interior monta\u00f1oso, este departamento est\u00e1 lleno de atractivos naturales, hist\u00f3ricos y culturales. Durante su estancia en nuestro camping de 3 estrellas en H\u00e9rault, visite H\u00e9rault para pasar una estancia familiar inolvidable en el coraz\u00f3n de una regi\u00f3n con un patrimonio excepcional.<\/p>\n<\/div><\/div>\n\n<div class=\"text-image-new style1 image-left\"><div class=\"text-image-new-colonne\"><H2 class=\"text-image-new-titre\">Descubrimiento de H\u00e9rault, tierra de contrastes y riquezas<\/H2><div class=\"text-image-new-content\"><p>H\u00e9rault, departamento franc\u00e9s excepcionalmente rico, se distingue por su diversidad geogr\u00e1fica y su agradable clima mediterr\u00e1neo durante todo el a\u00f1o. Ba\u00f1ada por el mar Mediterr\u00e1neo en su costa, ofrece playas paradis\u00edacas, animadas localidades costeras y pintorescos puertos pesqueros. En el interior, H\u00e9rault se caracteriza por sus variados paisajes: vi\u00f1edos de renombre, impresionantes gargantas y cadenas monta\u00f1osas que ofrecen numerosas oportunidades para practicar senderismo y actividades al aire libre.<\/p>\n<p>Su rica historia se refleja en su patrimonio arquitect\u00f3nico, con sitios como el Puente del Diablo, la ciudad de Montpellier, rica en cultura e historia, y numerosos pueblos medievales conservados. H\u00e9rault es tambi\u00e9n un crisol de tradiciones, donde la gastronom\u00eda y el vino ocupan un lugar privilegiado, invit\u00e1ndole a descubrir los sabores locales. Un departamento donde cada visita reserva su cuota de sorpresas y asombro.<\/p>\n<\/div><\/div><div class=\"text-image-new-colonne\"><img decoding=\"async\" src=\"https:\/\/www.campingborepo.fr\/wp-content\/uploads\/2024\/03\/tourisme-herault.jpg\" alt=\"turismo en herault\" class=\"text-image-new-thumb\" \/><\/div><\/div>\n\n<div class=\"text-image-new style1 image-right background-marron\"><div class=\"text-image-new-colonne\"><H2 class=\"text-image-new-titre\">Los imprescindibles de H\u00e9rault<\/H2><div class=\"text-image-new-content\"><p>Al decidir visitar H\u00e9rault, descubrir\u00e1 lugares imperdibles que har\u00e1n las delicias de los visitantes en busca de sol, historia y naturaleza.<\/p>\n<h3>Las playas<\/h3>\n<p>El departamento es famoso por su costa mediterr\u00e1nea y sus playas de arena fina. Entre las m\u00e1s populares, la playa de Palavas-les-Flots atrae por su ambiente familiar y sus numerosas actividades acu\u00e1ticas. Cap d&#8217;Agde, con su puerto deportivo y sus playas, ofrece un entorno ideal para la relajaci\u00f3n y el entretenimiento.<\/p>\n<h3>Lugares hist\u00f3ricos<\/h3>\n<p>H\u00e9rault es un libro de historia al aire libre. La ciudad de P\u00e9zenas, con sus calles adoquinadas y mansiones privadas, es testigo de la riqueza hist\u00f3rica de la regi\u00f3n. El Pont du Diable, uno de los puentes medievales m\u00e1s antiguos de Francia, y la Abad\u00eda de Saint-Guilhem-le-D\u00e9sert son visitas obligadas para los amantes de la historia. Entre los sitios hist\u00f3ricos, no se pierda la Abad\u00eda de Valmagne, cerca de Villeveyrac, donde la arquitectura cisterciense y los vi\u00f1edos se encuentran en un entorno impresionante.<\/p>\n<\/div><\/div><div class=\"text-image-new-colonne\"><img decoding=\"async\" src=\"https:\/\/www.campingborepo.fr\/wp-content\/uploads\/2024\/03\/plages-herault.jpg\" alt=\"playa de h\u00e9rault\" class=\"text-image-new-thumb\" \/><\/div><\/div>\n\n<div class=\"text-image-new style1 image-left\"><div class=\"text-image-new-colonne\"><H2 class=\"text-image-new-titre\">Descubre los vinos de nuestra regi\u00f3n.<\/H2><div class=\"text-image-new-content\"><h3>parques naturales<\/h3>\n<p>Para los amantes de la naturaleza, el Parque Natural Regional de Alto Languedoc ofrece paisajes variados, desde monta\u00f1as hasta valles verdes, ideales para practicar senderismo o ciclismo de monta\u00f1a. El estanque de Thau, cerca de M\u00e8ze, es un lugar privilegiado para observar la fauna y la flora, en particular sus famosos criaderos de ostras, pero tambi\u00e9n sus playas \u00edntimas.<\/p>\n<h3>Actividades al aire libre<\/h3>\n<p>H\u00e9rault tambi\u00e9n invita a la aventura con sus actividades al aire libre. La v\u00eda verde de Passa Pa\u00efs ofrece una experiencia ciclista \u00fanica a trav\u00e9s del Parque Natural Regional del Alto Languedoc, mientras que las Gargantas del H\u00e9rault resultan ser un para\u00edso para los amantes del pirag\u00fcismo, prometiendo momentos de relajaci\u00f3n y emoci\u00f3n en el coraz\u00f3n de paisajes impresionantes.<\/p>\n<\/div><\/div><div class=\"text-image-new-colonne\"><img decoding=\"async\" src=\"https:\/\/www.campingborepo.fr\/wp-content\/uploads\/2024\/03\/mont-saint-clair-etang-de-thau.jpg\" alt=\"actividades al aire libre herault\" class=\"text-image-new-thumb\" \/><\/div><\/div>\n\n<div class=\"text-image-new style1 image-right background-marron\"><div class=\"text-image-new-colonne\"><H2 class=\"text-image-new-titre\">Sabores y fiestas: en el coraz\u00f3n de la cultura de H\u00e9rault<\/H2><div class=\"text-image-new-content\"><h3>gastronom\u00eda local<\/h3>\n<p>La gastronom\u00eda de H\u00e9rault es un reflejo de su riqueza cultural y la generosidad de su terru\u00f1o. Entre las especialidades imperdibles, la tielle S\u00e9toise, un pastel de marisco especiado, deleita los paladares en busca de sabores mar\u00edtimos. El P\u00e9lardon, un queso de cabra con denominaci\u00f3n de origen, suave o curado, es una delicia para disfrutar con una copa de vino local. Los mariscos del estanque de Thau, en particular las ostras y los mejillones, son famosos por su frescura y calidad. Por \u00faltimo, los vi\u00f1edos de Montagnac y Pomerols son paradas imprescindibles para los amantes del vino, ya que ofrecen una paleta gustativa que refleja la diversidad y la riqueza del terru\u00f1o de H\u00e9rault.<\/p>\n<h3>Los eventos<\/h3>\n<p>La riqueza cultural de H\u00e9rault tambi\u00e9n se manifiesta a trav\u00e9s de sus eventos, como el Festival Internacional de Cine de Montpellier, que transforma la ciudad en un escenario vibrante dedicado al cine mediterr\u00e1neo cada oto\u00f1o. Los mercados tradicionales, como el de Saint-Guilhem-le-D\u00e9sert, ofrecen una inmersi\u00f3n en la autenticidad y los sabores locales, donde los intercambios con los productores enriquecen la experiencia tur\u00edstica.<\/p>\n<\/div><\/div><div class=\"text-image-new-colonne\"><img decoding=\"async\" src=\"https:\/\/www.campingborepo.fr\/wp-content\/uploads\/2024\/02\/camping-borepo-vignes-2.jpg\" alt=\"Turismo en Herault\" class=\"text-image-new-thumb\" \/><\/div><\/div>\n\n<div class=\"text-image-new style1 image-left\"><div class=\"text-image-new-colonne\"><H2 class=\"text-image-new-titre\">Visitas culturales<\/H2><div class=\"text-image-new-content\"><p>Visitar H\u00e9rault es una gran opci\u00f3n para los amantes de la cultura, con sus numerosos museos y lugares de inter\u00e9s que celebran la historia, el arte y las tradiciones de la regi\u00f3n. El Museo Fabre de Montpellier es de visita obligada y ofrece una rica colecci\u00f3n de obras europeas desde el siglo XIV hasta nuestros d\u00edas. En S\u00e8te, el Museo Paul Val\u00e9ry destaca por sus exposiciones de arte moderno y contempor\u00e1neo, as\u00ed como por sus impresionantes vistas al mar Mediterr\u00e1neo. Para una inmersi\u00f3n en la historia local, el sitio arqueol\u00f3gico de Lattara &#8211; Museo Henri Prades en Lattes revela los restos de una antigua ciudad portuaria etrusca y romana. Los amantes del vino y del patrimonio rural apreciar\u00e1n el castillo de Flaugergues en Montpellier, que combina la degustaci\u00f3n de vinos y el descubrimiento de un magn\u00edfico ejemplo de arquitectura del siglo XVII. En M\u00e8ze, explore el museo \u00c9tang de Thau para descubrir la fauna, la flora y la historia de este mar interior \u00fanico, que testimonia la interacci\u00f3n entre el hombre y la naturaleza a lo largo de los siglos.<\/p>\n<\/div><p class=\"lire-plus\">Leer m\u00e1s<\/p><div class=\"text-image-new-content-more hide\"><p>H\u00e9rault tambi\u00e9n est\u00e1 lleno de tesoros escondidos y paisajes impresionantes que invitan a la exploraci\u00f3n. Villeneuvette, con su historia de manufactura real, y el lago de Salagou, rodeado de tierra roja, ofrecen escenarios excepcionales para los amantes de la naturaleza y la historia. Estos lugares, entre muchos otros, son testigos de la diversidad y belleza del departamento, prometiendo descubrimientos inesperados en cada visita.<\/p>\n<p>Visitar H\u00e9rault, con sus variados paisajes, su rica historia, sus especialidades culinarias y sus eventos culturales, ofrece una experiencia tur\u00edstica completa.<\/p>\n<\/div><p class=\"lire-moins hide\">Leer menos<\/p><\/div><div class=\"text-image-new-colonne\"><img decoding=\"async\" src=\"https:\/\/www.campingborepo.fr\/wp-content\/uploads\/2024\/03\/abbaye-valmagne-villeveyrac.jpg\" alt=\"visitas culturales herault\" class=\"text-image-new-thumb\" \/><\/div><\/div>","protected":false},"excerpt":{"rendered":"","protected":false},"author":1,"featured_media":10348,"parent":0,"menu_order":0,"comment_status":"closed","ping_status":"closed","template":"","meta":{"_acf_changed":false,"footnotes":""},"class_list":["post-10346","page","type-page","status-publish","has-post-thumbnail","hentry"],"acf":[],"yoast_head":"<!-- This site is optimized with the Yoast SEO plugin v27.3 - https:\/\/yoast.com\/product\/yoast-seo-wordpress\/ -->\n<title>Descubra H\u00e9rault desde el Camping Borepo<\/title>\n<meta name=\"description\" content=\"Explore H\u00e9rault: un tesoro de Francia con sus magn\u00edficas playas, ciudades hist\u00f3ricas y naturaleza deslumbrante. \u00a1Descubrimiento garantizado!\" \/>\n<meta name=\"robots\" content=\"index, follow, max-snippet:-1, max-image-preview:large, max-video-preview:-1\" \/>\n<link rel=\"canonical\" href=\"https:\/\/www.campingborepo.fr\/es\/a-ver\/\" \/>\n<meta property=\"og:locale\" content=\"es_ES\" \/>\n<meta property=\"og:type\" content=\"article\" \/>\n<meta property=\"og:title\" content=\"Descubra H\u00e9rault desde el Camping Borepo\" \/>\n<meta property=\"og:description\" content=\"Explore H\u00e9rault: un tesoro de Francia con sus magn\u00edficas playas, ciudades hist\u00f3ricas y naturaleza deslumbrante. \u00a1Descubrimiento garantizado!\" \/>\n<meta property=\"og:url\" content=\"https:\/\/www.campingborepo.fr\/es\/a-ver\/\" \/>\n<meta property=\"og:site_name\" content=\"Camping Borepo\" \/>\n<meta property=\"article:modified_time\" content=\"2024-06-27T07:40:34+00:00\" \/>\n<meta property=\"og:image\" content=\"https:\/\/www.campingborepo.fr\/wp-content\/uploads\/2022\/11\/A-VOIR-scaled-e1668778464882.jpg\" \/>\n\t<meta property=\"og:image:width\" content=\"1500\" \/>\n\t<meta property=\"og:image:height\" content=\"760\" \/>\n\t<meta property=\"og:image:type\" content=\"image\/jpeg\" \/>\n<meta name=\"twitter:card\" content=\"summary_large_image\" \/>\n<meta name=\"twitter:label1\" content=\"Tiempo de lectura\" \/>\n\t<meta name=\"twitter:data1\" content=\"1 minuto\" \/>\n<script type=\"application\/ld+json\" class=\"yoast-schema-graph\">{\"@context\":\"https:\\\/\\\/schema.org\",\"@graph\":[{\"@type\":\"WebPage\",\"@id\":\"https:\\\/\\\/www.campingborepo.fr\\\/es\\\/a-ver\\\/\",\"url\":\"https:\\\/\\\/www.campingborepo.fr\\\/es\\\/a-ver\\\/\",\"name\":\"Descubra H\u00e9rault desde el Camping Borepo\",\"isPartOf\":{\"@id\":\"https:\\\/\\\/www.campingborepo.fr\\\/es\\\/#website\"},\"primaryImageOfPage\":{\"@id\":\"https:\\\/\\\/www.campingborepo.fr\\\/es\\\/a-ver\\\/#primaryimage\"},\"image\":{\"@id\":\"https:\\\/\\\/www.campingborepo.fr\\\/es\\\/a-ver\\\/#primaryimage\"},\"thumbnailUrl\":\"https:\\\/\\\/www.campingborepo.fr\\\/wp-content\\\/uploads\\\/2022\\\/11\\\/A-VOIR-scaled-e1668778464882.jpg\",\"datePublished\":\"2021-08-24T08:33:49+00:00\",\"dateModified\":\"2024-06-27T07:40:34+00:00\",\"description\":\"Explore H\u00e9rault: un tesoro de Francia con sus magn\u00edficas playas, ciudades hist\u00f3ricas y naturaleza deslumbrante. \u00a1Descubrimiento garantizado!\",\"breadcrumb\":{\"@id\":\"https:\\\/\\\/www.campingborepo.fr\\\/es\\\/a-ver\\\/#breadcrumb\"},\"inLanguage\":\"es\",\"potentialAction\":[{\"@type\":\"ReadAction\",\"target\":[\"https:\\\/\\\/www.campingborepo.fr\\\/es\\\/a-ver\\\/\"]}]},{\"@type\":\"ImageObject\",\"inLanguage\":\"es\",\"@id\":\"https:\\\/\\\/www.campingborepo.fr\\\/es\\\/a-ver\\\/#primaryimage\",\"url\":\"https:\\\/\\\/www.campingborepo.fr\\\/wp-content\\\/uploads\\\/2022\\\/11\\\/A-VOIR-scaled-e1668778464882.jpg\",\"contentUrl\":\"https:\\\/\\\/www.campingborepo.fr\\\/wp-content\\\/uploads\\\/2022\\\/11\\\/A-VOIR-scaled-e1668778464882.jpg\",\"width\":1500,\"height\":760},{\"@type\":\"BreadcrumbList\",\"@id\":\"https:\\\/\\\/www.campingborepo.fr\\\/es\\\/a-ver\\\/#breadcrumb\",\"itemListElement\":[{\"@type\":\"ListItem\",\"position\":1,\"name\":\"Camping 3 \u00e9toiles H\u00e9rault\",\"item\":\"https:\\\/\\\/www.campingborepo.fr\\\/es\\\/\"},{\"@type\":\"ListItem\",\"position\":2,\"name\":\"\u00bfQu\u00e9 ver y hacer en H\u00e9rault?\"}]},{\"@type\":\"WebSite\",\"@id\":\"https:\\\/\\\/www.campingborepo.fr\\\/es\\\/#website\",\"url\":\"https:\\\/\\\/www.campingborepo.fr\\\/es\\\/\",\"name\":\"Camping Borepo\",\"description\":\"\",\"publisher\":{\"@id\":\"https:\\\/\\\/www.campingborepo.fr\\\/es\\\/#organization\"},\"potentialAction\":[{\"@type\":\"SearchAction\",\"target\":{\"@type\":\"EntryPoint\",\"urlTemplate\":\"https:\\\/\\\/www.campingborepo.fr\\\/es\\\/?s={search_term_string}\"},\"query-input\":{\"@type\":\"PropertyValueSpecification\",\"valueRequired\":true,\"valueName\":\"search_term_string\"}}],\"inLanguage\":\"es\"},{\"@type\":\"Organization\",\"@id\":\"https:\\\/\\\/www.campingborepo.fr\\\/es\\\/#organization\",\"name\":\"Camping Borepo\",\"url\":\"https:\\\/\\\/www.campingborepo.fr\\\/es\\\/\",\"logo\":{\"@type\":\"ImageObject\",\"inLanguage\":\"es\",\"@id\":\"https:\\\/\\\/www.campingborepo.fr\\\/es\\\/#\\\/schema\\\/logo\\\/image\\\/\",\"url\":\"https:\\\/\\\/www.campingborepo.fr\\\/wp-content\\\/uploads\\\/2024\\\/01\\\/logo-nature-residences-loisirs.png\",\"contentUrl\":\"https:\\\/\\\/www.campingborepo.fr\\\/wp-content\\\/uploads\\\/2024\\\/01\\\/logo-nature-residences-loisirs.png\",\"width\":300,\"height\":134,\"caption\":\"Camping Borepo\"},\"image\":{\"@id\":\"https:\\\/\\\/www.campingborepo.fr\\\/es\\\/#\\\/schema\\\/logo\\\/image\\\/\"}}]}<\/script>\n<!-- \/ Yoast SEO plugin. -->","yoast_head_json":{"title":"Descubra H\u00e9rault desde el Camping Borepo","description":"Explore H\u00e9rault: un tesoro de Francia con sus magn\u00edficas playas, ciudades hist\u00f3ricas y naturaleza deslumbrante. \u00a1Descubrimiento garantizado!","robots":{"index":"index","follow":"follow","max-snippet":"max-snippet:-1","max-image-preview":"max-image-preview:large","max-video-preview":"max-video-preview:-1"},"canonical":"https:\/\/www.campingborepo.fr\/es\/a-ver\/","og_locale":"es_ES","og_type":"article","og_title":"Descubra H\u00e9rault desde el Camping Borepo","og_description":"Explore H\u00e9rault: un tesoro de Francia con sus magn\u00edficas playas, ciudades hist\u00f3ricas y naturaleza deslumbrante. \u00a1Descubrimiento garantizado!","og_url":"https:\/\/www.campingborepo.fr\/es\/a-ver\/","og_site_name":"Camping Borepo","article_modified_time":"2024-06-27T07:40:34+00:00","og_image":[{"width":1500,"height":760,"url":"https:\/\/www.campingborepo.fr\/wp-content\/uploads\/2022\/11\/A-VOIR-scaled-e1668778464882.jpg","type":"image\/jpeg"}],"twitter_card":"summary_large_image","twitter_misc":{"Tiempo de lectura":"1 minuto"},"schema":{"@context":"https:\/\/schema.org","@graph":[{"@type":"WebPage","@id":"https:\/\/www.campingborepo.fr\/es\/a-ver\/","url":"https:\/\/www.campingborepo.fr\/es\/a-ver\/","name":"Descubra H\u00e9rault desde el Camping Borepo","isPartOf":{"@id":"https:\/\/www.campingborepo.fr\/es\/#website"},"primaryImageOfPage":{"@id":"https:\/\/www.campingborepo.fr\/es\/a-ver\/#primaryimage"},"image":{"@id":"https:\/\/www.campingborepo.fr\/es\/a-ver\/#primaryimage"},"thumbnailUrl":"https:\/\/www.campingborepo.fr\/wp-content\/uploads\/2022\/11\/A-VOIR-scaled-e1668778464882.jpg","datePublished":"2021-08-24T08:33:49+00:00","dateModified":"2024-06-27T07:40:34+00:00","description":"Explore H\u00e9rault: un tesoro de Francia con sus magn\u00edficas playas, ciudades hist\u00f3ricas y naturaleza deslumbrante. \u00a1Descubrimiento garantizado!","breadcrumb":{"@id":"https:\/\/www.campingborepo.fr\/es\/a-ver\/#breadcrumb"},"inLanguage":"es","potentialAction":[{"@type":"ReadAction","target":["https:\/\/www.campingborepo.fr\/es\/a-ver\/"]}]},{"@type":"ImageObject","inLanguage":"es","@id":"https:\/\/www.campingborepo.fr\/es\/a-ver\/#primaryimage","url":"https:\/\/www.campingborepo.fr\/wp-content\/uploads\/2022\/11\/A-VOIR-scaled-e1668778464882.jpg","contentUrl":"https:\/\/www.campingborepo.fr\/wp-content\/uploads\/2022\/11\/A-VOIR-scaled-e1668778464882.jpg","width":1500,"height":760},{"@type":"BreadcrumbList","@id":"https:\/\/www.campingborepo.fr\/es\/a-ver\/#breadcrumb","itemListElement":[{"@type":"ListItem","position":1,"name":"Camping 3 \u00e9toiles H\u00e9rault","item":"https:\/\/www.campingborepo.fr\/es\/"},{"@type":"ListItem","position":2,"name":"\u00bfQu\u00e9 ver y hacer en H\u00e9rault?"}]},{"@type":"WebSite","@id":"https:\/\/www.campingborepo.fr\/es\/#website","url":"https:\/\/www.campingborepo.fr\/es\/","name":"Camping Borepo","description":"","publisher":{"@id":"https:\/\/www.campingborepo.fr\/es\/#organization"},"potentialAction":[{"@type":"SearchAction","target":{"@type":"EntryPoint","urlTemplate":"https:\/\/www.campingborepo.fr\/es\/?s={search_term_string}"},"query-input":{"@type":"PropertyValueSpecification","valueRequired":true,"valueName":"search_term_string"}}],"inLanguage":"es"},{"@type":"Organization","@id":"https:\/\/www.campingborepo.fr\/es\/#organization","name":"Camping Borepo","url":"https:\/\/www.campingborepo.fr\/es\/","logo":{"@type":"ImageObject","inLanguage":"es","@id":"https:\/\/www.campingborepo.fr\/es\/#\/schema\/logo\/image\/","url":"https:\/\/www.campingborepo.fr\/wp-content\/uploads\/2024\/01\/logo-nature-residences-loisirs.png","contentUrl":"https:\/\/www.campingborepo.fr\/wp-content\/uploads\/2024\/01\/logo-nature-residences-loisirs.png","width":300,"height":134,"caption":"Camping Borepo"},"image":{"@id":"https:\/\/www.campingborepo.fr\/es\/#\/schema\/logo\/image\/"}}]}},"_links":{"self":[{"href":"https:\/\/www.campingborepo.fr\/es\/wp-json\/wp\/v2\/pages\/10346","targetHints":{"allow":["GET"]}}],"collection":[{"href":"https:\/\/www.campingborepo.fr\/es\/wp-json\/wp\/v2\/pages"}],"about":[{"href":"https:\/\/www.campingborepo.fr\/es\/wp-json\/wp\/v2\/types\/page"}],"author":[{"embeddable":true,"href":"https:\/\/www.campingborepo.fr\/es\/wp-json\/wp\/v2\/users\/1"}],"replies":[{"embeddable":true,"href":"https:\/\/www.campingborepo.fr\/es\/wp-json\/wp\/v2\/comments?post=10346"}],"version-history":[{"count":2,"href":"https:\/\/www.campingborepo.fr\/es\/wp-json\/wp\/v2\/pages\/10346\/revisions"}],"predecessor-version":[{"id":10360,"href":"https:\/\/www.campingborepo.fr\/es\/wp-json\/wp\/v2\/pages\/10346\/revisions\/10360"}],"wp:featuredmedia":[{"embeddable":true,"href":"https:\/\/www.campingborepo.fr\/es\/wp-json\/wp\/v2\/media\/10348"}],"wp:attachment":[{"href":"https:\/\/www.campingborepo.fr\/es\/wp-json\/wp\/v2\/media?parent=10346"}],"curies":[{"name":"wp","href":"https:\/\/api.w.org\/{rel}","templated":true}]}}