{"id":10237,"date":"2024-06-26T10:48:20","date_gmt":"2024-06-26T08:48:20","guid":{"rendered":"https:\/\/www.campingborepo.fr\/emplacements\/"},"modified":"2024-06-26T15:23:04","modified_gmt":"2024-06-26T13:23:04","slug":"parcelas","status":"publish","type":"page","link":"https:\/\/www.campingborepo.fr\/es\/parcelas\/","title":{"rendered":"Parcelas de camping Herault"},"content":{"rendered":"<div class=\"bloc-texte full\"><div class=\"texte left\"><p>Para sus pr\u00f3ximas vacaciones en Occitania, \u00bfle gustar\u00eda aprovechar un regreso a sus ra\u00edces? Salga de la casa m\u00f3vil y opte por alquilar un camping en H\u00e9rault en nuestro camping de Villeveyrac. A ni\u00f1os y adultos les encantar\u00e1n estas noches en el sur de Francia, en el coraz\u00f3n de la naturaleza del Languedoc-Rosell\u00f3n.<\/p>\n<\/div><\/div>\n\n<div class=\"boutons-row\"><a class=\"bouton\" href=\"https:\/\/reservation.secureholiday.net\/es\/16471\/search\/product-view\/131847\" target=\"_blank\" rel=\"noopener\">Reserva tu parcela<\/a><\/div>\n\n<div class=\"text-image-new style1 image-left\"><div class=\"text-image-new-colonne\"><H2 class=\"text-image-new-titre\">Nuestros diferentes tipos de campings en H\u00e9rault<\/H2><div class=\"text-image-new-content\"><p>En el camping Borepo, uno de los campings de 3 estrellas de Languedoc-Rosell\u00f3n, le ofrecemos la posibilidad de elegir para el alquiler de su camping en H\u00e9rault. De hecho, hay disponibles lugares soleados o semisombreados seg\u00fan sus necesidades.<\/p>\n<p>Disfruta del camping familiar como quieras. Hay varios tipos de parcelas: ya sea para tienda de campa\u00f1a, autocaravana o caravana. Tenga en cuenta que el precio de su reserva incluye el acceso a las actividades e infraestructuras del camping, como la piscina. Los amantes de unas vacaciones confortables tienen la posibilidad de alquilar una casa m\u00f3vil en nuestro camping o un alojamiento inusual.<\/p>\n<\/div><\/div><div class=\"text-image-new-colonne\"><img decoding=\"async\" src=\"https:\/\/www.campingborepo.fr\/wp-content\/uploads\/2024\/04\/emplacements-camping-herault.jpg\" alt=\"Ubicaci\u00f3n de la tienda de campa\u00f1a Herault\" class=\"text-image-new-thumb\" \/><\/div><\/div>\n\n<div class=\"text-image-new style1 image-right background-marron\"><div class=\"text-image-new-colonne\"><H2 class=\"text-image-new-titre\">Informaci\u00f3n \u00fatil<\/H2><div class=\"text-image-new-content\"><ul>\n<li>Si quieres una parcela con electricidad: necesitar\u00e1s un adaptador de camping europeo para conectar a nuestras instalaciones (se puede vender in situ)<\/li>\n<li>A su llegada se solicitar\u00e1 un dep\u00f3sito de 20 \u20ac para las tarjetas de barrera.<\/li>\n<li>Un bloque sanitario est\u00e1 a su disposici\u00f3n con la ventaja adicional de: ba\u00f1o para ni\u00f1os, 1 lavadora, 2 secadores de pelo.<\/li>\n<li>Para autocaravanas: ponemos a tu disposici\u00f3n un desag\u00fce qu\u00edmico adem\u00e1s de una zona de desag\u00fce.<\/li>\n<\/ul>\n<\/div><\/div><div class=\"text-image-new-colonne\"><img decoding=\"async\" src=\"https:\/\/www.campingborepo.fr\/wp-content\/uploads\/2024\/04\/emplacement-camping-herault.jpg\" alt=\"Ubicaci\u00f3n de la autocaravana H\u00e9rault\" class=\"text-image-new-thumb\" \/><\/div><\/div>\n\n<div class=\"text-image-new style1 image-left\"><div class=\"text-image-new-colonne\"><H2 class=\"text-image-new-titre\">Nuestros campings entre mar y monta\u00f1a<\/H2><div class=\"text-image-new-content\"><p>\u00bfPor qu\u00e9 reservar un camping en H\u00e9rault dentro de nuestro dominio? Porque adem\u00e1s de nuestras infraestructuras, como el espacio acu\u00e1tico con piscina, podr\u00e1 beneficiarse de la ubicaci\u00f3n excepcional del camping en H\u00e9rault, entre mar y monta\u00f1a.<\/p>\n<p>Nuestro camping est\u00e1 situado a s\u00f3lo 27 kil\u00f3metros de la playa de Corniche, cerca de S\u00e8te. \u00a1Solo tendr\u00e1s 30 minutos en coche o autob\u00fas para nadar en el Mediterr\u00e1neo o probar actividades acu\u00e1ticas como el paddle surf! \u00bfPrefieres cuerpos de agua dulce? La Plagette de M\u00e8ze, playa que da acceso al estanque de Thau, est\u00e1 a 10 kil\u00f3metros del camping.<\/p>\n<p>Por \u00faltimo, aloj\u00e1ndose en un camping en H\u00e9rault, en el coraz\u00f3n de nuestro camping, podr\u00e1 acceder f\u00e1cilmente a monta\u00f1as como la Monta\u00f1a Negra en direcci\u00f3n Pradelles-Cabard\u00e8s.<\/p>\n<\/div><\/div><div class=\"text-image-new-colonne\"><img decoding=\"async\" src=\"https:\/\/www.campingborepo.fr\/wp-content\/uploads\/2024\/04\/camping-emplacements-borepo.jpg\" alt=\"parcela para caravanas camping H\u00e9rault\" class=\"text-image-new-thumb\" \/><\/div><\/div>\n\n<div class=\"faq\"><H2>Sus preguntas m\u00e1s frecuentes sobre el alquiler de parcelas en nuestro camping Languedoc<\/H2><div class=\"faq-container two-colonne\"><details itemscope itemprop=\"mainEntity\" itemtype=\"https:\/\/schema.org\/Question\"><summary itemprop=\"name\"><span>\u00bfHay instalaciones sanitarias disponibles en este camping de H\u00e9rault?<\/span><\/summary><div itemscope itemprop=\"acceptedAnswer\" itemtype=\"https:\/\/schema.org\/Answer\"><p>S\u00ed, nuestro camping con parcelas en Villeveyrac ofrece a los turistas un bloque sanitario com\u00fan en el que encontrar\u00e1n duchas, una zona para los m\u00e1s peque\u00f1os, WC y lavabos. Estos aseos tambi\u00e9n cuentan con lavadora para que ya no tengas que salir de la zona para limpiar tu ropa.<\/p>\n<\/div><\/details><details itemscope itemprop=\"mainEntity\" itemtype=\"https:\/\/schema.org\/Question\"><summary itemprop=\"name\"><span>\u00bfEs posible alquilar parcelas con electricidad en el camping Borepo?<\/span><\/summary><div itemscope itemprop=\"acceptedAnswer\" itemtype=\"https:\/\/schema.org\/Answer\"><p>S\u00ed ! Nuestro dominio en H\u00e9rault dispone de campings con electricidad. No obstante, es necesario disponer de un adaptador europeo para poder conectarse a nuestras instalaciones.<\/p>\n<\/div><\/details><details itemscope itemprop=\"mainEntity\" itemtype=\"https:\/\/schema.org\/Question\"><summary itemprop=\"name\"><span>\u00bfCu\u00e1l es la duraci\u00f3n m\u00ednima de la estancia en el camping Borepo?<\/span><\/summary><div itemscope itemprop=\"acceptedAnswer\" itemtype=\"https:\/\/schema.org\/Answer\"><p>En inter\u00e9s de nuestros veraneantes y de una mejor gesti\u00f3n del camping, se requiere una estancia de 2 noches para validar su reserva de parcela est\u00e1ndar. Para un camping Privilege se requiere una reserva de vacaciones m\u00ednima de siete noches.<\/p>\n<\/div><\/details><details itemscope itemprop=\"mainEntity\" itemtype=\"https:\/\/schema.org\/Question\"><summary itemprop=\"name\"><span>\u00bfCu\u00e1les son los horarios de llegada y salida de la finca Borepo?<\/span><\/summary><div itemscope itemprop=\"acceptedAnswer\" itemtype=\"https:\/\/schema.org\/Answer\"><p>Es posible llegar al camping a partir de las 14:00 horas. Sin embargo, la salida est\u00e1 prevista antes de las 12:00 horas.<\/p>\n<\/div><\/details><details itemscope itemprop=\"mainEntity\" itemtype=\"https:\/\/schema.org\/Question\"><summary itemprop=\"name\"><span>\u00bfEs posible traer una mascota al camping?<\/span><\/summary><div itemscope itemprop=\"acceptedAnswer\" itemtype=\"https:\/\/schema.org\/Answer\"><p>Se aceptan en el camping animales con un peso inferior a 6 kg (excepto perros de 1\u00aa y 2\u00aa categor\u00eda que requieren un suplemento en el momento de la reserva) y bajo condiciones (atados, vacunados y tatuados).<\/p>\n<\/div><\/details><\/div><\/div>","protected":false},"excerpt":{"rendered":"","protected":false},"author":5,"featured_media":0,"parent":0,"menu_order":0,"comment_status":"closed","ping_status":"closed","template":"","meta":{"_acf_changed":false,"footnotes":""},"class_list":["post-10237","page","type-page","status-publish","hentry"],"acf":[],"yoast_head":"<!-- This site is optimized with the Yoast SEO plugin v27.3 - https:\/\/yoast.com\/product\/yoast-seo-wordpress\/ -->\n<title>Parcelas en Herault en el camping Borepo<\/title>\n<meta name=\"description\" content=\"Reserve ahora su estancia entre nuestros campings en Herault en el camping de 3 estrellas Borepo.\" \/>\n<meta name=\"robots\" content=\"index, follow, max-snippet:-1, max-image-preview:large, max-video-preview:-1\" \/>\n<link rel=\"canonical\" href=\"https:\/\/www.campingborepo.fr\/es\/parcelas\/\" \/>\n<meta property=\"og:locale\" content=\"es_ES\" \/>\n<meta property=\"og:type\" content=\"article\" \/>\n<meta property=\"og:title\" content=\"Parcelas en Herault en el camping Borepo\" \/>\n<meta property=\"og:description\" content=\"Reserve ahora su estancia entre nuestros campings en Herault en el camping de 3 estrellas Borepo.\" \/>\n<meta property=\"og:url\" content=\"https:\/\/www.campingborepo.fr\/es\/parcelas\/\" \/>\n<meta property=\"og:site_name\" content=\"Camping Borepo\" \/>\n<meta property=\"article:modified_time\" content=\"2024-06-26T13:23:04+00:00\" \/>\n<meta name=\"twitter:card\" content=\"summary_large_image\" \/>\n<script type=\"application\/ld+json\" class=\"yoast-schema-graph\">{\"@context\":\"https:\\\/\\\/schema.org\",\"@graph\":[{\"@type\":\"WebPage\",\"@id\":\"https:\\\/\\\/www.campingborepo.fr\\\/es\\\/parcelas\\\/\",\"url\":\"https:\\\/\\\/www.campingborepo.fr\\\/es\\\/parcelas\\\/\",\"name\":\"Parcelas en Herault en el camping Borepo\",\"isPartOf\":{\"@id\":\"https:\\\/\\\/www.campingborepo.fr\\\/es\\\/#website\"},\"datePublished\":\"2024-06-26T08:48:20+00:00\",\"dateModified\":\"2024-06-26T13:23:04+00:00\",\"description\":\"Reserve ahora su estancia entre nuestros campings en Herault en el camping de 3 estrellas Borepo.\",\"breadcrumb\":{\"@id\":\"https:\\\/\\\/www.campingborepo.fr\\\/es\\\/parcelas\\\/#breadcrumb\"},\"inLanguage\":\"es\",\"potentialAction\":[{\"@type\":\"ReadAction\",\"target\":[\"https:\\\/\\\/www.campingborepo.fr\\\/es\\\/parcelas\\\/\"]}]},{\"@type\":\"BreadcrumbList\",\"@id\":\"https:\\\/\\\/www.campingborepo.fr\\\/es\\\/parcelas\\\/#breadcrumb\",\"itemListElement\":[{\"@type\":\"ListItem\",\"position\":1,\"name\":\"Camping 3 \u00e9toiles H\u00e9rault\",\"item\":\"https:\\\/\\\/www.campingborepo.fr\\\/es\\\/\"},{\"@type\":\"ListItem\",\"position\":2,\"name\":\"Parcelas\"}]},{\"@type\":\"WebSite\",\"@id\":\"https:\\\/\\\/www.campingborepo.fr\\\/es\\\/#website\",\"url\":\"https:\\\/\\\/www.campingborepo.fr\\\/es\\\/\",\"name\":\"Camping Borepo\",\"description\":\"\",\"publisher\":{\"@id\":\"https:\\\/\\\/www.campingborepo.fr\\\/es\\\/#organization\"},\"potentialAction\":[{\"@type\":\"SearchAction\",\"target\":{\"@type\":\"EntryPoint\",\"urlTemplate\":\"https:\\\/\\\/www.campingborepo.fr\\\/es\\\/?s={search_term_string}\"},\"query-input\":{\"@type\":\"PropertyValueSpecification\",\"valueRequired\":true,\"valueName\":\"search_term_string\"}}],\"inLanguage\":\"es\"},{\"@type\":\"Organization\",\"@id\":\"https:\\\/\\\/www.campingborepo.fr\\\/es\\\/#organization\",\"name\":\"Camping Borepo\",\"url\":\"https:\\\/\\\/www.campingborepo.fr\\\/es\\\/\",\"logo\":{\"@type\":\"ImageObject\",\"inLanguage\":\"es\",\"@id\":\"https:\\\/\\\/www.campingborepo.fr\\\/es\\\/#\\\/schema\\\/logo\\\/image\\\/\",\"url\":\"https:\\\/\\\/www.campingborepo.fr\\\/wp-content\\\/uploads\\\/2024\\\/01\\\/logo-nature-residences-loisirs.png\",\"contentUrl\":\"https:\\\/\\\/www.campingborepo.fr\\\/wp-content\\\/uploads\\\/2024\\\/01\\\/logo-nature-residences-loisirs.png\",\"width\":300,\"height\":134,\"caption\":\"Camping Borepo\"},\"image\":{\"@id\":\"https:\\\/\\\/www.campingborepo.fr\\\/es\\\/#\\\/schema\\\/logo\\\/image\\\/\"}}]}<\/script>\n<!-- \/ Yoast SEO plugin. -->","yoast_head_json":{"title":"Parcelas en Herault en el camping Borepo","description":"Reserve ahora su estancia entre nuestros campings en Herault en el camping de 3 estrellas Borepo.","robots":{"index":"index","follow":"follow","max-snippet":"max-snippet:-1","max-image-preview":"max-image-preview:large","max-video-preview":"max-video-preview:-1"},"canonical":"https:\/\/www.campingborepo.fr\/es\/parcelas\/","og_locale":"es_ES","og_type":"article","og_title":"Parcelas en Herault en el camping Borepo","og_description":"Reserve ahora su estancia entre nuestros campings en Herault en el camping de 3 estrellas Borepo.","og_url":"https:\/\/www.campingborepo.fr\/es\/parcelas\/","og_site_name":"Camping Borepo","article_modified_time":"2024-06-26T13:23:04+00:00","twitter_card":"summary_large_image","schema":{"@context":"https:\/\/schema.org","@graph":[{"@type":"WebPage","@id":"https:\/\/www.campingborepo.fr\/es\/parcelas\/","url":"https:\/\/www.campingborepo.fr\/es\/parcelas\/","name":"Parcelas en Herault en el camping Borepo","isPartOf":{"@id":"https:\/\/www.campingborepo.fr\/es\/#website"},"datePublished":"2024-06-26T08:48:20+00:00","dateModified":"2024-06-26T13:23:04+00:00","description":"Reserve ahora su estancia entre nuestros campings en Herault en el camping de 3 estrellas Borepo.","breadcrumb":{"@id":"https:\/\/www.campingborepo.fr\/es\/parcelas\/#breadcrumb"},"inLanguage":"es","potentialAction":[{"@type":"ReadAction","target":["https:\/\/www.campingborepo.fr\/es\/parcelas\/"]}]},{"@type":"BreadcrumbList","@id":"https:\/\/www.campingborepo.fr\/es\/parcelas\/#breadcrumb","itemListElement":[{"@type":"ListItem","position":1,"name":"Camping 3 \u00e9toiles H\u00e9rault","item":"https:\/\/www.campingborepo.fr\/es\/"},{"@type":"ListItem","position":2,"name":"Parcelas"}]},{"@type":"WebSite","@id":"https:\/\/www.campingborepo.fr\/es\/#website","url":"https:\/\/www.campingborepo.fr\/es\/","name":"Camping Borepo","description":"","publisher":{"@id":"https:\/\/www.campingborepo.fr\/es\/#organization"},"potentialAction":[{"@type":"SearchAction","target":{"@type":"EntryPoint","urlTemplate":"https:\/\/www.campingborepo.fr\/es\/?s={search_term_string}"},"query-input":{"@type":"PropertyValueSpecification","valueRequired":true,"valueName":"search_term_string"}}],"inLanguage":"es"},{"@type":"Organization","@id":"https:\/\/www.campingborepo.fr\/es\/#organization","name":"Camping Borepo","url":"https:\/\/www.campingborepo.fr\/es\/","logo":{"@type":"ImageObject","inLanguage":"es","@id":"https:\/\/www.campingborepo.fr\/es\/#\/schema\/logo\/image\/","url":"https:\/\/www.campingborepo.fr\/wp-content\/uploads\/2024\/01\/logo-nature-residences-loisirs.png","contentUrl":"https:\/\/www.campingborepo.fr\/wp-content\/uploads\/2024\/01\/logo-nature-residences-loisirs.png","width":300,"height":134,"caption":"Camping Borepo"},"image":{"@id":"https:\/\/www.campingborepo.fr\/es\/#\/schema\/logo\/image\/"}}]}},"_links":{"self":[{"href":"https:\/\/www.campingborepo.fr\/es\/wp-json\/wp\/v2\/pages\/10237","targetHints":{"allow":["GET"]}}],"collection":[{"href":"https:\/\/www.campingborepo.fr\/es\/wp-json\/wp\/v2\/pages"}],"about":[{"href":"https:\/\/www.campingborepo.fr\/es\/wp-json\/wp\/v2\/types\/page"}],"author":[{"embeddable":true,"href":"https:\/\/www.campingborepo.fr\/es\/wp-json\/wp\/v2\/users\/5"}],"replies":[{"embeddable":true,"href":"https:\/\/www.campingborepo.fr\/es\/wp-json\/wp\/v2\/comments?post=10237"}],"version-history":[{"count":2,"href":"https:\/\/www.campingborepo.fr\/es\/wp-json\/wp\/v2\/pages\/10237\/revisions"}],"predecessor-version":[{"id":10240,"href":"https:\/\/www.campingborepo.fr\/es\/wp-json\/wp\/v2\/pages\/10237\/revisions\/10240"}],"wp:attachment":[{"href":"https:\/\/www.campingborepo.fr\/es\/wp-json\/wp\/v2\/media?parent=10237"}],"curies":[{"name":"wp","href":"https:\/\/api.w.org\/{rel}","templated":true}]}}