{"id":10219,"date":"2024-02-27T13:56:52","date_gmt":"2024-02-27T12:56:52","guid":{"rendered":"https:\/\/www.campingborepo.fr\/empleo-camping-herault\/animateur-animatrice\/"},"modified":"2024-06-26T15:17:37","modified_gmt":"2024-06-26T13:17:37","slug":"animador","status":"publish","type":"page","link":"https:\/\/www.campingborepo.fr\/es\/empleo-camping-herault\/animador\/","title":{"rendered":"Facilitador"},"content":{"rendered":"<div class=\"bloc-texte full\"><div class=\"texte left\"><p>Si eres reconocido por tu buen humor y tu dinamismo, que tienes excelentes habilidades interpersonales, que sabes adaptarte a tus interlocutores, que eres receptivo y preocupado por la seguridad de los clientes durante las actividades y quieres formar parte de una sociedad din\u00e1mica y equipo amigable en un ambiente familiar, amigable y agradable y en un ambiente tranquilo y mediterr\u00e1neo, \u00fanete a nosotros!!!<\/p>\n<\/div><\/div>\n\n<div class=\"text-image-new style1 image-right background-marron\"><div class=\"text-image-new-colonne\"><H2 class=\"text-image-new-titre\">Tus misiones<\/H2><div class=\"text-image-new-content\"><p>Encargarse del entretenimiento general, actividades deportivas y torneos de camping para todos los p\u00fablicos;<\/p>\n<ul>\n<li>Organizar actividades manuales y\/o deportivas;<\/li>\n<li>Gestionar la recepci\u00f3n y atenci\u00f3n de los clientes;<\/li>\n<li>Estar a cargo de la organizaci\u00f3n y participar en las veladas;<\/li>\n<li>Supervisar a los adolescentes en diversas actividades deportivas y culturales;<\/li>\n<li>Organizar y dirigir talleres de juegos;<\/li>\n<li>Ordenar los espacios de entretenimiento;<\/li>\n<li>Crear y mantener una atm\u00f3sfera de relajaci\u00f3n y convivencia en el camping;<\/li>\n<li>Preparar, organizar y participar en actividades nocturnas en el camping (loter\u00eda, juegos interactivos, concursos, etc.).<\/li>\n<\/ul>\n<\/div><p class=\"lire-plus\">Leer m\u00e1s<\/p><div class=\"text-image-new-content-more hide\"><h2>Tus puntos fuertes para triunfar en este puesto<\/h2>\n<ul>\n<li>Eres un graduado de BAFA y\/o BPJEPS.<\/li>\n<li>\u00a1Eres APASIONADO y CREATIVO!<\/li>\n<li>Tienes experiencia como facilitador, idealmente en el sector de la hosteler\u00eda al aire libre.<\/li>\n<\/ul>\n<h2>Informaci\u00f3n adicional<\/h2>\n<ul>\n<li>Contrato de temporada 2 meses julio y agosto.<\/li>\n<li>Salario 1400\u20ac\/neto<\/li>\n<li>Posibilidad de alojamiento.<\/li>\n<\/ul>\n<\/div><p class=\"lire-moins hide\">Leer menos<\/p><\/div><div class=\"text-image-new-colonne\"><img decoding=\"async\" src=\"https:\/\/www.campingborepo.fr\/wp-content\/uploads\/2024\/04\/activites-camping-herault.jpg\" alt=\"facilitador camping borepo\" class=\"text-image-new-thumb\" \/><\/div><\/div>\n\n<div class=\"section-contact pt-5 pb-5\"><div class=\"contact-left\"><div class=\"formulaire-de-contact\"><p class=\"h3\">\u00a1Cont\u00e1ctenos!<\/p>\n<div class=\"wpcf7 no-js\" id=\"wpcf7-f9260-o1\" lang=\"\" dir=\"ltr\" data-wpcf7-id=\"9260\">\n<div class=\"screen-reader-response\"><p role=\"status\" aria-live=\"polite\" aria-atomic=\"true\"><\/p> <ul><\/ul><\/div>\n<form action=\"\/es\/wp-json\/wp\/v2\/pages\/10219#wpcf7-f9260-o1\" method=\"post\" class=\"wpcf7-form init\" aria-label=\"Formulario de contacto\" enctype=\"multipart\/form-data\" novalidate=\"novalidate\" data-status=\"init\">\n<fieldset class=\"hidden-fields-container\"><input type=\"hidden\" name=\"_wpcf7\" value=\"9260\" \/><input type=\"hidden\" name=\"_wpcf7_version\" value=\"6.1.5\" \/><input type=\"hidden\" name=\"_wpcf7_locale\" value=\"\" \/><input type=\"hidden\" name=\"_wpcf7_unit_tag\" value=\"wpcf7-f9260-o1\" \/><input type=\"hidden\" name=\"_wpcf7_container_post\" value=\"0\" \/><input type=\"hidden\" name=\"_wpcf7_posted_data_hash\" value=\"\" \/><input type=\"hidden\" name=\"_wpcf7_recaptcha_response\" value=\"\" \/>\n<\/fieldset>\n<p><span class=\"wpcf7-form-control-wrap\" data-name=\"your-name\"><input size=\"40\" maxlength=\"400\" class=\"wpcf7-form-control wpcf7-text wpcf7-validates-as-required\" aria-required=\"true\" aria-invalid=\"false\" placeholder=\"Nom\/Pr\u00e9nom\" value=\"\" type=\"text\" name=\"your-name\" \/><\/span><br \/>\n<span class=\"wpcf7-form-control-wrap\" data-name=\"your-email\"><input size=\"40\" maxlength=\"400\" class=\"wpcf7-form-control wpcf7-email wpcf7-validates-as-required wpcf7-text wpcf7-validates-as-email\" aria-required=\"true\" aria-invalid=\"false\" placeholder=\"Email\" value=\"\" type=\"email\" name=\"your-email\" \/><\/span><br \/>\n<span class=\"wpcf7-form-control-wrap\" data-name=\"tel-838\"><input size=\"40\" maxlength=\"400\" class=\"wpcf7-form-control wpcf7-tel wpcf7-validates-as-required wpcf7-text wpcf7-validates-as-tel\" aria-required=\"true\" aria-invalid=\"false\" placeholder=\"N\u00b0 de tel\" value=\"\" type=\"tel\" name=\"tel-838\" \/><\/span><br \/>\n<span class=\"wpcf7-form-control-wrap\" data-name=\"text-575\"><input size=\"40\" maxlength=\"400\" class=\"wpcf7-form-control wpcf7-text wpcf7-validates-as-required\" aria-required=\"true\" aria-invalid=\"false\" placeholder=\"Poste\" value=\"\" type=\"text\" name=\"text-575\" \/><\/span><br \/>\n<label>PJ CV (Document obligatoire)<br \/>\n<span class=\"wpcf7-form-control-wrap\" data-name=\"file-243\"><input size=\"40\" class=\"wpcf7-form-control wpcf7-file wpcf7-validates-as-required\" accept=\".pdf,.doc,.docx,.txt,.jpeg,.png,.jpg\" aria-required=\"true\" aria-invalid=\"false\" type=\"file\" name=\"file-243\" \/><\/span><\/label><br \/>\n<label>PJ Lettre de motivation<br \/>\n<span class=\"wpcf7-form-control-wrap\" data-name=\"file-244\"><input size=\"40\" class=\"wpcf7-form-control wpcf7-file\" accept=\".pdf,.doc,.docx,.txt,.jpeg,.png,.jpg\" aria-invalid=\"false\" type=\"file\" name=\"file-244\" \/><\/span><\/label><br \/>\n<span class=\"wpcf7-form-control-wrap\" data-name=\"your-message\"><textarea cols=\"40\" rows=\"10\" maxlength=\"2000\" class=\"wpcf7-form-control wpcf7-textarea\" aria-invalid=\"false\" placeholder=\"Message\" name=\"your-message\"><\/textarea><\/span><br \/>\n<span class=\"wpcf7-form-control-wrap\" data-name=\"acceptance-553\"><span class=\"wpcf7-form-control wpcf7-acceptance\"><span class=\"wpcf7-list-item\"><label><input type=\"checkbox\" name=\"acceptance-553\" value=\"1\" aria-invalid=\"false\" \/><span class=\"wpcf7-list-item-label\">En cochant cette case, j\u2019accepte la <a href=\"\/politique-de-confidentialite\/\" rel=\"nofollow\" target=\"_blank\">Politique de confidentialit\u00e9<\/a> de ce site.<\/span><\/label><\/span><\/span><\/span>\n<span class=\"wpcf7-form-control-wrap recaptcha\" data-name=\"recaptcha\"><span data-sitekey=\"6Lc_JWMpAAAAAJqw4Nez5td1hgT164KnkIYpEslx\" class=\"wpcf7-form-control wpcf7-recaptcha g-recaptcha\"><\/span>\r\n<noscript>\r\n\t<div class=\"grecaptcha-noscript\">\r\n\t\t<iframe loading=\"lazy\" src=\"https:\/\/www.google.com\/recaptcha\/api\/fallback?k=6Lc_JWMpAAAAAJqw4Nez5td1hgT164KnkIYpEslx\" frameborder=\"0\" scrolling=\"no\" width=\"310\" height=\"430\">\r\n\t\t<\/iframe>\r\n\t\t<textarea name=\"g-recaptcha-response\" rows=\"3\" cols=\"40\" placeholder=\"Aqu\u00ed la respuesta de reCAPTCHA\">\r\n\t\t<\/textarea>\r\n\t<\/div>\r\n<\/noscript>\r\n<\/span><br \/>\n<input class=\"wpcf7-form-control wpcf7-submit has-spinner\" type=\"submit\" value=\"Envoyer\" \/>\n<\/p><div class=\"wpcf7-response-output\" aria-hidden=\"true\"><\/div>\n<\/form>\n<\/div>\n<\/div><\/div><div class=\"contact-right\"><div class=\"coord-col\"><p class=\"h4\">Nuestros datos de contacto<\/p><span class=\"coord-line\"><div class=\"icon\"><svg width=\"22\" height=\"28\" viewBox=\"0 0 15 21\" fill=\"none\" xmlns=\"http:\/\/www.w3.org\/2000\/svg\"><path d=\"M6.5 9.04883C7.10156 9.04883 7.61426 8.83691 8.03809 8.41309C8.46191 7.98926 8.67383 7.47656 8.67383 6.875C8.67383 6.27344 8.46191 5.76074 8.03809 5.33691C7.61426 4.91309 7.10156 4.70117 6.5 4.70117C5.89844 4.70117 5.38574 4.91309 4.96191 5.33691C4.53809 5.76074 4.32617 6.27344 4.32617 6.875C4.32617 7.47656 4.53809 7.98926 4.96191 8.41309C5.38574 8.83691 5.89844 9.04883 6.5 9.04883ZM6.5 0.763672C8.19531 0.763672 9.6377 1.3584 10.8271 2.54785C12.0166 3.7373 12.6113 5.17969 12.6113 6.875C12.6113 7.72266 12.3994 8.69336 11.9756 9.78711C11.5518 10.8809 11.0391 11.9062 10.4375 12.8633C9.83594 13.8203 9.24121 14.7158 8.65332 15.5498C8.06543 16.3838 7.56641 17.0469 7.15625 17.5391L6.5 18.2363C6.33594 18.0449 6.11719 17.792 5.84375 17.4775C5.57031 17.1631 5.07812 16.5342 4.36719 15.5908C3.65625 14.6475 3.03418 13.7314 2.50098 12.8428C1.96777 11.9541 1.48242 10.9492 1.04492 9.82812C0.607422 8.70703 0.388672 7.72266 0.388672 6.875C0.388672 5.17969 0.983398 3.7373 2.17285 2.54785C3.3623 1.3584 4.80469 0.763672 6.5 0.763672Z\" fill=\"#F76D00\"\/><\/svg><\/div>Domaine St, Raymond Bernat, 34560  Villeveyrac<\/span><span class=\"coord-line\"><div class=\"icon\"><svg width=\"25\" height=\"22\" viewBox=\"0 0 20 17\" fill=\"none\" xmlns=\"http:\/\/www.w3.org\/2000\/svg\"><path d=\"M3.91016 7.70012C5.53516 10.2398 7.92188 12.165 11.0703 13.4758L13.457 11.5506C13.7956 11.2775 14.168 11.2092 14.5742 11.3458C15.793 11.6735 17.0794 11.8373 18.4336 11.8373C18.7383 11.8373 18.9922 11.9192 19.1953 12.0831C19.3984 12.2469 19.5 12.4517 19.5 12.6975V15.7697C19.5 16.0154 19.3984 16.2203 19.1953 16.3841C18.9922 16.548 18.7383 16.6299 18.4336 16.6299C13.3555 16.6299 9.01367 15.1757 5.4082 12.2674C1.80273 9.35909 0 5.85682 0 1.7606C0 1.51482 0.101562 1.31001 0.304688 1.14616C0.507812 0.982315 0.761719 0.900391 1.06641 0.900391H4.875C5.17969 0.900391 5.43359 0.982315 5.63672 1.14616C5.83984 1.31001 5.94141 1.51482 5.94141 1.7606C5.94141 2.85292 6.14453 3.89063 6.55078 4.87373C6.6862 5.22873 6.60156 5.52912 6.29688 5.77489L3.91016 7.70012Z\" fill=\"#F76D00\"\/><\/svg><\/div><a href=\"tel:+33467780727\">+33467780727<\/a><\/span><\/div><div class=\"coord-col\"><p class=\"h4\">Fechas de apertura<\/p><span class=\"coord-line\"><div class=\"icon\"><svg width=\"22\" height=\"22\" viewBox=\"0 0 19 19\" fill=\"none\" xmlns=\"http:\/\/www.w3.org\/2000\/svg\"><path d=\"M9.95117 5.11133V9.70508L13.8887 12.043L13.2324 13.1504L8.63867 10.3613V5.11133H9.95117ZM9.5 16.5137C11.4141 16.5137 13.0615 15.8232 14.4424 14.4424C15.8232 13.0615 16.5137 11.4141 16.5137 9.5C16.5137 7.58594 15.8232 5.93848 14.4424 4.55762C13.0615 3.17676 11.4141 2.48633 9.5 2.48633C7.58594 2.48633 5.93848 3.17676 4.55762 4.55762C3.17676 5.93848 2.48633 7.58594 2.48633 9.5C2.48633 11.4141 3.17676 13.0615 4.55762 14.4424C5.93848 15.8232 7.58594 16.5137 9.5 16.5137ZM9.5 0.763672C11.9062 0.763672 13.9639 1.61816 15.6729 3.32715C17.3818 5.03613 18.2363 7.09375 18.2363 9.5C18.2363 11.9062 17.3818 13.9639 15.6729 15.6729C13.9639 17.3818 11.9062 18.2363 9.5 18.2363C7.09375 18.2363 5.03613 17.3818 3.32715 15.6729C1.61816 13.9639 0.763672 11.9062 0.763672 9.5C0.763672 7.09375 1.61816 5.03613 3.32715 3.32715C5.03613 1.61816 7.09375 0.763672 9.5 0.763672Z\" fill=\"#F76D00\"\/><\/svg><\/div><div class=\"ouverture\">Del 3 de abril de 2026 al 2 de noviembre de 2026<\/div>\n<\/span><\/div><iframe src=\"https:\/\/www.google.com\/maps\/embed?pb=!1m14!1m8!1m3!1d11577.003836605283!2d3.566705!3d43.4971!3m2!1i1024!2i768!4f13.1!3m3!1m2!1s0x0%3A0x3acaeed755e731e1!2sCamping%20Borepo!5e0!3m2!1sfr!2sfr!4v1673895324126!5m2!1sfr!2sfr\" width=\"100%\" height=\"380\" style=\"border:0;\" allowfullscreen=\"\" loading=\"lazy\" referrerpolicy=\"no-referrer-when-downgrade\"><\/iframe><\/div><\/div>","protected":false},"excerpt":{"rendered":"","protected":false},"author":5,"featured_media":11526,"parent":10196,"menu_order":0,"comment_status":"closed","ping_status":"closed","template":"","meta":{"_acf_changed":false,"footnotes":""},"class_list":["post-10219","page","type-page","status-publish","has-post-thumbnail","hentry"],"acf":[],"yoast_head":"<!-- This site is optimized with the Yoast SEO plugin v27.4 - https:\/\/yoast.com\/product\/yoast-seo-wordpress\/ -->\n<title>Oferta de trabajo Animador din\u00e1mico en camping.<\/title>\n<meta name=\"description\" content=\"\u00a1\u00danase a nuestro equipo como Facilitador para julio y agosto de 2024! Apasionado del entretenimiento, creativo, con excelentes habilidades interpersonales, ser\u00e1s el responsable de organizar actividades amistosas y deportivas en nuestro camping familiar.\" \/>\n<meta name=\"robots\" content=\"index, follow, max-snippet:-1, max-image-preview:large, max-video-preview:-1\" \/>\n<link rel=\"canonical\" href=\"https:\/\/www.campingborepo.fr\/es\/empleo-camping-herault\/animador\/\" \/>\n<meta property=\"og:locale\" content=\"es_ES\" \/>\n<meta property=\"og:type\" content=\"article\" \/>\n<meta property=\"og:title\" content=\"Oferta de trabajo Animador din\u00e1mico en camping.\" \/>\n<meta property=\"og:description\" content=\"\u00a1\u00danase a nuestro equipo como Facilitador para julio y agosto de 2024! Apasionado del entretenimiento, creativo, con excelentes habilidades interpersonales, ser\u00e1s el responsable de organizar actividades amistosas y deportivas en nuestro camping familiar.\" \/>\n<meta property=\"og:url\" content=\"https:\/\/www.campingborepo.fr\/es\/empleo-camping-herault\/animador\/\" \/>\n<meta property=\"og:site_name\" content=\"Camping Borepo\" \/>\n<meta property=\"article:modified_time\" content=\"2024-06-26T13:17:37+00:00\" \/>\n<meta property=\"og:image\" content=\"https:\/\/www.campingborepo.fr\/wp-content\/uploads\/2024\/02\/ihnatsi-yfull-yo46gt837_A-unsplash-1-1.jpg\" \/>\n\t<meta property=\"og:image:width\" content=\"1300\" \/>\n\t<meta property=\"og:image:height\" content=\"961\" \/>\n\t<meta property=\"og:image:type\" content=\"image\/jpeg\" \/>\n<meta name=\"twitter:card\" content=\"summary_large_image\" \/>\n<meta name=\"twitter:label1\" content=\"Tiempo de lectura\" \/>\n\t<meta name=\"twitter:data1\" content=\"1 minuto\" \/>\n<script type=\"application\/ld+json\" class=\"yoast-schema-graph\">{\"@context\":\"https:\\\/\\\/schema.org\",\"@graph\":[{\"@type\":\"WebPage\",\"@id\":\"https:\\\/\\\/www.campingborepo.fr\\\/es\\\/empleo-camping-herault\\\/animador\\\/\",\"url\":\"https:\\\/\\\/www.campingborepo.fr\\\/es\\\/empleo-camping-herault\\\/animador\\\/\",\"name\":\"Oferta de trabajo Animador din\u00e1mico en camping.\",\"isPartOf\":{\"@id\":\"https:\\\/\\\/www.campingborepo.fr\\\/es\\\/#website\"},\"primaryImageOfPage\":{\"@id\":\"https:\\\/\\\/www.campingborepo.fr\\\/es\\\/empleo-camping-herault\\\/animador\\\/#primaryimage\"},\"image\":{\"@id\":\"https:\\\/\\\/www.campingborepo.fr\\\/es\\\/empleo-camping-herault\\\/animador\\\/#primaryimage\"},\"thumbnailUrl\":\"https:\\\/\\\/www.campingborepo.fr\\\/wp-content\\\/uploads\\\/2025\\\/01\\\/iStock-1433532910-scaled.jpg\",\"datePublished\":\"2024-02-27T12:56:52+00:00\",\"dateModified\":\"2024-06-26T13:17:37+00:00\",\"description\":\"\u00a1\u00danase a nuestro equipo como Facilitador para julio y agosto de 2024! Apasionado del entretenimiento, creativo, con excelentes habilidades interpersonales, ser\u00e1s el responsable de organizar actividades amistosas y deportivas en nuestro camping familiar.\",\"breadcrumb\":{\"@id\":\"https:\\\/\\\/www.campingborepo.fr\\\/es\\\/empleo-camping-herault\\\/animador\\\/#breadcrumb\"},\"inLanguage\":\"es\",\"potentialAction\":[{\"@type\":\"ReadAction\",\"target\":[\"https:\\\/\\\/www.campingborepo.fr\\\/es\\\/empleo-camping-herault\\\/animador\\\/\"]}]},{\"@type\":\"ImageObject\",\"inLanguage\":\"es\",\"@id\":\"https:\\\/\\\/www.campingborepo.fr\\\/es\\\/empleo-camping-herault\\\/animador\\\/#primaryimage\",\"url\":\"https:\\\/\\\/www.campingborepo.fr\\\/wp-content\\\/uploads\\\/2025\\\/01\\\/iStock-1433532910-scaled.jpg\",\"contentUrl\":\"https:\\\/\\\/www.campingborepo.fr\\\/wp-content\\\/uploads\\\/2025\\\/01\\\/iStock-1433532910-scaled.jpg\",\"width\":2560,\"height\":1686,\"caption\":\"Removal of leaves in the autumn garden. Rake and pile of fallen leaves on lawn in autumn park. Volunteering, cleaning, and ecology concept.\"},{\"@type\":\"BreadcrumbList\",\"@id\":\"https:\\\/\\\/www.campingborepo.fr\\\/es\\\/empleo-camping-herault\\\/animador\\\/#breadcrumb\",\"itemListElement\":[{\"@type\":\"ListItem\",\"position\":1,\"name\":\"Camping 3 \u00e9toiles H\u00e9rault\",\"item\":\"https:\\\/\\\/www.campingborepo.fr\\\/es\\\/\"},{\"@type\":\"ListItem\",\"position\":2,\"name\":\"Reclutamiento\",\"item\":\"https:\\\/\\\/www.campingborepo.fr\\\/es\\\/empleo-camping-herault\\\/\"},{\"@type\":\"ListItem\",\"position\":3,\"name\":\"Se busca l\u00edder de camping\"}]},{\"@type\":\"WebSite\",\"@id\":\"https:\\\/\\\/www.campingborepo.fr\\\/es\\\/#website\",\"url\":\"https:\\\/\\\/www.campingborepo.fr\\\/es\\\/\",\"name\":\"Camping Borepo\",\"description\":\"\",\"publisher\":{\"@id\":\"https:\\\/\\\/www.campingborepo.fr\\\/es\\\/#organization\"},\"potentialAction\":[{\"@type\":\"SearchAction\",\"target\":{\"@type\":\"EntryPoint\",\"urlTemplate\":\"https:\\\/\\\/www.campingborepo.fr\\\/es\\\/?s={search_term_string}\"},\"query-input\":{\"@type\":\"PropertyValueSpecification\",\"valueRequired\":true,\"valueName\":\"search_term_string\"}}],\"inLanguage\":\"es\"},{\"@type\":\"Organization\",\"@id\":\"https:\\\/\\\/www.campingborepo.fr\\\/es\\\/#organization\",\"name\":\"Camping Borepo\",\"url\":\"https:\\\/\\\/www.campingborepo.fr\\\/es\\\/\",\"logo\":{\"@type\":\"ImageObject\",\"inLanguage\":\"es\",\"@id\":\"https:\\\/\\\/www.campingborepo.fr\\\/es\\\/#\\\/schema\\\/logo\\\/image\\\/\",\"url\":\"https:\\\/\\\/www.campingborepo.fr\\\/wp-content\\\/uploads\\\/2024\\\/01\\\/logo-nature-residences-loisirs.png\",\"contentUrl\":\"https:\\\/\\\/www.campingborepo.fr\\\/wp-content\\\/uploads\\\/2024\\\/01\\\/logo-nature-residences-loisirs.png\",\"width\":300,\"height\":134,\"caption\":\"Camping Borepo\"},\"image\":{\"@id\":\"https:\\\/\\\/www.campingborepo.fr\\\/es\\\/#\\\/schema\\\/logo\\\/image\\\/\"}}]}<\/script>\n<!-- \/ Yoast SEO plugin. -->","yoast_head_json":{"title":"Oferta de trabajo Animador din\u00e1mico en camping.","description":"\u00a1\u00danase a nuestro equipo como Facilitador para julio y agosto de 2024! Apasionado del entretenimiento, creativo, con excelentes habilidades interpersonales, ser\u00e1s el responsable de organizar actividades amistosas y deportivas en nuestro camping familiar.","robots":{"index":"index","follow":"follow","max-snippet":"max-snippet:-1","max-image-preview":"max-image-preview:large","max-video-preview":"max-video-preview:-1"},"canonical":"https:\/\/www.campingborepo.fr\/es\/empleo-camping-herault\/animador\/","og_locale":"es_ES","og_type":"article","og_title":"Oferta de trabajo Animador din\u00e1mico en camping.","og_description":"\u00a1\u00danase a nuestro equipo como Facilitador para julio y agosto de 2024! Apasionado del entretenimiento, creativo, con excelentes habilidades interpersonales, ser\u00e1s el responsable de organizar actividades amistosas y deportivas en nuestro camping familiar.","og_url":"https:\/\/www.campingborepo.fr\/es\/empleo-camping-herault\/animador\/","og_site_name":"Camping Borepo","article_modified_time":"2024-06-26T13:17:37+00:00","og_image":[{"width":1300,"height":961,"url":"https:\/\/www.campingborepo.fr\/wp-content\/uploads\/2024\/02\/ihnatsi-yfull-yo46gt837_A-unsplash-1-1.jpg","type":"image\/jpeg"}],"twitter_card":"summary_large_image","twitter_misc":{"Tiempo de lectura":"1 minuto"},"schema":{"@context":"https:\/\/schema.org","@graph":[{"@type":"WebPage","@id":"https:\/\/www.campingborepo.fr\/es\/empleo-camping-herault\/animador\/","url":"https:\/\/www.campingborepo.fr\/es\/empleo-camping-herault\/animador\/","name":"Oferta de trabajo Animador din\u00e1mico en camping.","isPartOf":{"@id":"https:\/\/www.campingborepo.fr\/es\/#website"},"primaryImageOfPage":{"@id":"https:\/\/www.campingborepo.fr\/es\/empleo-camping-herault\/animador\/#primaryimage"},"image":{"@id":"https:\/\/www.campingborepo.fr\/es\/empleo-camping-herault\/animador\/#primaryimage"},"thumbnailUrl":"https:\/\/www.campingborepo.fr\/wp-content\/uploads\/2025\/01\/iStock-1433532910-scaled.jpg","datePublished":"2024-02-27T12:56:52+00:00","dateModified":"2024-06-26T13:17:37+00:00","description":"\u00a1\u00danase a nuestro equipo como Facilitador para julio y agosto de 2024! Apasionado del entretenimiento, creativo, con excelentes habilidades interpersonales, ser\u00e1s el responsable de organizar actividades amistosas y deportivas en nuestro camping familiar.","breadcrumb":{"@id":"https:\/\/www.campingborepo.fr\/es\/empleo-camping-herault\/animador\/#breadcrumb"},"inLanguage":"es","potentialAction":[{"@type":"ReadAction","target":["https:\/\/www.campingborepo.fr\/es\/empleo-camping-herault\/animador\/"]}]},{"@type":"ImageObject","inLanguage":"es","@id":"https:\/\/www.campingborepo.fr\/es\/empleo-camping-herault\/animador\/#primaryimage","url":"https:\/\/www.campingborepo.fr\/wp-content\/uploads\/2025\/01\/iStock-1433532910-scaled.jpg","contentUrl":"https:\/\/www.campingborepo.fr\/wp-content\/uploads\/2025\/01\/iStock-1433532910-scaled.jpg","width":2560,"height":1686,"caption":"Removal of leaves in the autumn garden. Rake and pile of fallen leaves on lawn in autumn park. Volunteering, cleaning, and ecology concept."},{"@type":"BreadcrumbList","@id":"https:\/\/www.campingborepo.fr\/es\/empleo-camping-herault\/animador\/#breadcrumb","itemListElement":[{"@type":"ListItem","position":1,"name":"Camping 3 \u00e9toiles H\u00e9rault","item":"https:\/\/www.campingborepo.fr\/es\/"},{"@type":"ListItem","position":2,"name":"Reclutamiento","item":"https:\/\/www.campingborepo.fr\/es\/empleo-camping-herault\/"},{"@type":"ListItem","position":3,"name":"Se busca l\u00edder de camping"}]},{"@type":"WebSite","@id":"https:\/\/www.campingborepo.fr\/es\/#website","url":"https:\/\/www.campingborepo.fr\/es\/","name":"Camping Borepo","description":"","publisher":{"@id":"https:\/\/www.campingborepo.fr\/es\/#organization"},"potentialAction":[{"@type":"SearchAction","target":{"@type":"EntryPoint","urlTemplate":"https:\/\/www.campingborepo.fr\/es\/?s={search_term_string}"},"query-input":{"@type":"PropertyValueSpecification","valueRequired":true,"valueName":"search_term_string"}}],"inLanguage":"es"},{"@type":"Organization","@id":"https:\/\/www.campingborepo.fr\/es\/#organization","name":"Camping Borepo","url":"https:\/\/www.campingborepo.fr\/es\/","logo":{"@type":"ImageObject","inLanguage":"es","@id":"https:\/\/www.campingborepo.fr\/es\/#\/schema\/logo\/image\/","url":"https:\/\/www.campingborepo.fr\/wp-content\/uploads\/2024\/01\/logo-nature-residences-loisirs.png","contentUrl":"https:\/\/www.campingborepo.fr\/wp-content\/uploads\/2024\/01\/logo-nature-residences-loisirs.png","width":300,"height":134,"caption":"Camping Borepo"},"image":{"@id":"https:\/\/www.campingborepo.fr\/es\/#\/schema\/logo\/image\/"}}]}},"_links":{"self":[{"href":"https:\/\/www.campingborepo.fr\/es\/wp-json\/wp\/v2\/pages\/10219","targetHints":{"allow":["GET"]}}],"collection":[{"href":"https:\/\/www.campingborepo.fr\/es\/wp-json\/wp\/v2\/pages"}],"about":[{"href":"https:\/\/www.campingborepo.fr\/es\/wp-json\/wp\/v2\/types\/page"}],"author":[{"embeddable":true,"href":"https:\/\/www.campingborepo.fr\/es\/wp-json\/wp\/v2\/users\/5"}],"replies":[{"embeddable":true,"href":"https:\/\/www.campingborepo.fr\/es\/wp-json\/wp\/v2\/comments?post=10219"}],"version-history":[{"count":2,"href":"https:\/\/www.campingborepo.fr\/es\/wp-json\/wp\/v2\/pages\/10219\/revisions"}],"predecessor-version":[{"id":10233,"href":"https:\/\/www.campingborepo.fr\/es\/wp-json\/wp\/v2\/pages\/10219\/revisions\/10233"}],"up":[{"embeddable":true,"href":"https:\/\/www.campingborepo.fr\/es\/wp-json\/wp\/v2\/pages\/10196"}],"wp:featuredmedia":[{"embeddable":true,"href":"https:\/\/www.campingborepo.fr\/es\/wp-json\/wp\/v2\/media\/11526"}],"wp:attachment":[{"href":"https:\/\/www.campingborepo.fr\/es\/wp-json\/wp\/v2\/media?parent=10219"}],"curies":[{"name":"wp","href":"https:\/\/api.w.org\/{rel}","templated":true}]}}