{"id":10365,"date":"2024-03-21T16:22:25","date_gmt":"2024-03-21T15:22:25","guid":{"rendered":"https:\/\/www.campingborepo.fr\/haben\/etang-de-thau\/"},"modified":"2024-06-27T09:55:20","modified_gmt":"2024-06-27T07:55:20","slug":"teich-de-thau","status":"publish","type":"page","link":"https:\/\/www.campingborepo.fr\/de\/haben\/teich-de-thau\/","title":{"rendered":"\u00c9tang de Thau: Entdeckung einer au\u00dfergew\u00f6hnlichen Lagune im H\u00e9rault"},"content":{"rendered":"<div class=\"bloc-texte full\"><div class=\"texte left\"><p>M\u00f6chten Sie dem Alltagsstress entfliehen? Okzitanien bietet Ihnen w\u00e4hrend Ihres Aufenthalts im H\u00e9rault seine Ruhe und sein angenehmes Klima. Sie werden dort viele Wunder entdecken, wie lebhafte St\u00e4dte (S\u00e8te, Marseillan, Balaruc-Le-Vieux, M\u00e8ze, Bouzigues, Frontignan&#8230;) und sonnige Str\u00e4nde. Verpassen Sie nicht einen Zwischenstopp am Etang de Thau, der gr\u00f6\u00dften Lagune der Region. 7.500 Hektar mit Tiefen von 4,5 m bis 10 m er\u00f6ffnen sich Ihnen bei Ihren Spazierg\u00e4ngen am Teich, zu Fu\u00df oder zu Pferd. Lassen Sie sich \u00fcberraschen und genie\u00dfen! Ja, der Etang de Thau l\u00e4dt Sie ein, seine symboltr\u00e4chtigen Austern zu probieren. Unser Campingplatz in Villeveyrac im H\u00e9rault bietet Ihnen einen \u00dcberblick \u00fcber diese Lagune!<\/p>\n<\/div><\/div>\n\n<div class=\"text-image-new style1 image-left\"><div class=\"text-image-new-colonne\"><H2 class=\"text-image-new-titre\">Vom Katamaran-Angeln aus: Viel Spa\u00df mit Familie oder Freunden auf dem Etang de Thau<\/H2><div class=\"text-image-new-content\"><p>Bieten Sie der ganzen kleinen Gruppe einen emotionalen Ausflug ins H\u00e9rault. Daf\u00fcr ? Machen Sie einen Ausflug zum Etang de Thau zu einem Teich, der Lachen und Austausch verspricht. Entlang der Lagune hei\u00dfen Sie mehrere Wassersportzentren willkommen und bieten Aktivit\u00e4ten aller Art an. Von einer Katamaranfahrt bis hin zu einem Kajaknachmittag, Sie werden mit Sicherheit das finden, wonach Sie suchen, um Jung und Alt gleicherma\u00dfen zufrieden zu stellen! Angelbegeisterte kommen nicht zu kurz, denn in diesem au\u00dfergew\u00f6hnlichen Becken k\u00f6nnen Sie angeln. Es liegt an Ihnen, den idealen Yachthafen f\u00fcr Ihren Anlegesteg zu w\u00e4hlen \u2013 den Hafen von Bouzigues, M\u00e8ze oder Marseillan.<\/p>\n<\/div><\/div><div class=\"text-image-new-colonne\"><img decoding=\"async\" src=\"https:\/\/www.campingborepo.fr\/wp-content\/uploads\/2024\/03\/activites-famille-etang-de-thau.jpg\" alt=\"Aktivit\u00e4ten am Thau-Teich\" class=\"text-image-new-thumb\" \/><\/div><\/div>\n\n<div class=\"text-image-new style1 image-right background-marron\"><div class=\"text-image-new-colonne\"><H2 class=\"text-image-new-titre\">Tauchen Sie ein in das Herz einer einzigartigen Lagune im H\u00e9rault<\/H2><div class=\"text-image-new-content\"><p>Wenn es im Thau-Becken nicht an Wasseraktivit\u00e4ten mangelt, k\u00f6nnen Sie auch die Entspannung genie\u00dfen, die Ihnen diese Lagune und ihre Str\u00e4nde bieten. Zu den symboltr\u00e4chtigsten Str\u00e4nden mit feinem Sand z\u00e4hlen die Str\u00e4nde La Tr\u00e9mie, La Pyramide, Thalassa und La Plagette. Jedes bietet perfekte Einrichtungen f\u00fcr Ihren Komfort und Ihr Vergn\u00fcgen \u2013 Toiletten, Bars, Restaurants und Parks. Machen Sie das Beste aus diesem Familienausflug mit den Kindern, die bestimmt viel Spa\u00df im Sand oder im durchsichtigen Wasser der Lagune haben werden. Vielleicht k\u00f6nnen sie beim Schwimmen sogar kleine Seepferdchen sehen!<\/p>\n<\/div><\/div><div class=\"text-image-new-colonne\"><img decoding=\"async\" src=\"https:\/\/www.campingborepo.fr\/wp-content\/uploads\/2024\/03\/plongeon-etang-de-thau.jpg\" alt=\"Tauchen stammt aus Thau\" class=\"text-image-new-thumb\" \/><\/div><\/div>\n\n<div class=\"text-image-new style1 image-left\"><div class=\"text-image-new-colonne\"><H2 class=\"text-image-new-titre\">Spazieren Sie entlang des Etang de Thau<\/H2><div class=\"text-image-new-content\"><p>Gehen Sie gerne spazieren, um beruhigende Landschaften zu entdecken? Sie werden es lieben, entlang des Etang de Thau zu spazieren. Gestalten Sie diese Wanderung nach Ihren W\u00fcnschen \u2013 zu Fu\u00df, zu Pferd oder mit dem Fahrrad. Zwischen Wander- und Radwegen kommt jeder Urlauber auf seine Kosten. Und vor allem k\u00f6nnen Sie diese Landschaft w\u00e4hrend Ihres Aufenthalts im H\u00e9rault in Ihrem eigenen Tempo bewundern. Verf\u00fchrt Sie dieses Programm? Besuchen Sie ein Reitzentrum oder einen Fahrradverleih, um Spa\u00df zu haben! Ansonsten tragen Sie gutes Schuhwerk, packen Sie einen Snack ein und begeben Sie sich auf ein Abenteuer auf den Wanderwegen.<\/p>\n<\/div><\/div><div class=\"text-image-new-colonne\"><img decoding=\"async\" src=\"https:\/\/www.campingborepo.fr\/wp-content\/uploads\/2024\/03\/balade-etang-de-thau.jpg\" alt=\"Thau-Teich-Spaziergang\" class=\"text-image-new-thumb\" \/><\/div><\/div>\n\n<div class=\"text-image-new style1 image-right background-marron\"><div class=\"text-image-new-colonne\"><H2 class=\"text-image-new-titre\">Probieren Sie die ber\u00fchmten Bouzigues-Austern im Etang de Thau<\/H2><div class=\"text-image-new-content\"><p>Nehmen Sie sich nach diesen wenigen Momenten des Schwimmens oder Spazierengehens die Zeit, Ihren kleinen Hunger zu stillen. Und daf\u00fcr m\u00fcssen Sie nicht weit gehen, der Etang de Thau hat wieder alles, was Sie brauchen. Dort k\u00f6nnen Sie einige besondere Austern probieren. Letztere werden insbesondere von Maison Tarbouriech angeboten, das ein Solar Tide ins Leben gerufen hat. Ziel dieser Flut ist es, die atlantischen Gezeiten nachzubilden. Es verleiht den Austern ein weiches und angenehmes Fruchtfleisch im Mund. Sie k\u00f6nnen diese Verkostung mit einem guten Glas Glas von den H\u00e9rault-Weing\u00fctern abrunden.<\/p>\n<\/div><\/div><div class=\"text-image-new-colonne\"><img decoding=\"async\" src=\"https:\/\/www.campingborepo.fr\/wp-content\/uploads\/2024\/03\/huitres-etang-de-thau.jpg\" alt=\"Thau-Teichaustern\" class=\"text-image-new-thumb\" \/><\/div><\/div>\n\n<div class=\"text-image-new style1 image-left\"><div class=\"text-image-new-colonne\"><H2 class=\"text-image-new-titre\">Bewundern Sie die Lagune vom Mont Saint-Clair aus<\/H2><div class=\"text-image-new-content\"><p>Sind Sie im Herzen ein Romantiker und tr\u00e4umen von einem Panoramablick auf den Etang de Thau? Begeben Sie sich zum Mont Saint-Clair, dessen Gipfel eine H\u00f6he von 183 Metern erreicht und die au\u00dfergew\u00f6hnliche Landschaft des H\u00e9rault offenbart. Bei diesem einzigartigen Spaziergang stehen Ihnen herrliche Fotos des Thau-Beckens zur Verf\u00fcgung. Dar\u00fcber hinaus haben Sie nicht nur einen atemberaubenden Blick auf den Etang de Thau. Sie haben auch die M\u00f6glichkeit, das Mittelmeer und die Buschlandschaft zu bewundern.<\/p>\n<\/div><\/div><div class=\"text-image-new-colonne\"><img decoding=\"async\" src=\"https:\/\/www.campingborepo.fr\/wp-content\/uploads\/2024\/03\/mont-saint-clair-etang-de-thau.jpg\" alt=\"Mont Saint Clair Etang de Thau\" class=\"text-image-new-thumb\" \/><\/div><\/div>\n\n<div class=\"text-image-new style1 image-right background-marron\"><div class=\"text-image-new-colonne\"><H2 class=\"text-image-new-titre\">Entdecken Sie die St\u00e4dte in der N\u00e4he des Thau-Beckens<\/H2><div class=\"text-image-new-content\"><p>Egal, ob Sie eine Wanderung, einen Ausritt oder eine Radtour, ein Bad oder eine Wassersportaktivit\u00e4t im Etang de Thau genossen haben, vergessen Sie nicht, Ihren Ausflug mit der Entdeckung einer nahegelegenen Stadt abzurunden. Wenn Sie gerne durch die Gesch\u00e4fte schlendern, Eis essen und entspannen, werden Sie von Balaruc-le-Vieux, Marseillan, S\u00e8te, Bouzigues oder auch Frontignan begeistert sein. Jedes Ziel umkreist das Thau-Becken. Genug, um einen Tag voller Besuche und Emotionen zu organisieren!<\/p>\n<\/div><\/div><div class=\"text-image-new-colonne\"><img decoding=\"async\" src=\"https:\/\/www.campingborepo.fr\/wp-content\/uploads\/2024\/04\/tourisme-etang-de-thau.jpg\" alt=\"Tourismus rund um den Thau-Teich\" class=\"text-image-new-thumb\" \/><\/div><\/div>\n\n<div class=\"text-image-new style1 image-left\"><div class=\"text-image-new-colonne\"><H2 class=\"text-image-new-titre\">Wo \u00fcbernachten, um die Thau-Lagune zu genie\u00dfen?<\/H2><div class=\"text-image-new-content\"><p>Was ist die beste Unterkunftsl\u00f6sung, um einen Besuch im H\u00e9rault in vollen Z\u00fcgen genie\u00dfen zu k\u00f6nnen? Auf jeden Fall Camping! Sie profitieren nicht nur von einer komfortablen Miete, sondern diese Einrichtungen bieten Ihnen dar\u00fcber hinaus Aktivit\u00e4ten und Unterhaltung, um Sie w\u00e4hrend Ihres Urlaubs zu besch\u00e4ftigen! Das T\u00fcpfelchen auf dem i: Sie haben die M\u00f6glichkeit, in der N\u00e4he der sch\u00f6nsten Ziele im H\u00e9rault zu \u00fcbernachten, wie zum Beispiel dem Etang de Thau und den umliegenden St\u00e4dten. Das bietet Ihnen der Campingplatz Borepo, dieser Campingplatz in der N\u00e4he des Etang de Thau! Entdecken Sie jetzt unsere Unterk\u00fcnfte (einschlie\u00dflich unserer Mobilheimvermietung im H\u00e9rault) und Dienstleistungen!<\/p>\n<\/div><\/div><div class=\"text-image-new-colonne\"><img decoding=\"async\" src=\"https:\/\/www.campingborepo.fr\/wp-content\/uploads\/2024\/04\/location-camping-etang-de-thau.jpg\" alt=\"Campingplatz-Unterkunft im Thau-Teich\" class=\"text-image-new-thumb\" \/><\/div><\/div>","protected":false},"excerpt":{"rendered":"","protected":false},"author":5,"featured_media":10366,"parent":10343,"menu_order":0,"comment_status":"closed","ping_status":"closed","template":"","meta":{"_acf_changed":false,"footnotes":""},"class_list":["post-10365","page","type-page","status-publish","has-post-thumbnail","hentry"],"acf":[],"yoast_head":"<!-- This site is optimized with the Yoast SEO plugin v27.3 - https:\/\/yoast.com\/product\/yoast-seo-wordpress\/ -->\n<title>\u00c9tang de Thau im H\u00e9rault: Aktivit\u00e4ten, Spazierg\u00e4nge, Entspannung, Austern \u2026<\/title>\n<meta name=\"description\" content=\"Erkunden Sie den \u00c9tang de Thau, die gr\u00f6\u00dfte Lagune im H\u00e9rault, und entdecken Sie sie bei verschiedenen Aktivit\u00e4ten: Spazierg\u00e4nge, Austernverkostung, Str\u00e4nde und mehr ... Entdecken Sie den \u00c9tang de Thau und bereiten Sie Ihren Aufenthalt mit unseren Ratschl\u00e4gen vor.\" \/>\n<meta name=\"robots\" content=\"index, follow, max-snippet:-1, max-image-preview:large, max-video-preview:-1\" \/>\n<link rel=\"canonical\" href=\"https:\/\/www.campingborepo.fr\/de\/haben\/teich-de-thau\/\" \/>\n<meta property=\"og:locale\" content=\"de_DE\" \/>\n<meta property=\"og:type\" content=\"article\" \/>\n<meta property=\"og:title\" content=\"\u00c9tang de Thau im H\u00e9rault: Aktivit\u00e4ten, Spazierg\u00e4nge, Entspannung, Austern \u2026\" \/>\n<meta property=\"og:description\" content=\"Erkunden Sie den \u00c9tang de Thau, die gr\u00f6\u00dfte Lagune im H\u00e9rault, und entdecken Sie sie bei verschiedenen Aktivit\u00e4ten: Spazierg\u00e4nge, Austernverkostung, Str\u00e4nde und mehr ... Entdecken Sie den \u00c9tang de Thau und bereiten Sie Ihren Aufenthalt mit unseren Ratschl\u00e4gen vor.\" \/>\n<meta property=\"og:url\" content=\"https:\/\/www.campingborepo.fr\/de\/haben\/teich-de-thau\/\" \/>\n<meta property=\"og:site_name\" content=\"Camping Borepo\" \/>\n<meta property=\"article:modified_time\" content=\"2024-06-27T07:55:20+00:00\" \/>\n<meta property=\"og:image\" content=\"https:\/\/www.campingborepo.fr\/wp-content\/uploads\/2024\/03\/etang-de-thau.jpg\" \/>\n\t<meta property=\"og:image:width\" content=\"1500\" \/>\n\t<meta property=\"og:image:height\" content=\"760\" \/>\n\t<meta property=\"og:image:type\" content=\"image\/jpeg\" \/>\n<meta name=\"twitter:card\" content=\"summary_large_image\" \/>\n<meta name=\"twitter:label1\" content=\"Gesch\u00e4tzte Lesezeit\" \/>\n\t<meta name=\"twitter:data1\" content=\"1\u00a0Minute\" \/>\n<script type=\"application\/ld+json\" class=\"yoast-schema-graph\">{\"@context\":\"https:\\\/\\\/schema.org\",\"@graph\":[{\"@type\":\"WebPage\",\"@id\":\"https:\\\/\\\/www.campingborepo.fr\\\/de\\\/haben\\\/teich-de-thau\\\/\",\"url\":\"https:\\\/\\\/www.campingborepo.fr\\\/de\\\/haben\\\/teich-de-thau\\\/\",\"name\":\"\u00c9tang de Thau im H\u00e9rault: Aktivit\u00e4ten, Spazierg\u00e4nge, Entspannung, Austern \u2026\",\"isPartOf\":{\"@id\":\"https:\\\/\\\/www.campingborepo.fr\\\/de\\\/#website\"},\"primaryImageOfPage\":{\"@id\":\"https:\\\/\\\/www.campingborepo.fr\\\/de\\\/haben\\\/teich-de-thau\\\/#primaryimage\"},\"image\":{\"@id\":\"https:\\\/\\\/www.campingborepo.fr\\\/de\\\/haben\\\/teich-de-thau\\\/#primaryimage\"},\"thumbnailUrl\":\"https:\\\/\\\/www.campingborepo.fr\\\/wp-content\\\/uploads\\\/2024\\\/03\\\/etang-de-thau.jpg\",\"datePublished\":\"2024-03-21T15:22:25+00:00\",\"dateModified\":\"2024-06-27T07:55:20+00:00\",\"description\":\"Erkunden Sie den \u00c9tang de Thau, die gr\u00f6\u00dfte Lagune im H\u00e9rault, und entdecken Sie sie bei verschiedenen Aktivit\u00e4ten: Spazierg\u00e4nge, Austernverkostung, Str\u00e4nde und mehr ... Entdecken Sie den \u00c9tang de Thau und bereiten Sie Ihren Aufenthalt mit unseren Ratschl\u00e4gen vor.\",\"breadcrumb\":{\"@id\":\"https:\\\/\\\/www.campingborepo.fr\\\/de\\\/haben\\\/teich-de-thau\\\/#breadcrumb\"},\"inLanguage\":\"de\",\"potentialAction\":[{\"@type\":\"ReadAction\",\"target\":[\"https:\\\/\\\/www.campingborepo.fr\\\/de\\\/haben\\\/teich-de-thau\\\/\"]}]},{\"@type\":\"ImageObject\",\"inLanguage\":\"de\",\"@id\":\"https:\\\/\\\/www.campingborepo.fr\\\/de\\\/haben\\\/teich-de-thau\\\/#primaryimage\",\"url\":\"https:\\\/\\\/www.campingborepo.fr\\\/wp-content\\\/uploads\\\/2024\\\/03\\\/etang-de-thau.jpg\",\"contentUrl\":\"https:\\\/\\\/www.campingborepo.fr\\\/wp-content\\\/uploads\\\/2024\\\/03\\\/etang-de-thau.jpg\",\"width\":1500,\"height\":760},{\"@type\":\"BreadcrumbList\",\"@id\":\"https:\\\/\\\/www.campingborepo.fr\\\/de\\\/haben\\\/teich-de-thau\\\/#breadcrumb\",\"itemListElement\":[{\"@type\":\"ListItem\",\"position\":1,\"name\":\"Camping 3 \u00e9toiles H\u00e9rault\",\"item\":\"https:\\\/\\\/www.campingborepo.fr\\\/de\\\/\"},{\"@type\":\"ListItem\",\"position\":2,\"name\":\"Was gibt es im H\u00e9rault zu sehen und zu unternehmen?\",\"item\":\"https:\\\/\\\/www.campingborepo.fr\\\/de\\\/haben\\\/\"},{\"@type\":\"ListItem\",\"position\":3,\"name\":\"Entdecken Sie den Thau-Teich\"}]},{\"@type\":\"WebSite\",\"@id\":\"https:\\\/\\\/www.campingborepo.fr\\\/de\\\/#website\",\"url\":\"https:\\\/\\\/www.campingborepo.fr\\\/de\\\/\",\"name\":\"Camping Borepo\",\"description\":\"\",\"publisher\":{\"@id\":\"https:\\\/\\\/www.campingborepo.fr\\\/de\\\/#organization\"},\"potentialAction\":[{\"@type\":\"SearchAction\",\"target\":{\"@type\":\"EntryPoint\",\"urlTemplate\":\"https:\\\/\\\/www.campingborepo.fr\\\/de\\\/?s={search_term_string}\"},\"query-input\":{\"@type\":\"PropertyValueSpecification\",\"valueRequired\":true,\"valueName\":\"search_term_string\"}}],\"inLanguage\":\"de\"},{\"@type\":\"Organization\",\"@id\":\"https:\\\/\\\/www.campingborepo.fr\\\/de\\\/#organization\",\"name\":\"Camping Borepo\",\"url\":\"https:\\\/\\\/www.campingborepo.fr\\\/de\\\/\",\"logo\":{\"@type\":\"ImageObject\",\"inLanguage\":\"de\",\"@id\":\"https:\\\/\\\/www.campingborepo.fr\\\/de\\\/#\\\/schema\\\/logo\\\/image\\\/\",\"url\":\"https:\\\/\\\/www.campingborepo.fr\\\/wp-content\\\/uploads\\\/2024\\\/01\\\/logo-nature-residences-loisirs.png\",\"contentUrl\":\"https:\\\/\\\/www.campingborepo.fr\\\/wp-content\\\/uploads\\\/2024\\\/01\\\/logo-nature-residences-loisirs.png\",\"width\":300,\"height\":134,\"caption\":\"Camping Borepo\"},\"image\":{\"@id\":\"https:\\\/\\\/www.campingborepo.fr\\\/de\\\/#\\\/schema\\\/logo\\\/image\\\/\"}}]}<\/script>\n<!-- \/ Yoast SEO plugin. -->","yoast_head_json":{"title":"\u00c9tang de Thau im H\u00e9rault: Aktivit\u00e4ten, Spazierg\u00e4nge, Entspannung, Austern \u2026","description":"Erkunden Sie den \u00c9tang de Thau, die gr\u00f6\u00dfte Lagune im H\u00e9rault, und entdecken Sie sie bei verschiedenen Aktivit\u00e4ten: Spazierg\u00e4nge, Austernverkostung, Str\u00e4nde und mehr ... Entdecken Sie den \u00c9tang de Thau und bereiten Sie Ihren Aufenthalt mit unseren Ratschl\u00e4gen vor.","robots":{"index":"index","follow":"follow","max-snippet":"max-snippet:-1","max-image-preview":"max-image-preview:large","max-video-preview":"max-video-preview:-1"},"canonical":"https:\/\/www.campingborepo.fr\/de\/haben\/teich-de-thau\/","og_locale":"de_DE","og_type":"article","og_title":"\u00c9tang de Thau im H\u00e9rault: Aktivit\u00e4ten, Spazierg\u00e4nge, Entspannung, Austern \u2026","og_description":"Erkunden Sie den \u00c9tang de Thau, die gr\u00f6\u00dfte Lagune im H\u00e9rault, und entdecken Sie sie bei verschiedenen Aktivit\u00e4ten: Spazierg\u00e4nge, Austernverkostung, Str\u00e4nde und mehr ... Entdecken Sie den \u00c9tang de Thau und bereiten Sie Ihren Aufenthalt mit unseren Ratschl\u00e4gen vor.","og_url":"https:\/\/www.campingborepo.fr\/de\/haben\/teich-de-thau\/","og_site_name":"Camping Borepo","article_modified_time":"2024-06-27T07:55:20+00:00","og_image":[{"width":1500,"height":760,"url":"https:\/\/www.campingborepo.fr\/wp-content\/uploads\/2024\/03\/etang-de-thau.jpg","type":"image\/jpeg"}],"twitter_card":"summary_large_image","twitter_misc":{"Gesch\u00e4tzte Lesezeit":"1\u00a0Minute"},"schema":{"@context":"https:\/\/schema.org","@graph":[{"@type":"WebPage","@id":"https:\/\/www.campingborepo.fr\/de\/haben\/teich-de-thau\/","url":"https:\/\/www.campingborepo.fr\/de\/haben\/teich-de-thau\/","name":"\u00c9tang de Thau im H\u00e9rault: Aktivit\u00e4ten, Spazierg\u00e4nge, Entspannung, Austern \u2026","isPartOf":{"@id":"https:\/\/www.campingborepo.fr\/de\/#website"},"primaryImageOfPage":{"@id":"https:\/\/www.campingborepo.fr\/de\/haben\/teich-de-thau\/#primaryimage"},"image":{"@id":"https:\/\/www.campingborepo.fr\/de\/haben\/teich-de-thau\/#primaryimage"},"thumbnailUrl":"https:\/\/www.campingborepo.fr\/wp-content\/uploads\/2024\/03\/etang-de-thau.jpg","datePublished":"2024-03-21T15:22:25+00:00","dateModified":"2024-06-27T07:55:20+00:00","description":"Erkunden Sie den \u00c9tang de Thau, die gr\u00f6\u00dfte Lagune im H\u00e9rault, und entdecken Sie sie bei verschiedenen Aktivit\u00e4ten: Spazierg\u00e4nge, Austernverkostung, Str\u00e4nde und mehr ... Entdecken Sie den \u00c9tang de Thau und bereiten Sie Ihren Aufenthalt mit unseren Ratschl\u00e4gen vor.","breadcrumb":{"@id":"https:\/\/www.campingborepo.fr\/de\/haben\/teich-de-thau\/#breadcrumb"},"inLanguage":"de","potentialAction":[{"@type":"ReadAction","target":["https:\/\/www.campingborepo.fr\/de\/haben\/teich-de-thau\/"]}]},{"@type":"ImageObject","inLanguage":"de","@id":"https:\/\/www.campingborepo.fr\/de\/haben\/teich-de-thau\/#primaryimage","url":"https:\/\/www.campingborepo.fr\/wp-content\/uploads\/2024\/03\/etang-de-thau.jpg","contentUrl":"https:\/\/www.campingborepo.fr\/wp-content\/uploads\/2024\/03\/etang-de-thau.jpg","width":1500,"height":760},{"@type":"BreadcrumbList","@id":"https:\/\/www.campingborepo.fr\/de\/haben\/teich-de-thau\/#breadcrumb","itemListElement":[{"@type":"ListItem","position":1,"name":"Camping 3 \u00e9toiles H\u00e9rault","item":"https:\/\/www.campingborepo.fr\/de\/"},{"@type":"ListItem","position":2,"name":"Was gibt es im H\u00e9rault zu sehen und zu unternehmen?","item":"https:\/\/www.campingborepo.fr\/de\/haben\/"},{"@type":"ListItem","position":3,"name":"Entdecken Sie den Thau-Teich"}]},{"@type":"WebSite","@id":"https:\/\/www.campingborepo.fr\/de\/#website","url":"https:\/\/www.campingborepo.fr\/de\/","name":"Camping Borepo","description":"","publisher":{"@id":"https:\/\/www.campingborepo.fr\/de\/#organization"},"potentialAction":[{"@type":"SearchAction","target":{"@type":"EntryPoint","urlTemplate":"https:\/\/www.campingborepo.fr\/de\/?s={search_term_string}"},"query-input":{"@type":"PropertyValueSpecification","valueRequired":true,"valueName":"search_term_string"}}],"inLanguage":"de"},{"@type":"Organization","@id":"https:\/\/www.campingborepo.fr\/de\/#organization","name":"Camping Borepo","url":"https:\/\/www.campingborepo.fr\/de\/","logo":{"@type":"ImageObject","inLanguage":"de","@id":"https:\/\/www.campingborepo.fr\/de\/#\/schema\/logo\/image\/","url":"https:\/\/www.campingborepo.fr\/wp-content\/uploads\/2024\/01\/logo-nature-residences-loisirs.png","contentUrl":"https:\/\/www.campingborepo.fr\/wp-content\/uploads\/2024\/01\/logo-nature-residences-loisirs.png","width":300,"height":134,"caption":"Camping Borepo"},"image":{"@id":"https:\/\/www.campingborepo.fr\/de\/#\/schema\/logo\/image\/"}}]}},"_links":{"self":[{"href":"https:\/\/www.campingborepo.fr\/de\/wp-json\/wp\/v2\/pages\/10365","targetHints":{"allow":["GET"]}}],"collection":[{"href":"https:\/\/www.campingborepo.fr\/de\/wp-json\/wp\/v2\/pages"}],"about":[{"href":"https:\/\/www.campingborepo.fr\/de\/wp-json\/wp\/v2\/types\/page"}],"author":[{"embeddable":true,"href":"https:\/\/www.campingborepo.fr\/de\/wp-json\/wp\/v2\/users\/5"}],"replies":[{"embeddable":true,"href":"https:\/\/www.campingborepo.fr\/de\/wp-json\/wp\/v2\/comments?post=10365"}],"version-history":[{"count":2,"href":"https:\/\/www.campingborepo.fr\/de\/wp-json\/wp\/v2\/pages\/10365\/revisions"}],"predecessor-version":[{"id":10390,"href":"https:\/\/www.campingborepo.fr\/de\/wp-json\/wp\/v2\/pages\/10365\/revisions\/10390"}],"up":[{"embeddable":true,"href":"https:\/\/www.campingborepo.fr\/de\/wp-json\/wp\/v2\/pages\/10343"}],"wp:featuredmedia":[{"embeddable":true,"href":"https:\/\/www.campingborepo.fr\/de\/wp-json\/wp\/v2\/media\/10366"}],"wp:attachment":[{"href":"https:\/\/www.campingborepo.fr\/de\/wp-json\/wp\/v2\/media?parent=10365"}],"curies":[{"name":"wp","href":"https:\/\/api.w.org\/{rel}","templated":true}]}}