{"id":10276,"date":"2024-04-03T09:58:47","date_gmt":"2024-04-03T07:58:47","guid":{"rendered":"https:\/\/www.campingborepo.fr\/camping-etang-de-thau\/"},"modified":"2024-06-27T08:25:38","modified_gmt":"2024-06-27T06:25:38","slug":"campingplatz-etang-de-thau","status":"publish","type":"page","link":"https:\/\/www.campingborepo.fr\/de\/campingplatz-etang-de-thau\/","title":{"rendered":"Camping in der N\u00e4he des Etang de Thau"},"content":{"rendered":"<div class=\"bloc-texte full\"><div class=\"texte left\"><p>Genie\u00dfen Sie einen unvergesslichen Aufenthalt zwischen Weinbergen und Meer auf dem Campingplatz Borepo! Eingebettet in eine wundersch\u00f6ne Umgebung empf\u00e4ngt Sie unser 3-Sterne-Campingplatz im H\u00e9rault in Villeveyrac, 35 km vom Etang de Thau entfernt, zwischen S\u00e8te und Marseillan, in einer bezaubernden Umgebung.<\/p>\n<p>Sie werden einen angenehmen Campingurlaub verbringen, umgeben von Meer, Schwimmbad und Spazierg\u00e4ngen in ebenso herrlichen wie abwechslungsreichen Landschaften.<\/p>\n<\/div><\/div>\n\n<div class=\"text-image-new style1 image-right background-marron\"><div class=\"text-image-new-colonne\"><H2 class=\"text-image-new-titre\">Ihr Aufenthalt im Mobilheim oder auf einem Campingplatz<\/H2><div class=\"text-image-new-content\"><p>Sind Sie auf der Suche nach einem komfortablen Campingurlaub in der N\u00e4he des Etang de Thau? Entscheiden Sie sich ohne weitere Verz\u00f6gerung f\u00fcr das Mobilheim! Entdecken Sie eine angenehme und funktionale Mietwohnung mit ruhigen Schlafzimmern, einem gut ausgestatteten Badezimmer, einer ausgestatteten K\u00fcche und einem Essbereich. Nicht zu vergessen eine sch\u00f6ne Holzterrasse, auf der Sie Ihre Mahlzeiten genie\u00dfen und gesellige Momente mit Familie oder Freunden verbringen k\u00f6nnen.<\/p>\n<p>Gut ausgestattet in Ihrem Mobilheim haben Sie optimale Voraussetzungen, um den Etang de Thau und die sch\u00f6nsten Ecken des H\u00e9rault zu besuchen!<\/p>\n<p>Sind Sie eher ein traditioneller Campingplatz als eine Mobilheimvermietung im H\u00e9rault? F\u00fcr einen naturnahen Familienurlaub \u00fcbernachten Sie auf einem Campingplatz. Unser 3-Sterne-Campingplatz in der N\u00e4he des Etang de Thau garantiert Ihnen einen hochwertigen Aufenthalt auf einem gro\u00dfz\u00fcgigen Stellplatz, umgeben von viel Gr\u00fcn und wahlweise sonnig oder halbschattig.<\/p>\n<\/div><\/div><div class=\"text-image-new-colonne\"><img decoding=\"async\" src=\"https:\/\/www.campingborepo.fr\/wp-content\/uploads\/2022\/07\/mobil-home-morbihan-capucine-Ext-800x534-1.jpg\" alt=\"Campingplatzvermietung Etang de Thau\" class=\"text-image-new-thumb\" \/><\/div><\/div>\n\n<div class=\"text-image-new style1 image-left\"><div class=\"text-image-new-colonne\"><H2 class=\"text-image-new-titre\">Werden Sie Mieter oder Eigent\u00fcmer eines Wohnmobils<\/H2><div class=\"text-image-new-content\"><p>Entscheiden Sie sich f\u00fcr ein Mietgrundst\u00fcck oder werden Sie Eigent\u00fcmer Ihres Mobilheims auf unserem 3-Sterne-Campingplatz in Villeveyrac. Wir bieten Ihnen die M\u00f6glichkeit, Ihren Platz zu mieten oder Eigent\u00fcmer Ihres Mobilheims in der idyllischen Umgebung von H\u00e9rault zu werden, ein perfekter Zufluchtsort f\u00fcr Aufenthalte, wann immer Sie m\u00f6chten!<\/p>\n<p>F\u00fcr diejenigen, die einen dauerhaften Urlaubsort suchen, ist die Investition in ein Mobilheim auf unserem Campingplatz im H\u00e9rault die perfekte L\u00f6sung, um sich in einem St\u00fcck Paradies niederzulassen!<\/p>\n<\/div><\/div><div class=\"text-image-new-colonne\"><img decoding=\"async\" src=\"https:\/\/www.campingborepo.fr\/wp-content\/uploads\/2022\/07\/mobil-home-morbihan-azalee-Ext-800x534-1.jpg\" alt=\"Kauf eines Mobilheims auf dem Campingplatz Etang de Thau\" class=\"text-image-new-thumb\" \/><\/div><\/div>\n\n<div class=\"text-image-new style1 image-right background-marron\"><div class=\"text-image-new-colonne\"><H2 class=\"text-image-new-titre\">Ein Campingplatz in der N\u00e4he des Etang de Thau mit Schwimmbad<\/H2><div class=\"text-image-new-content\"><p>Entdecken Sie den bezaubernden Wasserbereich unseres Campingplatzes in der N\u00e4he des Thau-Teichs! Es handelt sich um einen wundersch\u00f6nen Raum, der sich harmonisch in die nat\u00fcrliche Einrichtung einf\u00fcgt und drei Schwimmbereiche umfasst: einen gro\u00dfen Pool, einen mittelgro\u00dfen Pool und ein Planschbecken. Es ist f\u00fcr jeden etwas dabei, von den j\u00fcngsten Kindern bis zu den \u00e4ltesten Urlaubern. Ob Sie morgens ein paar Bahnen schwimmen oder nachmittags am Wasser entspannen m\u00f6chten, das Schwimmbad auf unserem Campingplatz in der N\u00e4he des Etang de Thau ist der ideale Ort f\u00fcr jedes Familienmitglied.<\/p>\n<p>Kommen Sie und erleben Sie einen unvergesslichen Aufenthalt auf unserem Campingplatz mit Schwimmbad im H\u00e9rault!<\/p>\n<\/div><\/div><div class=\"text-image-new-colonne\"><img decoding=\"async\" src=\"https:\/\/www.campingborepo.fr\/wp-content\/uploads\/2024\/04\/piscine-camping-borepo.jpg\" alt=\"Campingplatz Schwimmbad Thau Teich\" class=\"text-image-new-thumb\" \/><\/div><\/div>\n\n<div class=\"text-image-new style1 image-left\"><div class=\"text-image-new-colonne\"><H2 class=\"text-image-new-titre\">Genie\u00dfen Sie den Thau-Teich<\/H2><div class=\"text-image-new-content\"><p>Der Etang de Thau, ein wahres Juwel Okzitaniens, l\u00e4dt Sie zu einem unvergesslichen Kurzurlaub im Herzen des H\u00e9rault ein. Zwischen Wasseraktivit\u00e4ten, Entspannung an sonnigen Str\u00e4nden und kulinarischen Entdeckungen verspricht Ihr Aufenthalt reich an Emotionen und gemeinsamen Freuden zu sein. Hier ein \u00dcberblick \u00fcber das Wesentliche:<\/p>\n<ul>\n<li>Wassersportaktivit\u00e4ten: Nutzen Sie die Wassersportzentren f\u00fcr eine Katamaranfahrt, eine Kajaktour oder sogar einen Angelausflug mit der Familie. Jeder Yachthafen, ob in Bouzigues, M\u00e8ze oder Marseillan, bietet einen idyllischen Rahmen f\u00fcr Ihre Wasserabenteuer.<\/li>\n<li>die Str\u00e4nde: Str\u00e4nde wie La Tr\u00e9mie, La Pyramide, Le Thalassa und La Plagette erwarten Sie f\u00fcr Momente der Entspannung und Wasserspiele. Sie sind f\u00fcr Ihren Komfort ausgestattet und verf\u00fcgen \u00fcber Bars, Restaurants und Spielbereiche f\u00fcr Kinder.<\/li>\n<li>Spazierg\u00e4nge und Wanderungen: Der Thau-Teich kann auch zu Fu\u00df, zu Pferd oder mit dem Fahrrad erkundet werden. Bewundern Sie die Landschaft auf den Wander- und Radwegen in Ihrem eigenen Tempo \u2013 ein wohltuendes und belebendes Erlebnis.<\/li>\n<\/ul>\n<\/div><\/div><div class=\"text-image-new-colonne\"><img decoding=\"async\" src=\"https:\/\/www.campingborepo.fr\/wp-content\/uploads\/2024\/03\/mont-saint-clair-etang-de-thau.jpg\" alt=\"Campingplatz Lagune von Thau\" class=\"text-image-new-thumb\" \/><\/div><\/div>\n\n<div class=\"bloc-texte full\"><div class=\"texte left\"><p>Entdecken Sie neben dem Etang de Thau typische Fischerd\u00f6rfer wie Bouzigues (15 Minuten vom Campingplatz entfernt), erkunden Sie Palavas-les-Flots (40 Minuten) und spazieren Sie eine Weile in Cap d&#8217;Agde (35 Minuten). Machen Sie mit Ihren Kindern einen Rundgang um den Lac du Salagou (35 Minuten), besuchen Sie die wundersch\u00f6ne Stadt Montpellier (40 Minuten) und machen Sie einen Spaziergang im regionalen Naturpark Haut-Languedoc (45 Minuten) oder in den Schluchten von H\u00e9rault (35 Minuten). ). Vergessen Sie nicht, einen Besuch der Clamouse-H\u00f6hlen zu buchen (30 Minuten).<\/p>\n<p>Jeder im Etang de Thau verbrachte Moment ist eine Einladung zur Entspannung, zum Abenteuer und zur Entdeckung und verspricht unvergessliche Erinnerungen f\u00fcr alle.<\/p>\n<\/div><\/div>","protected":false},"excerpt":{"rendered":"","protected":false},"author":5,"featured_media":10277,"parent":0,"menu_order":0,"comment_status":"closed","ping_status":"closed","template":"","meta":{"_acf_changed":false,"footnotes":""},"class_list":["post-10276","page","type-page","status-publish","has-post-thumbnail","hentry"],"acf":[],"yoast_head":"<!-- This site is optimized with the Yoast SEO plugin v27.4 - https:\/\/yoast.com\/product\/yoast-seo-wordpress\/ -->\n<title>3-Sterne-Campingplatz in der N\u00e4he von Etang de Thau im H\u00e9rault<\/title>\n<meta name=\"description\" content=\"Entdecken Sie den einzigartigen Charme unseres 3-Sterne-Campingplatzes in der N\u00e4he des Etang de Thau, zwischen Meer und Weinbergen. Ideal f\u00fcr einen Urlaub im Mobilheim oder auf einem Stellplatz, mit Schwimmbad und Aktivit\u00e4ten in der N\u00e4he des Wassers.\" \/>\n<meta name=\"robots\" content=\"index, follow, max-snippet:-1, max-image-preview:large, max-video-preview:-1\" \/>\n<link rel=\"canonical\" href=\"https:\/\/www.campingborepo.fr\/de\/campingplatz-etang-de-thau\/\" \/>\n<meta property=\"og:locale\" content=\"de_DE\" \/>\n<meta property=\"og:type\" content=\"article\" \/>\n<meta property=\"og:title\" content=\"3-Sterne-Campingplatz in der N\u00e4he von Etang de Thau im H\u00e9rault\" \/>\n<meta property=\"og:description\" content=\"Entdecken Sie den einzigartigen Charme unseres 3-Sterne-Campingplatzes in der N\u00e4he des Etang de Thau, zwischen Meer und Weinbergen. Ideal f\u00fcr einen Urlaub im Mobilheim oder auf einem Stellplatz, mit Schwimmbad und Aktivit\u00e4ten in der N\u00e4he des Wassers.\" \/>\n<meta property=\"og:url\" content=\"https:\/\/www.campingborepo.fr\/de\/campingplatz-etang-de-thau\/\" \/>\n<meta property=\"og:site_name\" content=\"Camping Borepo\" \/>\n<meta property=\"article:modified_time\" content=\"2024-06-27T06:25:38+00:00\" \/>\n<meta property=\"og:image\" content=\"https:\/\/www.campingborepo.fr\/wp-content\/uploads\/2024\/04\/BOREPO.jpg\" \/>\n\t<meta property=\"og:image:width\" content=\"944\" \/>\n\t<meta property=\"og:image:height\" content=\"600\" \/>\n\t<meta property=\"og:image:type\" content=\"image\/jpeg\" \/>\n<meta name=\"twitter:card\" content=\"summary_large_image\" \/>\n<meta name=\"twitter:label1\" content=\"Gesch\u00e4tzte Lesezeit\" \/>\n\t<meta name=\"twitter:data1\" content=\"1\u00a0Minute\" \/>\n<script type=\"application\/ld+json\" class=\"yoast-schema-graph\">{\"@context\":\"https:\\\/\\\/schema.org\",\"@graph\":[{\"@type\":\"WebPage\",\"@id\":\"https:\\\/\\\/www.campingborepo.fr\\\/de\\\/campingplatz-etang-de-thau\\\/\",\"url\":\"https:\\\/\\\/www.campingborepo.fr\\\/de\\\/campingplatz-etang-de-thau\\\/\",\"name\":\"3-Sterne-Campingplatz in der N\u00e4he von Etang de Thau im H\u00e9rault\",\"isPartOf\":{\"@id\":\"https:\\\/\\\/www.campingborepo.fr\\\/de\\\/#website\"},\"primaryImageOfPage\":{\"@id\":\"https:\\\/\\\/www.campingborepo.fr\\\/de\\\/campingplatz-etang-de-thau\\\/#primaryimage\"},\"image\":{\"@id\":\"https:\\\/\\\/www.campingborepo.fr\\\/de\\\/campingplatz-etang-de-thau\\\/#primaryimage\"},\"thumbnailUrl\":\"https:\\\/\\\/www.campingborepo.fr\\\/wp-content\\\/uploads\\\/2024\\\/04\\\/BOREPO.jpg\",\"datePublished\":\"2024-04-03T07:58:47+00:00\",\"dateModified\":\"2024-06-27T06:25:38+00:00\",\"description\":\"Entdecken Sie den einzigartigen Charme unseres 3-Sterne-Campingplatzes in der N\u00e4he des Etang de Thau, zwischen Meer und Weinbergen. Ideal f\u00fcr einen Urlaub im Mobilheim oder auf einem Stellplatz, mit Schwimmbad und Aktivit\u00e4ten in der N\u00e4he des Wassers.\",\"breadcrumb\":{\"@id\":\"https:\\\/\\\/www.campingborepo.fr\\\/de\\\/campingplatz-etang-de-thau\\\/#breadcrumb\"},\"inLanguage\":\"de\",\"potentialAction\":[{\"@type\":\"ReadAction\",\"target\":[\"https:\\\/\\\/www.campingborepo.fr\\\/de\\\/campingplatz-etang-de-thau\\\/\"]}]},{\"@type\":\"ImageObject\",\"inLanguage\":\"de\",\"@id\":\"https:\\\/\\\/www.campingborepo.fr\\\/de\\\/campingplatz-etang-de-thau\\\/#primaryimage\",\"url\":\"https:\\\/\\\/www.campingborepo.fr\\\/wp-content\\\/uploads\\\/2024\\\/04\\\/BOREPO.jpg\",\"contentUrl\":\"https:\\\/\\\/www.campingborepo.fr\\\/wp-content\\\/uploads\\\/2024\\\/04\\\/BOREPO.jpg\",\"width\":944,\"height\":600},{\"@type\":\"BreadcrumbList\",\"@id\":\"https:\\\/\\\/www.campingborepo.fr\\\/de\\\/campingplatz-etang-de-thau\\\/#breadcrumb\",\"itemListElement\":[{\"@type\":\"ListItem\",\"position\":1,\"name\":\"Camping 3 \u00e9toiles H\u00e9rault\",\"item\":\"https:\\\/\\\/www.campingborepo.fr\\\/de\\\/\"},{\"@type\":\"ListItem\",\"position\":2,\"name\":\"Camping in der N\u00e4he des Etang de Thau\"}]},{\"@type\":\"WebSite\",\"@id\":\"https:\\\/\\\/www.campingborepo.fr\\\/de\\\/#website\",\"url\":\"https:\\\/\\\/www.campingborepo.fr\\\/de\\\/\",\"name\":\"Camping Borepo\",\"description\":\"\",\"publisher\":{\"@id\":\"https:\\\/\\\/www.campingborepo.fr\\\/de\\\/#organization\"},\"potentialAction\":[{\"@type\":\"SearchAction\",\"target\":{\"@type\":\"EntryPoint\",\"urlTemplate\":\"https:\\\/\\\/www.campingborepo.fr\\\/de\\\/?s={search_term_string}\"},\"query-input\":{\"@type\":\"PropertyValueSpecification\",\"valueRequired\":true,\"valueName\":\"search_term_string\"}}],\"inLanguage\":\"de\"},{\"@type\":\"Organization\",\"@id\":\"https:\\\/\\\/www.campingborepo.fr\\\/de\\\/#organization\",\"name\":\"Camping Borepo\",\"url\":\"https:\\\/\\\/www.campingborepo.fr\\\/de\\\/\",\"logo\":{\"@type\":\"ImageObject\",\"inLanguage\":\"de\",\"@id\":\"https:\\\/\\\/www.campingborepo.fr\\\/de\\\/#\\\/schema\\\/logo\\\/image\\\/\",\"url\":\"https:\\\/\\\/www.campingborepo.fr\\\/wp-content\\\/uploads\\\/2024\\\/01\\\/logo-nature-residences-loisirs.png\",\"contentUrl\":\"https:\\\/\\\/www.campingborepo.fr\\\/wp-content\\\/uploads\\\/2024\\\/01\\\/logo-nature-residences-loisirs.png\",\"width\":300,\"height\":134,\"caption\":\"Camping Borepo\"},\"image\":{\"@id\":\"https:\\\/\\\/www.campingborepo.fr\\\/de\\\/#\\\/schema\\\/logo\\\/image\\\/\"}}]}<\/script>\n<!-- \/ Yoast SEO plugin. -->","yoast_head_json":{"title":"3-Sterne-Campingplatz in der N\u00e4he von Etang de Thau im H\u00e9rault","description":"Entdecken Sie den einzigartigen Charme unseres 3-Sterne-Campingplatzes in der N\u00e4he des Etang de Thau, zwischen Meer und Weinbergen. Ideal f\u00fcr einen Urlaub im Mobilheim oder auf einem Stellplatz, mit Schwimmbad und Aktivit\u00e4ten in der N\u00e4he des Wassers.","robots":{"index":"index","follow":"follow","max-snippet":"max-snippet:-1","max-image-preview":"max-image-preview:large","max-video-preview":"max-video-preview:-1"},"canonical":"https:\/\/www.campingborepo.fr\/de\/campingplatz-etang-de-thau\/","og_locale":"de_DE","og_type":"article","og_title":"3-Sterne-Campingplatz in der N\u00e4he von Etang de Thau im H\u00e9rault","og_description":"Entdecken Sie den einzigartigen Charme unseres 3-Sterne-Campingplatzes in der N\u00e4he des Etang de Thau, zwischen Meer und Weinbergen. Ideal f\u00fcr einen Urlaub im Mobilheim oder auf einem Stellplatz, mit Schwimmbad und Aktivit\u00e4ten in der N\u00e4he des Wassers.","og_url":"https:\/\/www.campingborepo.fr\/de\/campingplatz-etang-de-thau\/","og_site_name":"Camping Borepo","article_modified_time":"2024-06-27T06:25:38+00:00","og_image":[{"width":944,"height":600,"url":"https:\/\/www.campingborepo.fr\/wp-content\/uploads\/2024\/04\/BOREPO.jpg","type":"image\/jpeg"}],"twitter_card":"summary_large_image","twitter_misc":{"Gesch\u00e4tzte Lesezeit":"1\u00a0Minute"},"schema":{"@context":"https:\/\/schema.org","@graph":[{"@type":"WebPage","@id":"https:\/\/www.campingborepo.fr\/de\/campingplatz-etang-de-thau\/","url":"https:\/\/www.campingborepo.fr\/de\/campingplatz-etang-de-thau\/","name":"3-Sterne-Campingplatz in der N\u00e4he von Etang de Thau im H\u00e9rault","isPartOf":{"@id":"https:\/\/www.campingborepo.fr\/de\/#website"},"primaryImageOfPage":{"@id":"https:\/\/www.campingborepo.fr\/de\/campingplatz-etang-de-thau\/#primaryimage"},"image":{"@id":"https:\/\/www.campingborepo.fr\/de\/campingplatz-etang-de-thau\/#primaryimage"},"thumbnailUrl":"https:\/\/www.campingborepo.fr\/wp-content\/uploads\/2024\/04\/BOREPO.jpg","datePublished":"2024-04-03T07:58:47+00:00","dateModified":"2024-06-27T06:25:38+00:00","description":"Entdecken Sie den einzigartigen Charme unseres 3-Sterne-Campingplatzes in der N\u00e4he des Etang de Thau, zwischen Meer und Weinbergen. Ideal f\u00fcr einen Urlaub im Mobilheim oder auf einem Stellplatz, mit Schwimmbad und Aktivit\u00e4ten in der N\u00e4he des Wassers.","breadcrumb":{"@id":"https:\/\/www.campingborepo.fr\/de\/campingplatz-etang-de-thau\/#breadcrumb"},"inLanguage":"de","potentialAction":[{"@type":"ReadAction","target":["https:\/\/www.campingborepo.fr\/de\/campingplatz-etang-de-thau\/"]}]},{"@type":"ImageObject","inLanguage":"de","@id":"https:\/\/www.campingborepo.fr\/de\/campingplatz-etang-de-thau\/#primaryimage","url":"https:\/\/www.campingborepo.fr\/wp-content\/uploads\/2024\/04\/BOREPO.jpg","contentUrl":"https:\/\/www.campingborepo.fr\/wp-content\/uploads\/2024\/04\/BOREPO.jpg","width":944,"height":600},{"@type":"BreadcrumbList","@id":"https:\/\/www.campingborepo.fr\/de\/campingplatz-etang-de-thau\/#breadcrumb","itemListElement":[{"@type":"ListItem","position":1,"name":"Camping 3 \u00e9toiles H\u00e9rault","item":"https:\/\/www.campingborepo.fr\/de\/"},{"@type":"ListItem","position":2,"name":"Camping in der N\u00e4he des Etang de Thau"}]},{"@type":"WebSite","@id":"https:\/\/www.campingborepo.fr\/de\/#website","url":"https:\/\/www.campingborepo.fr\/de\/","name":"Camping Borepo","description":"","publisher":{"@id":"https:\/\/www.campingborepo.fr\/de\/#organization"},"potentialAction":[{"@type":"SearchAction","target":{"@type":"EntryPoint","urlTemplate":"https:\/\/www.campingborepo.fr\/de\/?s={search_term_string}"},"query-input":{"@type":"PropertyValueSpecification","valueRequired":true,"valueName":"search_term_string"}}],"inLanguage":"de"},{"@type":"Organization","@id":"https:\/\/www.campingborepo.fr\/de\/#organization","name":"Camping Borepo","url":"https:\/\/www.campingborepo.fr\/de\/","logo":{"@type":"ImageObject","inLanguage":"de","@id":"https:\/\/www.campingborepo.fr\/de\/#\/schema\/logo\/image\/","url":"https:\/\/www.campingborepo.fr\/wp-content\/uploads\/2024\/01\/logo-nature-residences-loisirs.png","contentUrl":"https:\/\/www.campingborepo.fr\/wp-content\/uploads\/2024\/01\/logo-nature-residences-loisirs.png","width":300,"height":134,"caption":"Camping Borepo"},"image":{"@id":"https:\/\/www.campingborepo.fr\/de\/#\/schema\/logo\/image\/"}}]}},"_links":{"self":[{"href":"https:\/\/www.campingborepo.fr\/de\/wp-json\/wp\/v2\/pages\/10276","targetHints":{"allow":["GET"]}}],"collection":[{"href":"https:\/\/www.campingborepo.fr\/de\/wp-json\/wp\/v2\/pages"}],"about":[{"href":"https:\/\/www.campingborepo.fr\/de\/wp-json\/wp\/v2\/types\/page"}],"author":[{"embeddable":true,"href":"https:\/\/www.campingborepo.fr\/de\/wp-json\/wp\/v2\/users\/5"}],"replies":[{"embeddable":true,"href":"https:\/\/www.campingborepo.fr\/de\/wp-json\/wp\/v2\/comments?post=10276"}],"version-history":[{"count":3,"href":"https:\/\/www.campingborepo.fr\/de\/wp-json\/wp\/v2\/pages\/10276\/revisions"}],"predecessor-version":[{"id":10286,"href":"https:\/\/www.campingborepo.fr\/de\/wp-json\/wp\/v2\/pages\/10276\/revisions\/10286"}],"wp:featuredmedia":[{"embeddable":true,"href":"https:\/\/www.campingborepo.fr\/de\/wp-json\/wp\/v2\/media\/10277"}],"wp:attachment":[{"href":"https:\/\/www.campingborepo.fr\/de\/wp-json\/wp\/v2\/media?parent=10276"}],"curies":[{"name":"wp","href":"https:\/\/api.w.org\/{rel}","templated":true}]}}