{"id":10254,"date":"2022-11-18T15:29:45","date_gmt":"2022-11-18T14:29:45","guid":{"rendered":"https:\/\/www.campingborepo.fr\/achat-mobil-home-herault\/"},"modified":"2024-10-15T11:29:50","modified_gmt":"2024-10-15T09:29:50","slug":"kauf-mobilheim-herault","status":"publish","type":"page","link":"https:\/\/www.campingborepo.fr\/de\/kauf-mobilheim-herault\/","title":{"rendered":"WERDEN SIE EIGENT\u00dcMER"},"content":{"rendered":"<div class=\"bloc-texte full\"><div class=\"texte center\"><p>MOBILHEIME IM AUSSENBEREICH WERDEN UNTER BEDINGUNGEN ANNEHMEN<br \/>\nDer Campingplatz Borepo ist von Januar bis Dezember f\u00fcr Bewohner ge\u00f6ffnet.<\/p>\n<p>Haben Sie schon einmal davon getr\u00e4umt, mehr Zeit im Urlaub im H\u00e9rault zu verbringen? Stellen Sie sich vor, Sie besitzen ein Zweitwohnsitz in der N\u00e4he des Mittelmeers. Der 3-Sterne-Campingplatz Borepo im H\u00e9rault bietet Ihnen die M\u00f6glichkeit, neue oder gebrauchte Mobilheime zu erwerben: eine ideale Chance, Eigent\u00fcmer eines Zweitwohnsitzes in S\u00fcdfrankreich zu werden!<\/p>\n<p>Der Kauf eines Mobilheims im H\u00e9rault ist praktischer als ein herk\u00f6mmliches Ferienhaus und bietet Ihnen au\u00dferdem die M\u00f6glichkeit, von au\u00dfergew\u00f6hnlichen Dienstleistungen zu profitieren, darunter Zugang zu einem Wasserbereich mit 3 Pools.<\/p>\n<\/div><\/div>\n\n<div class=\"frame\"><div class=\"texte center\">\r\n\t<div class=\"cards\">\r\n\t\t<div class=\"card\">\r\n\t\t\t<img decoding=\"async\" src=\"\/wp-content\/uploads\/2024\/03\/ouverture.png\" alt=\"ouverture camping propri\u00e9taires\">\r\n\t\t\t<p>\u00d6ffnungszeiten f\u00fcr Eigent\u00fcmer:<br\/>06.01. bis 20.12<\/p>\r\n\t\t<\/div>\r\n\t\t<div class=\"card\">\r\n\t\t\t<img decoding=\"async\" src=\"\/wp-content\/uploads\/2024\/03\/mobil-home.png\" alt=\"achat mobil home occasion\">\r\n\t\t\t<p>Ihr Mobilheim<br\/>ab 29.500 \u20ac<br\/><i>(Erstbezugspreis)<\/i><\/p>\r\n\t\t<\/div>\r\n\t\t<div class=\"card\">\r\n\t\t\t<img decoding=\"async\" src=\"\/wp-content\/uploads\/2024\/03\/emplacement.png\" alt=\"location emplacement mobil home\">\r\n      <p>Jahresmiete des Stellplatzes<br\/>3.460 \u20ac inkl. MwSt.<\/p>\r\n\t\t<\/div>\r\n\t<\/div>\r\n<\/div><\/div>\n\n<div class=\"boutons-row\"><a class=\"bouton\" href=\"#form-vente\">Fordern Sie Ihr Angebot an!<\/a><\/div>\n\n<div class=\"text-image-new style1 image-right background-marron\"><div class=\"text-image-new-colonne\"><H2 class=\"text-image-new-titre\">Warum ein Mobilheim im H\u00e9rault kaufen?<\/H2><div class=\"text-image-new-content\"><p>Der Kauf eines Mobilheims auf dem Campingplatz Borepo im H\u00e9rault hat viele Vorteile:<\/p>\n<ul>\n<li>Ideale Lage zwischen Meer und Bergen: Der in Villeveyrac gelegene Campingplatz Borepo profitiert von einer privilegierten Lage zwischen Meer und Bergen und bietet eine Vielfalt an Landschaften und Aktivit\u00e4ten (Schwimmen, Wandern usw.).<\/li>\n<li>Mitten in der Natur: Genie\u00dfen Sie eine friedliche Umgebung, umgeben von Natur, perfekt zum Entspannen und Abschalten vom Alltag.<\/li>\n<li>Erschwingliche Investition: Der Kauf eines Mobilheims in Borepo stellt eine erschwingliche Finanzinvestition dar, die g\u00fcnstiger ist als ein herk\u00f6mmliches Zweitwohnsitz.<\/li>\n<li>Gute Atmosph\u00e4re, Sicherheit und Ruhe: Der Campingplatz bietet eine famili\u00e4re Atmosph\u00e4re, ist aber auch sicher und friedlich, ideal f\u00fcr Familien und Rentner.<\/li>\n<li>W\u00e4hlen Sie, wann Sie losfahren m\u00f6chten: Nutzen Sie Ihr Mobilheim das ganze Jahr \u00fcber f\u00fcr regelm\u00e4\u00dfige Urlaube oder Wochenendausfl\u00fcge. Den Rest der Zeit k\u00f6nnen Sie es mieten und so zus\u00e4tzliches Einkommen generieren!<\/li>\n<\/ul>\n<\/div><\/div><div class=\"text-image-new-colonne\"><img decoding=\"async\" src=\"https:\/\/www.campingborepo.fr\/wp-content\/uploads\/2024\/03\/mont-saint-clair-etang-de-thau.jpg\" alt=\"Kaufen Sie ein Mobilheim in Herault\" class=\"text-image-new-thumb\" \/><\/div><\/div>\n\n<div class=\"section-contact pt-5 pb-5\"><div class=\"contact-left\"><div class=\"formulaire-de-contact\"><p class=\"h3\">Kontaktiere uns!<\/p>\n<div class=\"wpcf7 no-js\" id=\"wpcf7-f9799-o1\" lang=\"de-DE\" dir=\"ltr\" data-wpcf7-id=\"9799\">\n<div class=\"screen-reader-response\"><p role=\"status\" aria-live=\"polite\" aria-atomic=\"true\"><\/p> <ul><\/ul><\/div>\n<form action=\"\/de\/wp-json\/wp\/v2\/pages\/10254#wpcf7-f9799-o1\" method=\"post\" class=\"wpcf7-form init\" aria-label=\"Kontaktformular\" novalidate=\"novalidate\" data-status=\"init\">\n<fieldset class=\"hidden-fields-container\"><input type=\"hidden\" name=\"_wpcf7\" value=\"9799\" \/><input type=\"hidden\" name=\"_wpcf7_version\" value=\"6.1.5\" \/><input type=\"hidden\" name=\"_wpcf7_locale\" value=\"de_DE\" \/><input type=\"hidden\" name=\"_wpcf7_unit_tag\" value=\"wpcf7-f9799-o1\" \/><input type=\"hidden\" name=\"_wpcf7_container_post\" value=\"0\" \/><input type=\"hidden\" name=\"_wpcf7_posted_data_hash\" value=\"\" \/><input type=\"hidden\" name=\"_wpcf7_recaptcha_response\" value=\"\" \/>\n<\/fieldset>\n<div id=\"form-vente\">\n<\/div>\n<p><span class=\"wpcf7-form-control-wrap\" data-name=\"your-name\"><input size=\"40\" maxlength=\"400\" class=\"wpcf7-form-control wpcf7-text wpcf7-validates-as-required\" aria-required=\"true\" aria-invalid=\"false\" placeholder=\"Ihr Name\" value=\"\" type=\"text\" name=\"your-name\" \/><\/span><span class=\"wpcf7-form-control-wrap\" data-name=\"your-email\"><input size=\"40\" maxlength=\"400\" class=\"wpcf7-form-control wpcf7-email wpcf7-validates-as-required wpcf7-text wpcf7-validates-as-email\" aria-required=\"true\" aria-invalid=\"false\" placeholder=\"Deine E-Mail\" value=\"\" type=\"email\" name=\"your-email\" \/><\/span><span class=\"wpcf7-form-control-wrap\" data-name=\"your-phone\"><input size=\"40\" maxlength=\"400\" class=\"wpcf7-form-control wpcf7-text wpcf7-validates-as-required\" aria-required=\"true\" aria-invalid=\"false\" placeholder=\"Dein Telefon\" value=\"\" type=\"text\" name=\"your-phone\" \/><\/span><span class=\"wpcf7-form-control-wrap\" data-name=\"code-postal\"><input size=\"40\" maxlength=\"400\" class=\"wpcf7-form-control wpcf7-text wpcf7-validates-as-required\" aria-required=\"true\" aria-invalid=\"false\" placeholder=\"Ihre Postleitzahl...\" value=\"\" type=\"text\" name=\"code-postal\" \/><\/span><span class=\"wpcf7-form-control-wrap\" data-name=\"your-message\"><textarea cols=\"40\" rows=\"10\" maxlength=\"2000\" class=\"wpcf7-form-control wpcf7-textarea\" aria-invalid=\"false\" placeholder=\"Ihre Nachricht (Z\u00f6gern Sie nicht, uns Ihr Budget und Ihre W\u00fcnsche mitzuteilen, um Sie bestm\u00f6glich beraten zu k\u00f6nnen)\" name=\"your-message\"><\/textarea><\/span><span class=\"wpcf7-form-control-wrap\" data-name=\"acceptance-553\"><span class=\"wpcf7-form-control wpcf7-acceptance\"><span class=\"wpcf7-list-item\"><label><input type=\"checkbox\" name=\"acceptance-553\" value=\"1\" aria-invalid=\"false\" \/><span class=\"wpcf7-list-item-label\">Mit dem Absenden dieses Formulars akzeptiere ich, dass die eingegebenen Informationen gespeichert werden, um eine Kontaktaufnahme oder kommerzielle Informationen zu erm\u00f6glichen. Ich akzeptiere die <a href=\"\/de\/datenschutzrichtlinie\/\" rel=\"nofollow\" target=\"_blank\">Datenschutzerkl\u00e4rung<\/a> dieser Website.<\/span><\/label><\/span><\/span><\/span>\n<span class=\"wpcf7-form-control-wrap recaptcha\" data-name=\"recaptcha\"><span data-sitekey=\"6Lc_JWMpAAAAAJqw4Nez5td1hgT164KnkIYpEslx\" class=\"wpcf7-form-control wpcf7-recaptcha g-recaptcha\"><\/span>\r\n<noscript>\r\n\t<div class=\"grecaptcha-noscript\">\r\n\t\t<iframe loading=\"lazy\" src=\"https:\/\/www.google.com\/recaptcha\/api\/fallback?k=6Lc_JWMpAAAAAJqw4Nez5td1hgT164KnkIYpEslx\" frameborder=\"0\" scrolling=\"no\" width=\"310\" height=\"430\">\r\n\t\t<\/iframe>\r\n\t\t<textarea name=\"g-recaptcha-response\" rows=\"3\" cols=\"40\" placeholder=\"reCaptcha Response Here\">\r\n\t\t<\/textarea>\r\n\t<\/div>\r\n<\/noscript>\r\n<\/span><input class=\"wpcf7-form-control wpcf7-submit has-spinner\" type=\"submit\" value=\"Schicken\" \/>\n<\/p><div class=\"wpcf7-response-output\" aria-hidden=\"true\"><\/div>\n<\/form>\n<\/div>\n<\/div><\/div><div class=\"contact-right\"><div class=\"coord-col\"><p class=\"h4\">Unsere Kontaktdaten<\/p><span class=\"coord-line\"><div class=\"icon\"><svg width=\"22\" height=\"28\" viewBox=\"0 0 15 21\" fill=\"none\" xmlns=\"http:\/\/www.w3.org\/2000\/svg\"><path d=\"M6.5 9.04883C7.10156 9.04883 7.61426 8.83691 8.03809 8.41309C8.46191 7.98926 8.67383 7.47656 8.67383 6.875C8.67383 6.27344 8.46191 5.76074 8.03809 5.33691C7.61426 4.91309 7.10156 4.70117 6.5 4.70117C5.89844 4.70117 5.38574 4.91309 4.96191 5.33691C4.53809 5.76074 4.32617 6.27344 4.32617 6.875C4.32617 7.47656 4.53809 7.98926 4.96191 8.41309C5.38574 8.83691 5.89844 9.04883 6.5 9.04883ZM6.5 0.763672C8.19531 0.763672 9.6377 1.3584 10.8271 2.54785C12.0166 3.7373 12.6113 5.17969 12.6113 6.875C12.6113 7.72266 12.3994 8.69336 11.9756 9.78711C11.5518 10.8809 11.0391 11.9062 10.4375 12.8633C9.83594 13.8203 9.24121 14.7158 8.65332 15.5498C8.06543 16.3838 7.56641 17.0469 7.15625 17.5391L6.5 18.2363C6.33594 18.0449 6.11719 17.792 5.84375 17.4775C5.57031 17.1631 5.07812 16.5342 4.36719 15.5908C3.65625 14.6475 3.03418 13.7314 2.50098 12.8428C1.96777 11.9541 1.48242 10.9492 1.04492 9.82812C0.607422 8.70703 0.388672 7.72266 0.388672 6.875C0.388672 5.17969 0.983398 3.7373 2.17285 2.54785C3.3623 1.3584 4.80469 0.763672 6.5 0.763672Z\" fill=\"#F76D00\"\/><\/svg><\/div>Domaine St, Raymond Bernat, 34560  Villeveyrac<\/span><span class=\"coord-line\"><div class=\"icon\"><svg width=\"25\" height=\"22\" viewBox=\"0 0 20 17\" fill=\"none\" xmlns=\"http:\/\/www.w3.org\/2000\/svg\"><path d=\"M3.91016 7.70012C5.53516 10.2398 7.92188 12.165 11.0703 13.4758L13.457 11.5506C13.7956 11.2775 14.168 11.2092 14.5742 11.3458C15.793 11.6735 17.0794 11.8373 18.4336 11.8373C18.7383 11.8373 18.9922 11.9192 19.1953 12.0831C19.3984 12.2469 19.5 12.4517 19.5 12.6975V15.7697C19.5 16.0154 19.3984 16.2203 19.1953 16.3841C18.9922 16.548 18.7383 16.6299 18.4336 16.6299C13.3555 16.6299 9.01367 15.1757 5.4082 12.2674C1.80273 9.35909 0 5.85682 0 1.7606C0 1.51482 0.101562 1.31001 0.304688 1.14616C0.507812 0.982315 0.761719 0.900391 1.06641 0.900391H4.875C5.17969 0.900391 5.43359 0.982315 5.63672 1.14616C5.83984 1.31001 5.94141 1.51482 5.94141 1.7606C5.94141 2.85292 6.14453 3.89063 6.55078 4.87373C6.6862 5.22873 6.60156 5.52912 6.29688 5.77489L3.91016 7.70012Z\" fill=\"#F76D00\"\/><\/svg><\/div><a href=\"tel:+33467780727\">+33467780727<\/a><\/span><\/div><div class=\"coord-col\"><p class=\"h4\">Er\u00f6ffnungstermine<\/p><span class=\"coord-line\"><div class=\"icon\"><svg width=\"22\" height=\"22\" viewBox=\"0 0 19 19\" fill=\"none\" xmlns=\"http:\/\/www.w3.org\/2000\/svg\"><path d=\"M9.95117 5.11133V9.70508L13.8887 12.043L13.2324 13.1504L8.63867 10.3613V5.11133H9.95117ZM9.5 16.5137C11.4141 16.5137 13.0615 15.8232 14.4424 14.4424C15.8232 13.0615 16.5137 11.4141 16.5137 9.5C16.5137 7.58594 15.8232 5.93848 14.4424 4.55762C13.0615 3.17676 11.4141 2.48633 9.5 2.48633C7.58594 2.48633 5.93848 3.17676 4.55762 4.55762C3.17676 5.93848 2.48633 7.58594 2.48633 9.5C2.48633 11.4141 3.17676 13.0615 4.55762 14.4424C5.93848 15.8232 7.58594 16.5137 9.5 16.5137ZM9.5 0.763672C11.9062 0.763672 13.9639 1.61816 15.6729 3.32715C17.3818 5.03613 18.2363 7.09375 18.2363 9.5C18.2363 11.9062 17.3818 13.9639 15.6729 15.6729C13.9639 17.3818 11.9062 18.2363 9.5 18.2363C7.09375 18.2363 5.03613 17.3818 3.32715 15.6729C1.61816 13.9639 0.763672 11.9062 0.763672 9.5C0.763672 7.09375 1.61816 5.03613 3.32715 3.32715C5.03613 1.61816 7.09375 0.763672 9.5 0.763672Z\" fill=\"#F76D00\"\/><\/svg><\/div><div class=\"ouverture\">Vom 3. April 2026 bis zum 2. November 2026<\/div>\n<\/span><\/div><iframe src=\"https:\/\/www.google.com\/maps\/embed?pb=!1m14!1m8!1m3!1d11577.003836605283!2d3.566705!3d43.4971!3m2!1i1024!2i768!4f13.1!3m3!1m2!1s0x0%3A0x3acaeed755e731e1!2sCamping%20Borepo!5e0!3m2!1sfr!2sfr!4v1673895324126!5m2!1sfr!2sfr\" width=\"100%\" height=\"380\" style=\"border:0;\" allowfullscreen=\"\" loading=\"lazy\" referrerpolicy=\"no-referrer-when-downgrade\"><\/iframe><\/div><\/div>","protected":false},"excerpt":{"rendered":"","protected":false},"author":1,"featured_media":10255,"parent":0,"menu_order":0,"comment_status":"closed","ping_status":"closed","template":"","meta":{"_acf_changed":false,"footnotes":""},"class_list":["post-10254","page","type-page","status-publish","has-post-thumbnail","hentry"],"acf":[],"yoast_head":"<!-- This site is optimized with the Yoast SEO plugin v27.3 - https:\/\/yoast.com\/product\/yoast-seo-wordpress\/ -->\n<title>Verkauf und Kauf von Mobilheimen in H\u00e9rault auf dem Campingplatz Borepo<\/title>\n<meta name=\"description\" content=\"Verkauf von Mobilheimen im H\u00e9rault: Finden Sie Ihre Traumresidenz auf dem 3-Sterne-Campingplatz Borepo zwischen Str\u00e4nden und Bergen.\" \/>\n<meta name=\"robots\" content=\"index, follow, max-snippet:-1, max-image-preview:large, max-video-preview:-1\" \/>\n<link rel=\"canonical\" href=\"https:\/\/www.campingborepo.fr\/de\/kauf-mobilheim-herault\/\" \/>\n<meta property=\"og:locale\" content=\"de_DE\" \/>\n<meta property=\"og:type\" content=\"article\" \/>\n<meta property=\"og:title\" content=\"Verkauf und Kauf von Mobilheimen in H\u00e9rault auf dem Campingplatz Borepo\" \/>\n<meta property=\"og:description\" content=\"Verkauf von Mobilheimen im H\u00e9rault: Finden Sie Ihre Traumresidenz auf dem 3-Sterne-Campingplatz Borepo zwischen Str\u00e4nden und Bergen.\" \/>\n<meta property=\"og:url\" content=\"https:\/\/www.campingborepo.fr\/de\/kauf-mobilheim-herault\/\" \/>\n<meta property=\"og:site_name\" content=\"Camping Borepo\" \/>\n<meta property=\"article:modified_time\" content=\"2024-10-15T09:29:50+00:00\" \/>\n<meta property=\"og:image\" content=\"https:\/\/www.campingborepo.fr\/wp-content\/uploads\/2024\/03\/iStock-1070262094.jpg\" \/>\n\t<meta property=\"og:image:width\" content=\"2048\" \/>\n\t<meta property=\"og:image:height\" content=\"1365\" \/>\n\t<meta property=\"og:image:type\" content=\"image\/jpeg\" \/>\n<meta name=\"twitter:card\" content=\"summary_large_image\" \/>\n<meta name=\"twitter:label1\" content=\"Gesch\u00e4tzte Lesezeit\" \/>\n\t<meta name=\"twitter:data1\" content=\"1\u00a0Minute\" \/>\n<script type=\"application\/ld+json\" class=\"yoast-schema-graph\">{\"@context\":\"https:\\\/\\\/schema.org\",\"@graph\":[{\"@type\":\"WebPage\",\"@id\":\"https:\\\/\\\/www.campingborepo.fr\\\/de\\\/kauf-mobilheim-herault\\\/\",\"url\":\"https:\\\/\\\/www.campingborepo.fr\\\/de\\\/kauf-mobilheim-herault\\\/\",\"name\":\"Verkauf und Kauf von Mobilheimen in H\u00e9rault auf dem Campingplatz Borepo\",\"isPartOf\":{\"@id\":\"https:\\\/\\\/www.campingborepo.fr\\\/de\\\/#website\"},\"primaryImageOfPage\":{\"@id\":\"https:\\\/\\\/www.campingborepo.fr\\\/de\\\/kauf-mobilheim-herault\\\/#primaryimage\"},\"image\":{\"@id\":\"https:\\\/\\\/www.campingborepo.fr\\\/de\\\/kauf-mobilheim-herault\\\/#primaryimage\"},\"thumbnailUrl\":\"https:\\\/\\\/www.campingborepo.fr\\\/wp-content\\\/uploads\\\/2024\\\/03\\\/iStock-1070262094.jpg\",\"datePublished\":\"2022-11-18T14:29:45+00:00\",\"dateModified\":\"2024-10-15T09:29:50+00:00\",\"description\":\"Verkauf von Mobilheimen im H\u00e9rault: Finden Sie Ihre Traumresidenz auf dem 3-Sterne-Campingplatz Borepo zwischen Str\u00e4nden und Bergen.\",\"breadcrumb\":{\"@id\":\"https:\\\/\\\/www.campingborepo.fr\\\/de\\\/kauf-mobilheim-herault\\\/#breadcrumb\"},\"inLanguage\":\"de\",\"potentialAction\":[{\"@type\":\"ReadAction\",\"target\":[\"https:\\\/\\\/www.campingborepo.fr\\\/de\\\/kauf-mobilheim-herault\\\/\"]}]},{\"@type\":\"ImageObject\",\"inLanguage\":\"de\",\"@id\":\"https:\\\/\\\/www.campingborepo.fr\\\/de\\\/kauf-mobilheim-herault\\\/#primaryimage\",\"url\":\"https:\\\/\\\/www.campingborepo.fr\\\/wp-content\\\/uploads\\\/2024\\\/03\\\/iStock-1070262094.jpg\",\"contentUrl\":\"https:\\\/\\\/www.campingborepo.fr\\\/wp-content\\\/uploads\\\/2024\\\/03\\\/iStock-1070262094.jpg\",\"width\":2048,\"height\":1365},{\"@type\":\"BreadcrumbList\",\"@id\":\"https:\\\/\\\/www.campingborepo.fr\\\/de\\\/kauf-mobilheim-herault\\\/#breadcrumb\",\"itemListElement\":[{\"@type\":\"ListItem\",\"position\":1,\"name\":\"Camping 3 \u00e9toiles H\u00e9rault\",\"item\":\"https:\\\/\\\/www.campingborepo.fr\\\/de\\\/\"},{\"@type\":\"ListItem\",\"position\":2,\"name\":\"Kaufen Sie ein Mobilheim im H\u00e9rault\"}]},{\"@type\":\"WebSite\",\"@id\":\"https:\\\/\\\/www.campingborepo.fr\\\/de\\\/#website\",\"url\":\"https:\\\/\\\/www.campingborepo.fr\\\/de\\\/\",\"name\":\"Camping Borepo\",\"description\":\"\",\"publisher\":{\"@id\":\"https:\\\/\\\/www.campingborepo.fr\\\/de\\\/#organization\"},\"potentialAction\":[{\"@type\":\"SearchAction\",\"target\":{\"@type\":\"EntryPoint\",\"urlTemplate\":\"https:\\\/\\\/www.campingborepo.fr\\\/de\\\/?s={search_term_string}\"},\"query-input\":{\"@type\":\"PropertyValueSpecification\",\"valueRequired\":true,\"valueName\":\"search_term_string\"}}],\"inLanguage\":\"de\"},{\"@type\":\"Organization\",\"@id\":\"https:\\\/\\\/www.campingborepo.fr\\\/de\\\/#organization\",\"name\":\"Camping Borepo\",\"url\":\"https:\\\/\\\/www.campingborepo.fr\\\/de\\\/\",\"logo\":{\"@type\":\"ImageObject\",\"inLanguage\":\"de\",\"@id\":\"https:\\\/\\\/www.campingborepo.fr\\\/de\\\/#\\\/schema\\\/logo\\\/image\\\/\",\"url\":\"https:\\\/\\\/www.campingborepo.fr\\\/wp-content\\\/uploads\\\/2024\\\/01\\\/logo-nature-residences-loisirs.png\",\"contentUrl\":\"https:\\\/\\\/www.campingborepo.fr\\\/wp-content\\\/uploads\\\/2024\\\/01\\\/logo-nature-residences-loisirs.png\",\"width\":300,\"height\":134,\"caption\":\"Camping Borepo\"},\"image\":{\"@id\":\"https:\\\/\\\/www.campingborepo.fr\\\/de\\\/#\\\/schema\\\/logo\\\/image\\\/\"}}]}<\/script>\n<!-- \/ Yoast SEO plugin. -->","yoast_head_json":{"title":"Verkauf und Kauf von Mobilheimen in H\u00e9rault auf dem Campingplatz Borepo","description":"Verkauf von Mobilheimen im H\u00e9rault: Finden Sie Ihre Traumresidenz auf dem 3-Sterne-Campingplatz Borepo zwischen Str\u00e4nden und Bergen.","robots":{"index":"index","follow":"follow","max-snippet":"max-snippet:-1","max-image-preview":"max-image-preview:large","max-video-preview":"max-video-preview:-1"},"canonical":"https:\/\/www.campingborepo.fr\/de\/kauf-mobilheim-herault\/","og_locale":"de_DE","og_type":"article","og_title":"Verkauf und Kauf von Mobilheimen in H\u00e9rault auf dem Campingplatz Borepo","og_description":"Verkauf von Mobilheimen im H\u00e9rault: Finden Sie Ihre Traumresidenz auf dem 3-Sterne-Campingplatz Borepo zwischen Str\u00e4nden und Bergen.","og_url":"https:\/\/www.campingborepo.fr\/de\/kauf-mobilheim-herault\/","og_site_name":"Camping Borepo","article_modified_time":"2024-10-15T09:29:50+00:00","og_image":[{"width":2048,"height":1365,"url":"https:\/\/www.campingborepo.fr\/wp-content\/uploads\/2024\/03\/iStock-1070262094.jpg","type":"image\/jpeg"}],"twitter_card":"summary_large_image","twitter_misc":{"Gesch\u00e4tzte Lesezeit":"1\u00a0Minute"},"schema":{"@context":"https:\/\/schema.org","@graph":[{"@type":"WebPage","@id":"https:\/\/www.campingborepo.fr\/de\/kauf-mobilheim-herault\/","url":"https:\/\/www.campingborepo.fr\/de\/kauf-mobilheim-herault\/","name":"Verkauf und Kauf von Mobilheimen in H\u00e9rault auf dem Campingplatz Borepo","isPartOf":{"@id":"https:\/\/www.campingborepo.fr\/de\/#website"},"primaryImageOfPage":{"@id":"https:\/\/www.campingborepo.fr\/de\/kauf-mobilheim-herault\/#primaryimage"},"image":{"@id":"https:\/\/www.campingborepo.fr\/de\/kauf-mobilheim-herault\/#primaryimage"},"thumbnailUrl":"https:\/\/www.campingborepo.fr\/wp-content\/uploads\/2024\/03\/iStock-1070262094.jpg","datePublished":"2022-11-18T14:29:45+00:00","dateModified":"2024-10-15T09:29:50+00:00","description":"Verkauf von Mobilheimen im H\u00e9rault: Finden Sie Ihre Traumresidenz auf dem 3-Sterne-Campingplatz Borepo zwischen Str\u00e4nden und Bergen.","breadcrumb":{"@id":"https:\/\/www.campingborepo.fr\/de\/kauf-mobilheim-herault\/#breadcrumb"},"inLanguage":"de","potentialAction":[{"@type":"ReadAction","target":["https:\/\/www.campingborepo.fr\/de\/kauf-mobilheim-herault\/"]}]},{"@type":"ImageObject","inLanguage":"de","@id":"https:\/\/www.campingborepo.fr\/de\/kauf-mobilheim-herault\/#primaryimage","url":"https:\/\/www.campingborepo.fr\/wp-content\/uploads\/2024\/03\/iStock-1070262094.jpg","contentUrl":"https:\/\/www.campingborepo.fr\/wp-content\/uploads\/2024\/03\/iStock-1070262094.jpg","width":2048,"height":1365},{"@type":"BreadcrumbList","@id":"https:\/\/www.campingborepo.fr\/de\/kauf-mobilheim-herault\/#breadcrumb","itemListElement":[{"@type":"ListItem","position":1,"name":"Camping 3 \u00e9toiles H\u00e9rault","item":"https:\/\/www.campingborepo.fr\/de\/"},{"@type":"ListItem","position":2,"name":"Kaufen Sie ein Mobilheim im H\u00e9rault"}]},{"@type":"WebSite","@id":"https:\/\/www.campingborepo.fr\/de\/#website","url":"https:\/\/www.campingborepo.fr\/de\/","name":"Camping Borepo","description":"","publisher":{"@id":"https:\/\/www.campingborepo.fr\/de\/#organization"},"potentialAction":[{"@type":"SearchAction","target":{"@type":"EntryPoint","urlTemplate":"https:\/\/www.campingborepo.fr\/de\/?s={search_term_string}"},"query-input":{"@type":"PropertyValueSpecification","valueRequired":true,"valueName":"search_term_string"}}],"inLanguage":"de"},{"@type":"Organization","@id":"https:\/\/www.campingborepo.fr\/de\/#organization","name":"Camping Borepo","url":"https:\/\/www.campingborepo.fr\/de\/","logo":{"@type":"ImageObject","inLanguage":"de","@id":"https:\/\/www.campingborepo.fr\/de\/#\/schema\/logo\/image\/","url":"https:\/\/www.campingborepo.fr\/wp-content\/uploads\/2024\/01\/logo-nature-residences-loisirs.png","contentUrl":"https:\/\/www.campingborepo.fr\/wp-content\/uploads\/2024\/01\/logo-nature-residences-loisirs.png","width":300,"height":134,"caption":"Camping Borepo"},"image":{"@id":"https:\/\/www.campingborepo.fr\/de\/#\/schema\/logo\/image\/"}}]}},"_links":{"self":[{"href":"https:\/\/www.campingborepo.fr\/de\/wp-json\/wp\/v2\/pages\/10254","targetHints":{"allow":["GET"]}}],"collection":[{"href":"https:\/\/www.campingborepo.fr\/de\/wp-json\/wp\/v2\/pages"}],"about":[{"href":"https:\/\/www.campingborepo.fr\/de\/wp-json\/wp\/v2\/types\/page"}],"author":[{"embeddable":true,"href":"https:\/\/www.campingborepo.fr\/de\/wp-json\/wp\/v2\/users\/1"}],"replies":[{"embeddable":true,"href":"https:\/\/www.campingborepo.fr\/de\/wp-json\/wp\/v2\/comments?post=10254"}],"version-history":[{"count":8,"href":"https:\/\/www.campingborepo.fr\/de\/wp-json\/wp\/v2\/pages\/10254\/revisions"}],"predecessor-version":[{"id":11093,"href":"https:\/\/www.campingborepo.fr\/de\/wp-json\/wp\/v2\/pages\/10254\/revisions\/11093"}],"wp:featuredmedia":[{"embeddable":true,"href":"https:\/\/www.campingborepo.fr\/de\/wp-json\/wp\/v2\/media\/10255"}],"wp:attachment":[{"href":"https:\/\/www.campingborepo.fr\/de\/wp-json\/wp\/v2\/media?parent=10254"}],"curies":[{"name":"wp","href":"https:\/\/api.w.org\/{rel}","templated":true}]}}