{"id":10148,"date":"2021-12-22T10:33:49","date_gmt":"2021-12-22T09:33:49","guid":{"rendered":"https:\/\/www.campingborepo.fr\/piscine-herault\/"},"modified":"2024-06-26T14:28:31","modified_gmt":"2024-06-26T12:28:31","slug":"schwimmbad-herault","status":"publish","type":"page","link":"https:\/\/www.campingborepo.fr\/de\/schwimmbad-herault\/","title":{"rendered":"Schwimmbad"},"content":{"rendered":"<div class=\"text-image-new style1 image-left\"><div class=\"text-image-new-colonne\"><H2 class=\"text-image-new-titre\">Entdecken Sie die drei Becken unseres Wasserbereichs<\/H2><div class=\"text-image-new-content\"><p>Unser 3-Sterne-Campingplatz im H\u00e9rault verspricht Ihnen wundervolle Familienmomente in seinem Wasserbereich, der aus drei verschiedenen Becken besteht, die jeweils ein einzigartiges Erlebnis bieten:<\/p>\n<ul>\n<li>Der gro\u00dfe Pool: Perfekt f\u00fcr Schwimmbegeisterte, dieser ger\u00e4umige Pool ist ideal, um Bahnen zu ziehen oder sich einfach abzuk\u00fchlen.<\/li>\n<li>Der mittelgro\u00dfe Pool: Dieser f\u00fcr Vergn\u00fcgen und Entspannung konzipierte Pool eignet sich perfekt zum entspannten Schwimmen.<\/li>\n<li>Das Planschbecken: Speziell f\u00fcr Kinder konzipiert, garantiert es die Sicherheit und Unterhaltung der Kleinsten unter den wachsamen Augen ihrer Eltern.<\/li>\n<\/ul>\n<p>Jedes dieser Becken bietet ein einzigartiges Erlebnis, sodass Ihr Aufenthalt auf einem Campingplatz mit Schwimmbad im H\u00e9rault unvergesslich wird.<\/p>\n<\/div><\/div><div class=\"text-image-new-colonne\"><img decoding=\"async\" src=\"https:\/\/www.campingborepo.fr\/wp-content\/uploads\/2024\/04\/piscine-camping-herault.jpg\" alt=\"Schwimmbad des Campingplatzes H\u00e9rault\" class=\"text-image-new-thumb\" \/><\/div><\/div>\n\n<div class=\"text-image-new style1 image-right\"><div class=\"text-image-new-colonne\"><H2 class=\"text-image-new-titre\">N\u00fctzliche Informationen<\/H2><div class=\"text-image-new-content\"><p>Damit Sie w\u00e4hrend Ihres Campingaufenthalts mit Schwimmbad in H\u00e9rault unseren Wasserbereich optimal nutzen k\u00f6nnen, finden Sie hier einige n\u00fctzliche Informationen zu unserem Wasserbereich:<\/p>\n<ul>\n<li>\u00d6ffnungszeiten: Ge\u00f6ffnet von Juni bis 30. September.<\/li>\n<li>Badeanz\u00fcge: Es sind nur klassische Badeanz\u00fcge erlaubt (Badeshorts verboten).<\/li>\n<\/ul>\n<\/div><\/div><div class=\"text-image-new-colonne\"><img decoding=\"async\" src=\"https:\/\/www.campingborepo.fr\/wp-content\/uploads\/2024\/04\/piscine-camping-borepo.jpg\" alt=\"Campingplatz Herault mit Schwimmbad\" class=\"text-image-new-thumb\" \/><\/div><\/div>","protected":false},"excerpt":{"rendered":"","protected":false},"author":1,"featured_media":10150,"parent":0,"menu_order":0,"comment_status":"closed","ping_status":"closed","template":"","meta":{"_acf_changed":false,"footnotes":""},"class_list":["post-10148","page","type-page","status-publish","has-post-thumbnail","hentry"],"acf":[],"yoast_head":"<!-- This site is optimized with the Yoast SEO plugin v27.3 - https:\/\/yoast.com\/product\/yoast-seo-wordpress\/ -->\n<title>Campingplatz mit Schwimmbad in Herault auf dem Campingplatz Borepo<\/title>\n<meta name=\"description\" content=\"Genie\u00dfen Sie Natur und Komfort mit den beiden Schwimmb\u00e4dern auf dem Campingplatz Borepo, diesem Campingplatz mit Schwimmbad in Herault. Wasseraustritt garantiert!\" \/>\n<meta name=\"robots\" content=\"index, follow, max-snippet:-1, max-image-preview:large, max-video-preview:-1\" \/>\n<link rel=\"canonical\" href=\"https:\/\/www.campingborepo.fr\/de\/schwimmbad-herault\/\" \/>\n<meta property=\"og:locale\" content=\"de_DE\" \/>\n<meta property=\"og:type\" content=\"article\" \/>\n<meta property=\"og:title\" content=\"Campingplatz mit Schwimmbad in Herault auf dem Campingplatz Borepo\" \/>\n<meta property=\"og:description\" content=\"Genie\u00dfen Sie Natur und Komfort mit den beiden Schwimmb\u00e4dern auf dem Campingplatz Borepo, diesem Campingplatz mit Schwimmbad in Herault. Wasseraustritt garantiert!\" \/>\n<meta property=\"og:url\" content=\"https:\/\/www.campingborepo.fr\/de\/schwimmbad-herault\/\" \/>\n<meta property=\"og:site_name\" content=\"Camping Borepo\" \/>\n<meta property=\"article:modified_time\" content=\"2024-06-26T12:28:31+00:00\" \/>\n<meta property=\"og:image\" content=\"https:\/\/www.campingborepo.fr\/wp-content\/uploads\/2022\/11\/PARC-AQUATIQUE-scaled-e1668785968136.jpg\" \/>\n\t<meta property=\"og:image:width\" content=\"2560\" \/>\n\t<meta property=\"og:image:height\" content=\"1297\" \/>\n\t<meta property=\"og:image:type\" content=\"image\/jpeg\" \/>\n<meta name=\"twitter:card\" content=\"summary_large_image\" \/>\n<meta name=\"twitter:label1\" content=\"Gesch\u00e4tzte Lesezeit\" \/>\n\t<meta name=\"twitter:data1\" content=\"1\u00a0Minute\" \/>\n<script type=\"application\/ld+json\" class=\"yoast-schema-graph\">{\"@context\":\"https:\\\/\\\/schema.org\",\"@graph\":[{\"@type\":\"WebPage\",\"@id\":\"https:\\\/\\\/www.campingborepo.fr\\\/de\\\/schwimmbad-herault\\\/\",\"url\":\"https:\\\/\\\/www.campingborepo.fr\\\/de\\\/schwimmbad-herault\\\/\",\"name\":\"Campingplatz mit Schwimmbad in Herault auf dem Campingplatz Borepo\",\"isPartOf\":{\"@id\":\"https:\\\/\\\/www.campingborepo.fr\\\/de\\\/#website\"},\"primaryImageOfPage\":{\"@id\":\"https:\\\/\\\/www.campingborepo.fr\\\/de\\\/schwimmbad-herault\\\/#primaryimage\"},\"image\":{\"@id\":\"https:\\\/\\\/www.campingborepo.fr\\\/de\\\/schwimmbad-herault\\\/#primaryimage\"},\"thumbnailUrl\":\"https:\\\/\\\/www.campingborepo.fr\\\/wp-content\\\/uploads\\\/2022\\\/11\\\/PARC-AQUATIQUE-scaled-e1668785968136.jpg\",\"datePublished\":\"2021-12-22T09:33:49+00:00\",\"dateModified\":\"2024-06-26T12:28:31+00:00\",\"description\":\"Genie\u00dfen Sie Natur und Komfort mit den beiden Schwimmb\u00e4dern auf dem Campingplatz Borepo, diesem Campingplatz mit Schwimmbad in Herault. Wasseraustritt garantiert!\",\"breadcrumb\":{\"@id\":\"https:\\\/\\\/www.campingborepo.fr\\\/de\\\/schwimmbad-herault\\\/#breadcrumb\"},\"inLanguage\":\"de\",\"potentialAction\":[{\"@type\":\"ReadAction\",\"target\":[\"https:\\\/\\\/www.campingborepo.fr\\\/de\\\/schwimmbad-herault\\\/\"]}]},{\"@type\":\"ImageObject\",\"inLanguage\":\"de\",\"@id\":\"https:\\\/\\\/www.campingborepo.fr\\\/de\\\/schwimmbad-herault\\\/#primaryimage\",\"url\":\"https:\\\/\\\/www.campingborepo.fr\\\/wp-content\\\/uploads\\\/2022\\\/11\\\/PARC-AQUATIQUE-scaled-e1668785968136.jpg\",\"contentUrl\":\"https:\\\/\\\/www.campingborepo.fr\\\/wp-content\\\/uploads\\\/2022\\\/11\\\/PARC-AQUATIQUE-scaled-e1668785968136.jpg\",\"width\":2560,\"height\":1297},{\"@type\":\"BreadcrumbList\",\"@id\":\"https:\\\/\\\/www.campingborepo.fr\\\/de\\\/schwimmbad-herault\\\/#breadcrumb\",\"itemListElement\":[{\"@type\":\"ListItem\",\"position\":1,\"name\":\"Camping 3 \u00e9toiles H\u00e9rault\",\"item\":\"https:\\\/\\\/www.campingborepo.fr\\\/de\\\/\"},{\"@type\":\"ListItem\",\"position\":2,\"name\":\"Badebereich auf dem Campingplatz\"}]},{\"@type\":\"WebSite\",\"@id\":\"https:\\\/\\\/www.campingborepo.fr\\\/de\\\/#website\",\"url\":\"https:\\\/\\\/www.campingborepo.fr\\\/de\\\/\",\"name\":\"Camping Borepo\",\"description\":\"\",\"publisher\":{\"@id\":\"https:\\\/\\\/www.campingborepo.fr\\\/de\\\/#organization\"},\"potentialAction\":[{\"@type\":\"SearchAction\",\"target\":{\"@type\":\"EntryPoint\",\"urlTemplate\":\"https:\\\/\\\/www.campingborepo.fr\\\/de\\\/?s={search_term_string}\"},\"query-input\":{\"@type\":\"PropertyValueSpecification\",\"valueRequired\":true,\"valueName\":\"search_term_string\"}}],\"inLanguage\":\"de\"},{\"@type\":\"Organization\",\"@id\":\"https:\\\/\\\/www.campingborepo.fr\\\/de\\\/#organization\",\"name\":\"Camping Borepo\",\"url\":\"https:\\\/\\\/www.campingborepo.fr\\\/de\\\/\",\"logo\":{\"@type\":\"ImageObject\",\"inLanguage\":\"de\",\"@id\":\"https:\\\/\\\/www.campingborepo.fr\\\/de\\\/#\\\/schema\\\/logo\\\/image\\\/\",\"url\":\"https:\\\/\\\/www.campingborepo.fr\\\/wp-content\\\/uploads\\\/2024\\\/01\\\/logo-nature-residences-loisirs.png\",\"contentUrl\":\"https:\\\/\\\/www.campingborepo.fr\\\/wp-content\\\/uploads\\\/2024\\\/01\\\/logo-nature-residences-loisirs.png\",\"width\":300,\"height\":134,\"caption\":\"Camping Borepo\"},\"image\":{\"@id\":\"https:\\\/\\\/www.campingborepo.fr\\\/de\\\/#\\\/schema\\\/logo\\\/image\\\/\"}}]}<\/script>\n<!-- \/ Yoast SEO plugin. -->","yoast_head_json":{"title":"Campingplatz mit Schwimmbad in Herault auf dem Campingplatz Borepo","description":"Genie\u00dfen Sie Natur und Komfort mit den beiden Schwimmb\u00e4dern auf dem Campingplatz Borepo, diesem Campingplatz mit Schwimmbad in Herault. Wasseraustritt garantiert!","robots":{"index":"index","follow":"follow","max-snippet":"max-snippet:-1","max-image-preview":"max-image-preview:large","max-video-preview":"max-video-preview:-1"},"canonical":"https:\/\/www.campingborepo.fr\/de\/schwimmbad-herault\/","og_locale":"de_DE","og_type":"article","og_title":"Campingplatz mit Schwimmbad in Herault auf dem Campingplatz Borepo","og_description":"Genie\u00dfen Sie Natur und Komfort mit den beiden Schwimmb\u00e4dern auf dem Campingplatz Borepo, diesem Campingplatz mit Schwimmbad in Herault. Wasseraustritt garantiert!","og_url":"https:\/\/www.campingborepo.fr\/de\/schwimmbad-herault\/","og_site_name":"Camping Borepo","article_modified_time":"2024-06-26T12:28:31+00:00","og_image":[{"width":2560,"height":1297,"url":"https:\/\/www.campingborepo.fr\/wp-content\/uploads\/2022\/11\/PARC-AQUATIQUE-scaled-e1668785968136.jpg","type":"image\/jpeg"}],"twitter_card":"summary_large_image","twitter_misc":{"Gesch\u00e4tzte Lesezeit":"1\u00a0Minute"},"schema":{"@context":"https:\/\/schema.org","@graph":[{"@type":"WebPage","@id":"https:\/\/www.campingborepo.fr\/de\/schwimmbad-herault\/","url":"https:\/\/www.campingborepo.fr\/de\/schwimmbad-herault\/","name":"Campingplatz mit Schwimmbad in Herault auf dem Campingplatz Borepo","isPartOf":{"@id":"https:\/\/www.campingborepo.fr\/de\/#website"},"primaryImageOfPage":{"@id":"https:\/\/www.campingborepo.fr\/de\/schwimmbad-herault\/#primaryimage"},"image":{"@id":"https:\/\/www.campingborepo.fr\/de\/schwimmbad-herault\/#primaryimage"},"thumbnailUrl":"https:\/\/www.campingborepo.fr\/wp-content\/uploads\/2022\/11\/PARC-AQUATIQUE-scaled-e1668785968136.jpg","datePublished":"2021-12-22T09:33:49+00:00","dateModified":"2024-06-26T12:28:31+00:00","description":"Genie\u00dfen Sie Natur und Komfort mit den beiden Schwimmb\u00e4dern auf dem Campingplatz Borepo, diesem Campingplatz mit Schwimmbad in Herault. Wasseraustritt garantiert!","breadcrumb":{"@id":"https:\/\/www.campingborepo.fr\/de\/schwimmbad-herault\/#breadcrumb"},"inLanguage":"de","potentialAction":[{"@type":"ReadAction","target":["https:\/\/www.campingborepo.fr\/de\/schwimmbad-herault\/"]}]},{"@type":"ImageObject","inLanguage":"de","@id":"https:\/\/www.campingborepo.fr\/de\/schwimmbad-herault\/#primaryimage","url":"https:\/\/www.campingborepo.fr\/wp-content\/uploads\/2022\/11\/PARC-AQUATIQUE-scaled-e1668785968136.jpg","contentUrl":"https:\/\/www.campingborepo.fr\/wp-content\/uploads\/2022\/11\/PARC-AQUATIQUE-scaled-e1668785968136.jpg","width":2560,"height":1297},{"@type":"BreadcrumbList","@id":"https:\/\/www.campingborepo.fr\/de\/schwimmbad-herault\/#breadcrumb","itemListElement":[{"@type":"ListItem","position":1,"name":"Camping 3 \u00e9toiles H\u00e9rault","item":"https:\/\/www.campingborepo.fr\/de\/"},{"@type":"ListItem","position":2,"name":"Badebereich auf dem Campingplatz"}]},{"@type":"WebSite","@id":"https:\/\/www.campingborepo.fr\/de\/#website","url":"https:\/\/www.campingborepo.fr\/de\/","name":"Camping Borepo","description":"","publisher":{"@id":"https:\/\/www.campingborepo.fr\/de\/#organization"},"potentialAction":[{"@type":"SearchAction","target":{"@type":"EntryPoint","urlTemplate":"https:\/\/www.campingborepo.fr\/de\/?s={search_term_string}"},"query-input":{"@type":"PropertyValueSpecification","valueRequired":true,"valueName":"search_term_string"}}],"inLanguage":"de"},{"@type":"Organization","@id":"https:\/\/www.campingborepo.fr\/de\/#organization","name":"Camping Borepo","url":"https:\/\/www.campingborepo.fr\/de\/","logo":{"@type":"ImageObject","inLanguage":"de","@id":"https:\/\/www.campingborepo.fr\/de\/#\/schema\/logo\/image\/","url":"https:\/\/www.campingborepo.fr\/wp-content\/uploads\/2024\/01\/logo-nature-residences-loisirs.png","contentUrl":"https:\/\/www.campingborepo.fr\/wp-content\/uploads\/2024\/01\/logo-nature-residences-loisirs.png","width":300,"height":134,"caption":"Camping Borepo"},"image":{"@id":"https:\/\/www.campingborepo.fr\/de\/#\/schema\/logo\/image\/"}}]}},"_links":{"self":[{"href":"https:\/\/www.campingborepo.fr\/de\/wp-json\/wp\/v2\/pages\/10148","targetHints":{"allow":["GET"]}}],"collection":[{"href":"https:\/\/www.campingborepo.fr\/de\/wp-json\/wp\/v2\/pages"}],"about":[{"href":"https:\/\/www.campingborepo.fr\/de\/wp-json\/wp\/v2\/types\/page"}],"author":[{"embeddable":true,"href":"https:\/\/www.campingborepo.fr\/de\/wp-json\/wp\/v2\/users\/1"}],"replies":[{"embeddable":true,"href":"https:\/\/www.campingborepo.fr\/de\/wp-json\/wp\/v2\/comments?post=10148"}],"version-history":[{"count":2,"href":"https:\/\/www.campingborepo.fr\/de\/wp-json\/wp\/v2\/pages\/10148\/revisions"}],"predecessor-version":[{"id":10159,"href":"https:\/\/www.campingborepo.fr\/de\/wp-json\/wp\/v2\/pages\/10148\/revisions\/10159"}],"wp:featuredmedia":[{"embeddable":true,"href":"https:\/\/www.campingborepo.fr\/de\/wp-json\/wp\/v2\/media\/10150"}],"wp:attachment":[{"href":"https:\/\/www.campingborepo.fr\/de\/wp-json\/wp\/v2\/media?parent=10148"}],"curies":[{"name":"wp","href":"https:\/\/api.w.org\/{rel}","templated":true}]}}