{"id":10099,"date":"2024-06-26T10:42:58","date_gmt":"2024-06-26T08:42:58","guid":{"rendered":"https:\/\/www.campingborepo.fr\/services\/"},"modified":"2024-06-26T13:53:46","modified_gmt":"2024-06-26T11:53:46","slug":"dienstleistungen","status":"publish","type":"page","link":"https:\/\/www.campingborepo.fr\/de\/dienstleistungen\/","title":{"rendered":"Dienstleistungen"},"content":{"rendered":"<div class=\"text-image-new style1 image-right background-marron\"><div class=\"text-image-new-colonne\"><H2 class=\"text-image-new-titre\">Unser Snack<\/H2><div class=\"text-image-new-content\"><p>Die Snackbar ist von Anfang Juli bis Ende August ge\u00f6ffnet. Es bietet Ihnen den ganzen Tag \u00fcber verschiedene herzhafte und s\u00fc\u00dfe Leckereien. Z\u00f6gern Sie nicht, vorbeizukommen und zu genie\u00dfen!<\/p>\n<ul>\n<li>Snack<\/li>\n<li>Getr\u00e4nke<\/li>\n<li>Eiscreme<\/li>\n<\/ul>\n<\/div><\/div><div class=\"text-image-new-colonne\"><img decoding=\"async\" src=\"https:\/\/www.campingborepo.fr\/wp-content\/uploads\/2024\/04\/snack-camping-herault.jpg\" alt=\"Snack auf dem Borepo-Campingplatz in H\u00e9rault\" class=\"text-image-new-thumb\" \/><\/div><\/div>\n\n<div class=\"text-image-new style1 image-left\"><div class=\"text-image-new-colonne\"><H2 class=\"text-image-new-titre\">Unsere Bar<\/H2><div class=\"text-image-new-content\"><p>Unsere Bar ist im Juli und August ge\u00f6ffnet.<\/p>\n<p>Nehmen Sie sich die Zeit und probieren Sie unsere vielf\u00e4ltigen und abwechslungsreichen Getr\u00e4nke sowie unsere Cocktails. Abends bietet unsere Terrasse Unterhaltung.<\/p>\n<\/div><\/div><div class=\"text-image-new-colonne\"><img decoding=\"async\" src=\"https:\/\/www.campingborepo.fr\/wp-content\/uploads\/2024\/01\/snackbar-campingborepo-2.jpeg\" alt=\"Snack auf dem Campingplatz H\u00e9rault\" class=\"text-image-new-thumb\" \/><\/div><\/div>\n\n<div class=\"text-image-new style1 image-right background-marron\"><div class=\"text-image-new-colonne\"><div class=\"text-image-new-content\"><ul>\n<li><strong>Startseite \/ Lebensmittelgesch\u00e4ft<\/strong><br \/>\nDie Rezeption ist in der Saison von 9.00 bis 12.00 Uhr und von 14.00 bis 18.30 Uhr ge\u00f6ffnet. Wir stehen Ihnen den ganzen Tag \u00fcber zur Verf\u00fcgung.<br \/>\nDas Lebensmittelgesch\u00e4ft befindet sich am selben Ort wie die Rezeption.<\/li>\n<li><strong>WIFI-Verbindung<\/strong><br \/>\nWLAN ist in der Saison im Terrassenbereich der Bar kostenlos und in der Nebensaison nur an der Rezeption verf\u00fcgbar.<\/li>\n<li><strong>Zugang f\u00fcr Behinderte<\/strong><br \/>\nF\u00fcr Personen mit eingeschr\u00e4nkter Mobilit\u00e4t sind Zugangspunkte, Duschkabinen und WCs vorhanden.<br \/>\nSchl\u00fcssel sind gegen Kaution an der Rezeption erh\u00e4ltlich.<\/li>\n<li><strong>Sanit\u00e4r<\/strong><br \/>\n1 Sanit\u00e4rblock mit Warmwasser ist 24 Stunden am Tag ge\u00f6ffnet und wird f\u00fcr Ihren Komfort regelm\u00e4\u00dfig gereinigt. Der Sanit\u00e4rblock ist mit Abfl\u00fcssen f\u00fcr Chemietoiletten ausgestattet.<\/li>\n<li><strong>Kindergartenbereich<\/strong><br \/>\nIm Sanit\u00e4rbereich steht Ihnen ein Babybereich mit Badewanne f\u00fcr Ihr Baby zur Verf\u00fcgung.<\/li>\n<\/ul>\n<\/div><\/div><div class=\"text-image-new-colonne\"><img decoding=\"async\" src=\"https:\/\/www.campingborepo.fr\/wp-content\/uploads\/2024\/04\/services-camping-herault.jpg\" alt=\"Dienstleistungen des Campingplatzes Herault\" class=\"text-image-new-thumb\" \/><\/div><\/div>\n\n<div class=\"text-image-new style1 image-left\"><div class=\"text-image-new-colonne\"><div class=\"text-image-new-content\"><ul>\n<li><strong>Waschmaschine<\/strong><br \/>\nIm Sanit\u00e4rgeb\u00e4ude gibt es eine Waschmaschine, die an der Rezeption des Campingplatzes f\u00fcr 5,50 \u20ac erh\u00e4ltlich ist.<\/li>\n<li><strong>TV-Verleih<\/strong><br \/>\nDie Miete eines Fernsehers ist f\u00fcr 5,00 \u20ac pro Tag m\u00f6glich.<br \/>\nAuf Anfrage an der Rezeption nach Zahlung der Anzahlung, solange der Vorrat reicht.<\/li>\n<li><strong>K\u00fchlschrankverleih<\/strong><br \/>\nMieten Sie Ihren K\u00fchlschrank vor Ort: 5,00 \u20ac pro Nacht mit einer Kaution von 50 \u20ac<br \/>\nDie Lieferung an Ihren Standort erfolgt auf Wunsch an der Rezeption nach Zahlung der Anzahlung, solange der Vorrat reicht.<\/li>\n<li><strong>Verkauf von Einweglaken<\/strong><br \/>\nHast du deine Bettw\u00e4sche vergessen? Der Campingplatz Borepo bietet Ihnen die M\u00f6glichkeit, welche vor Ort zu erwerben.<br \/>\nEinzelbett-Set 6,00 \u20ac<br \/>\nDoppelbett-Set 8,00 \u20ac<\/li>\n<li><strong>Tiere<\/strong><br \/>\nTiere werden im Rahmen der franz\u00f6sischen Gesetzgebung und auf dem neuesten Stand der Impfungen aufgenommen.<\/li>\n<li><strong>Wohnwagenparkplatz<\/strong><br \/>\nSie k\u00f6nnen Ihren Wohnwagen das ganze Jahr \u00fcber vor Ort abstellen, er wird Ihnen bei Ihrer Ankunft zur Verf\u00fcgung gestellt.<\/li>\n<\/ul>\n<\/div><\/div><div class=\"text-image-new-colonne\"><img decoding=\"async\" src=\"https:\/\/www.campingborepo.fr\/wp-content\/uploads\/2024\/04\/emplacement-camping-herault.jpg\" alt=\"Dienstleistungen des Campingplatzes Herault\" class=\"text-image-new-thumb\" \/><\/div><\/div>","protected":false},"excerpt":{"rendered":"","protected":false},"author":5,"featured_media":10100,"parent":0,"menu_order":0,"comment_status":"closed","ping_status":"closed","template":"","meta":{"_acf_changed":false,"footnotes":""},"class_list":["post-10099","page","type-page","status-publish","has-post-thumbnail","hentry"],"acf":[],"yoast_head":"<!-- This site is optimized with the Yoast SEO plugin v27.3 - https:\/\/yoast.com\/product\/yoast-seo-wordpress\/ -->\n<title>Die Dienstleistungen Ihres Campingplatzes im H\u00e9rault<\/title>\n<meta name=\"description\" content=\"Entdecken Sie die Dienstleistungen des Campingplatzes Borepo im H\u00e9rault und buchen Sie Ihren Aufenthalt auf diesem Campingplatz.\" \/>\n<meta name=\"robots\" content=\"index, follow, max-snippet:-1, max-image-preview:large, max-video-preview:-1\" \/>\n<link rel=\"canonical\" href=\"https:\/\/www.campingborepo.fr\/de\/dienstleistungen\/\" \/>\n<meta property=\"og:locale\" content=\"de_DE\" \/>\n<meta property=\"og:type\" content=\"article\" \/>\n<meta property=\"og:title\" content=\"Die Dienstleistungen Ihres Campingplatzes im H\u00e9rault\" \/>\n<meta property=\"og:description\" content=\"Entdecken Sie die Dienstleistungen des Campingplatzes Borepo im H\u00e9rault und buchen Sie Ihren Aufenthalt auf diesem Campingplatz.\" \/>\n<meta property=\"og:url\" content=\"https:\/\/www.campingborepo.fr\/de\/dienstleistungen\/\" \/>\n<meta property=\"og:site_name\" content=\"Camping Borepo\" \/>\n<meta property=\"article:modified_time\" content=\"2024-06-26T11:53:46+00:00\" \/>\n<meta property=\"og:image\" content=\"https:\/\/www.campingborepo.fr\/wp-content\/uploads\/2022\/11\/VENTE-3-scaled.jpg\" \/>\n\t<meta property=\"og:image:width\" content=\"2560\" \/>\n\t<meta property=\"og:image:height\" content=\"1493\" \/>\n\t<meta property=\"og:image:type\" content=\"image\/jpeg\" \/>\n<meta name=\"twitter:card\" content=\"summary_large_image\" \/>\n<meta name=\"twitter:label1\" content=\"Gesch\u00e4tzte Lesezeit\" \/>\n\t<meta name=\"twitter:data1\" content=\"1\u00a0Minute\" \/>\n<script type=\"application\/ld+json\" class=\"yoast-schema-graph\">{\"@context\":\"https:\\\/\\\/schema.org\",\"@graph\":[{\"@type\":\"WebPage\",\"@id\":\"https:\\\/\\\/www.campingborepo.fr\\\/de\\\/dienstleistungen\\\/\",\"url\":\"https:\\\/\\\/www.campingborepo.fr\\\/de\\\/dienstleistungen\\\/\",\"name\":\"Die Dienstleistungen Ihres Campingplatzes im H\u00e9rault\",\"isPartOf\":{\"@id\":\"https:\\\/\\\/www.campingborepo.fr\\\/de\\\/#website\"},\"primaryImageOfPage\":{\"@id\":\"https:\\\/\\\/www.campingborepo.fr\\\/de\\\/dienstleistungen\\\/#primaryimage\"},\"image\":{\"@id\":\"https:\\\/\\\/www.campingborepo.fr\\\/de\\\/dienstleistungen\\\/#primaryimage\"},\"thumbnailUrl\":\"https:\\\/\\\/www.campingborepo.fr\\\/wp-content\\\/uploads\\\/2022\\\/11\\\/VENTE-3-scaled.jpg\",\"datePublished\":\"2024-06-26T08:42:58+00:00\",\"dateModified\":\"2024-06-26T11:53:46+00:00\",\"description\":\"Entdecken Sie die Dienstleistungen des Campingplatzes Borepo im H\u00e9rault und buchen Sie Ihren Aufenthalt auf diesem Campingplatz.\",\"breadcrumb\":{\"@id\":\"https:\\\/\\\/www.campingborepo.fr\\\/de\\\/dienstleistungen\\\/#breadcrumb\"},\"inLanguage\":\"de\",\"potentialAction\":[{\"@type\":\"ReadAction\",\"target\":[\"https:\\\/\\\/www.campingborepo.fr\\\/de\\\/dienstleistungen\\\/\"]}]},{\"@type\":\"ImageObject\",\"inLanguage\":\"de\",\"@id\":\"https:\\\/\\\/www.campingborepo.fr\\\/de\\\/dienstleistungen\\\/#primaryimage\",\"url\":\"https:\\\/\\\/www.campingborepo.fr\\\/wp-content\\\/uploads\\\/2022\\\/11\\\/VENTE-3-scaled.jpg\",\"contentUrl\":\"https:\\\/\\\/www.campingborepo.fr\\\/wp-content\\\/uploads\\\/2022\\\/11\\\/VENTE-3-scaled.jpg\",\"width\":2560,\"height\":1493},{\"@type\":\"BreadcrumbList\",\"@id\":\"https:\\\/\\\/www.campingborepo.fr\\\/de\\\/dienstleistungen\\\/#breadcrumb\",\"itemListElement\":[{\"@type\":\"ListItem\",\"position\":1,\"name\":\"Camping 3 \u00e9toiles H\u00e9rault\",\"item\":\"https:\\\/\\\/www.campingborepo.fr\\\/de\\\/\"},{\"@type\":\"ListItem\",\"position\":2,\"name\":\"Dienstleistungen\"}]},{\"@type\":\"WebSite\",\"@id\":\"https:\\\/\\\/www.campingborepo.fr\\\/de\\\/#website\",\"url\":\"https:\\\/\\\/www.campingborepo.fr\\\/de\\\/\",\"name\":\"Camping Borepo\",\"description\":\"\",\"publisher\":{\"@id\":\"https:\\\/\\\/www.campingborepo.fr\\\/de\\\/#organization\"},\"potentialAction\":[{\"@type\":\"SearchAction\",\"target\":{\"@type\":\"EntryPoint\",\"urlTemplate\":\"https:\\\/\\\/www.campingborepo.fr\\\/de\\\/?s={search_term_string}\"},\"query-input\":{\"@type\":\"PropertyValueSpecification\",\"valueRequired\":true,\"valueName\":\"search_term_string\"}}],\"inLanguage\":\"de\"},{\"@type\":\"Organization\",\"@id\":\"https:\\\/\\\/www.campingborepo.fr\\\/de\\\/#organization\",\"name\":\"Camping Borepo\",\"url\":\"https:\\\/\\\/www.campingborepo.fr\\\/de\\\/\",\"logo\":{\"@type\":\"ImageObject\",\"inLanguage\":\"de\",\"@id\":\"https:\\\/\\\/www.campingborepo.fr\\\/de\\\/#\\\/schema\\\/logo\\\/image\\\/\",\"url\":\"https:\\\/\\\/www.campingborepo.fr\\\/wp-content\\\/uploads\\\/2024\\\/01\\\/logo-nature-residences-loisirs.png\",\"contentUrl\":\"https:\\\/\\\/www.campingborepo.fr\\\/wp-content\\\/uploads\\\/2024\\\/01\\\/logo-nature-residences-loisirs.png\",\"width\":300,\"height\":134,\"caption\":\"Camping Borepo\"},\"image\":{\"@id\":\"https:\\\/\\\/www.campingborepo.fr\\\/de\\\/#\\\/schema\\\/logo\\\/image\\\/\"}}]}<\/script>\n<!-- \/ Yoast SEO plugin. -->","yoast_head_json":{"title":"Die Dienstleistungen Ihres Campingplatzes im H\u00e9rault","description":"Entdecken Sie die Dienstleistungen des Campingplatzes Borepo im H\u00e9rault und buchen Sie Ihren Aufenthalt auf diesem Campingplatz.","robots":{"index":"index","follow":"follow","max-snippet":"max-snippet:-1","max-image-preview":"max-image-preview:large","max-video-preview":"max-video-preview:-1"},"canonical":"https:\/\/www.campingborepo.fr\/de\/dienstleistungen\/","og_locale":"de_DE","og_type":"article","og_title":"Die Dienstleistungen Ihres Campingplatzes im H\u00e9rault","og_description":"Entdecken Sie die Dienstleistungen des Campingplatzes Borepo im H\u00e9rault und buchen Sie Ihren Aufenthalt auf diesem Campingplatz.","og_url":"https:\/\/www.campingborepo.fr\/de\/dienstleistungen\/","og_site_name":"Camping Borepo","article_modified_time":"2024-06-26T11:53:46+00:00","og_image":[{"width":2560,"height":1493,"url":"https:\/\/www.campingborepo.fr\/wp-content\/uploads\/2022\/11\/VENTE-3-scaled.jpg","type":"image\/jpeg"}],"twitter_card":"summary_large_image","twitter_misc":{"Gesch\u00e4tzte Lesezeit":"1\u00a0Minute"},"schema":{"@context":"https:\/\/schema.org","@graph":[{"@type":"WebPage","@id":"https:\/\/www.campingborepo.fr\/de\/dienstleistungen\/","url":"https:\/\/www.campingborepo.fr\/de\/dienstleistungen\/","name":"Die Dienstleistungen Ihres Campingplatzes im H\u00e9rault","isPartOf":{"@id":"https:\/\/www.campingborepo.fr\/de\/#website"},"primaryImageOfPage":{"@id":"https:\/\/www.campingborepo.fr\/de\/dienstleistungen\/#primaryimage"},"image":{"@id":"https:\/\/www.campingborepo.fr\/de\/dienstleistungen\/#primaryimage"},"thumbnailUrl":"https:\/\/www.campingborepo.fr\/wp-content\/uploads\/2022\/11\/VENTE-3-scaled.jpg","datePublished":"2024-06-26T08:42:58+00:00","dateModified":"2024-06-26T11:53:46+00:00","description":"Entdecken Sie die Dienstleistungen des Campingplatzes Borepo im H\u00e9rault und buchen Sie Ihren Aufenthalt auf diesem Campingplatz.","breadcrumb":{"@id":"https:\/\/www.campingborepo.fr\/de\/dienstleistungen\/#breadcrumb"},"inLanguage":"de","potentialAction":[{"@type":"ReadAction","target":["https:\/\/www.campingborepo.fr\/de\/dienstleistungen\/"]}]},{"@type":"ImageObject","inLanguage":"de","@id":"https:\/\/www.campingborepo.fr\/de\/dienstleistungen\/#primaryimage","url":"https:\/\/www.campingborepo.fr\/wp-content\/uploads\/2022\/11\/VENTE-3-scaled.jpg","contentUrl":"https:\/\/www.campingborepo.fr\/wp-content\/uploads\/2022\/11\/VENTE-3-scaled.jpg","width":2560,"height":1493},{"@type":"BreadcrumbList","@id":"https:\/\/www.campingborepo.fr\/de\/dienstleistungen\/#breadcrumb","itemListElement":[{"@type":"ListItem","position":1,"name":"Camping 3 \u00e9toiles H\u00e9rault","item":"https:\/\/www.campingborepo.fr\/de\/"},{"@type":"ListItem","position":2,"name":"Dienstleistungen"}]},{"@type":"WebSite","@id":"https:\/\/www.campingborepo.fr\/de\/#website","url":"https:\/\/www.campingborepo.fr\/de\/","name":"Camping Borepo","description":"","publisher":{"@id":"https:\/\/www.campingborepo.fr\/de\/#organization"},"potentialAction":[{"@type":"SearchAction","target":{"@type":"EntryPoint","urlTemplate":"https:\/\/www.campingborepo.fr\/de\/?s={search_term_string}"},"query-input":{"@type":"PropertyValueSpecification","valueRequired":true,"valueName":"search_term_string"}}],"inLanguage":"de"},{"@type":"Organization","@id":"https:\/\/www.campingborepo.fr\/de\/#organization","name":"Camping Borepo","url":"https:\/\/www.campingborepo.fr\/de\/","logo":{"@type":"ImageObject","inLanguage":"de","@id":"https:\/\/www.campingborepo.fr\/de\/#\/schema\/logo\/image\/","url":"https:\/\/www.campingborepo.fr\/wp-content\/uploads\/2024\/01\/logo-nature-residences-loisirs.png","contentUrl":"https:\/\/www.campingborepo.fr\/wp-content\/uploads\/2024\/01\/logo-nature-residences-loisirs.png","width":300,"height":134,"caption":"Camping Borepo"},"image":{"@id":"https:\/\/www.campingborepo.fr\/de\/#\/schema\/logo\/image\/"}}]}},"_links":{"self":[{"href":"https:\/\/www.campingborepo.fr\/de\/wp-json\/wp\/v2\/pages\/10099","targetHints":{"allow":["GET"]}}],"collection":[{"href":"https:\/\/www.campingborepo.fr\/de\/wp-json\/wp\/v2\/pages"}],"about":[{"href":"https:\/\/www.campingborepo.fr\/de\/wp-json\/wp\/v2\/types\/page"}],"author":[{"embeddable":true,"href":"https:\/\/www.campingborepo.fr\/de\/wp-json\/wp\/v2\/users\/5"}],"replies":[{"embeddable":true,"href":"https:\/\/www.campingborepo.fr\/de\/wp-json\/wp\/v2\/comments?post=10099"}],"version-history":[{"count":2,"href":"https:\/\/www.campingborepo.fr\/de\/wp-json\/wp\/v2\/pages\/10099\/revisions"}],"predecessor-version":[{"id":10108,"href":"https:\/\/www.campingborepo.fr\/de\/wp-json\/wp\/v2\/pages\/10099\/revisions\/10108"}],"wp:featuredmedia":[{"embeddable":true,"href":"https:\/\/www.campingborepo.fr\/de\/wp-json\/wp\/v2\/media\/10100"}],"wp:attachment":[{"href":"https:\/\/www.campingborepo.fr\/de\/wp-json\/wp\/v2\/media?parent=10099"}],"curies":[{"name":"wp","href":"https:\/\/api.w.org\/{rel}","templated":true}]}}